{"id":2530,"date":"2020-07-13T16:30:45","date_gmt":"2020-07-13T13:30:45","guid":{"rendered":"http:\/\/www.rettergroup.com\/?page_id=2530"},"modified":"2020-07-24T13:11:45","modified_gmt":"2020-07-24T10:11:45","slug":"zertifizierungen-mitgliedschaft","status":"publish","type":"page","link":"https:\/\/www.rettergroup.com\/de\/zertifizierungen-mitgliedschaft\/","title":{"rendered":"Zertifizierungen\/Mitgliedschaft"},"content":{"rendered":"\t\t<div data-elementor-type=\"wp-post\" data-elementor-id=\"2530\" class=\"elementor elementor-2530 elementor-1478\" data-elementor-settings=\"[]\">\n\t\t\t<div class=\"elementor-inner\">\n\t\t\t\t<div class=\"elementor-section-wrap\">\n\t\t\t\t\t\t\t<section class=\"elementor-element elementor-element-17b7848 elementor-section-boxed elementor-section-height-default elementor-section-height-default elementor-section elementor-top-section\" data-id=\"17b7848\" data-element_type=\"section\" data-settings=\"{&quot;background_background&quot;:&quot;classic&quot;}\">\n\t\t\t\t\t\t\t<div class=\"elementor-background-overlay\"><\/div>\n\t\t\t\t\t\t\t<div class=\"elementor-container elementor-column-gap-no\">\n\t\t\t\t<div class=\"elementor-row\">\n\t\t\t\t<div class=\"elementor-element elementor-element-2ff74e1 elementor-column elementor-col-25 elementor-top-column\" data-id=\"2ff74e1\" data-element_type=\"column\">\n\t\t\t<div class=\"elementor-column-wrap\">\n\t\t\t\t\t<div class=\"elementor-widget-wrap\">\n\t\t\t\t\t\t<\/div>\n\t\t\t<\/div>\n\t\t<\/div>\n\t\t\t\t<div class=\"elementor-element elementor-element-975c815 elementor-column elementor-col-50 elementor-top-column\" data-id=\"975c815\" data-element_type=\"column\">\n\t\t\t<div class=\"elementor-column-wrap  elementor-element-populated\">\n\t\t\t\t\t<div class=\"elementor-widget-wrap\">\n\t\t\t\t<div class=\"elementor-element elementor-element-78c0184 elementor-widget elementor-widget-spacer\" data-id=\"78c0184\" data-element_type=\"widget\" data-widget_type=\"spacer.default\">\n\t\t\t\t<div class=\"elementor-widget-container\">\n\t\t\t\t\t<div class=\"elementor-spacer\">\n\t\t\t<div class=\"elementor-spacer-inner\"><\/div>\n\t\t<\/div>\n\t\t\t\t<\/div>\n\t\t\t\t<\/div>\n\t\t\t\t<div class=\"elementor-element elementor-element-55c7528 elementor-widget elementor-widget-heading\" data-id=\"55c7528\" data-element_type=\"widget\" data-widget_type=\"heading.default\">\n\t\t\t\t<div class=\"elementor-widget-container\">\n\t\t\t<h1 class=\"elementor-heading-title elementor-size-default\">Zertifizierungen\/Mitgliedschaft<\/h1>\t\t<\/div>\n\t\t\t\t<\/div>\n\t\t\t\t<div class=\"elementor-element elementor-element-5a1e22e elementor-widget elementor-widget-spacer\" data-id=\"5a1e22e\" data-element_type=\"widget\" data-widget_type=\"spacer.default\">\n\t\t\t\t<div class=\"elementor-widget-container\">\n\t\t\t\t\t<div class=\"elementor-spacer\">\n\t\t\t<div class=\"elementor-spacer-inner\"><\/div>\n\t\t<\/div>\n\t\t\t\t<\/div>\n\t\t\t\t<\/div>\n\t\t\t\t\t\t<\/div>\n\t\t\t<\/div>\n\t\t<\/div>\n\t\t\t\t<div class=\"elementor-element elementor-element-5bc345c elementor-column elementor-col-25 elementor-top-column\" data-id=\"5bc345c\" data-element_type=\"column\">\n\t\t\t<div class=\"elementor-column-wrap\">\n\t\t\t\t\t<div class=\"elementor-widget-wrap\">\n\t\t\t\t\t\t<\/div>\n\t\t\t<\/div>\n\t\t<\/div>\n\t\t\t\t\t\t<\/div>\n\t\t\t<\/div>\n\t\t<\/section>\n\t\t\t\t<section class=\"elementor-element elementor-element-748f1964 elementor-section-boxed elementor-section-height-default elementor-section-height-default elementor-section elementor-top-section\" data-id=\"748f1964\" data-element_type=\"section\">\n\t\t\t\t\t\t<div class=\"elementor-container elementor-column-gap-default\">\n\t\t\t\t<div class=\"elementor-row\">\n\t\t\t\t<div class=\"elementor-element elementor-element-664edf4a elementor-column elementor-col-100 elementor-top-column\" data-id=\"664edf4a\" data-element_type=\"column\">\n\t\t\t<div class=\"elementor-column-wrap  elementor-element-populated\">\n\t\t\t\t\t<div class=\"elementor-widget-wrap\">\n\t\t\t\t<div class=\"elementor-element elementor-element-8eefb71 elementor-widget elementor-widget-spacer\" data-id=\"8eefb71\" data-element_type=\"widget\" data-widget_type=\"spacer.default\">\n\t\t\t\t<div class=\"elementor-widget-container\">\n\t\t\t\t\t<div class=\"elementor-spacer\">\n\t\t\t<div class=\"elementor-spacer-inner\"><\/div>\n\t\t<\/div>\n\t\t\t\t<\/div>\n\t\t\t\t<\/div>\n\t\t\t\t<div class=\"elementor-element elementor-element-53abb289 elementor-widget elementor-widget-text-editor\" data-id=\"53abb289\" data-element_type=\"widget\" data-widget_type=\"text-editor.default\">\n\t\t\t\t<div class=\"elementor-widget-container\">\n\t\t\t\t\t<div class=\"elementor-text-editor elementor-clearfix\"><h2>Qualit\u00e4tssicherung<\/h2><p>Die RETTER Gruppe k\u00fcmmert sich aktiv um die Qualit\u00e4tssicherung.<\/p><p>Unsere hohen Qualit\u00e4tsstandards werden von akkreditierten nationalen und internationalen Zertifizierungsstellen \u00fcberwacht und werden durch Einhaltung der offiziellen Standards erhalten, um die Zufriedenheit der Kunden durch Lieferung entsprechender Produkte und Dienstleistungen sicherzustellen.<\/p><h2>Unsere Zertifikate:<\/h2><\/div>\n\t\t\t\t<\/div>\n\t\t\t\t<\/div>\n\t\t\t\t\t\t<\/div>\n\t\t\t<\/div>\n\t\t<\/div>\n\t\t\t\t\t\t<\/div>\n\t\t\t<\/div>\n\t\t<\/section>\n\t\t\t\t<section class=\"elementor-element elementor-element-b3eaa6d elementor-section-boxed elementor-section-height-default elementor-section-height-default elementor-section elementor-top-section\" data-id=\"b3eaa6d\" data-element_type=\"section\">\n\t\t\t\t\t\t<div class=\"elementor-container elementor-column-gap-default\">\n\t\t\t\t<div class=\"elementor-row\">\n\t\t\t\t<div class=\"elementor-element elementor-element-e0d2627 elementor-column elementor-col-50 elementor-top-column\" data-id=\"e0d2627\" data-element_type=\"column\">\n\t\t\t<div class=\"elementor-column-wrap  elementor-element-populated\">\n\t\t\t\t\t<div class=\"elementor-widget-wrap\">\n\t\t\t\t<div class=\"elementor-element elementor-element-c68e7d4 elementor-widget elementor-widget-button\" data-id=\"c68e7d4\" data-element_type=\"widget\" data-widget_type=\"button.default\">\n\t\t\t\t<div class=\"elementor-widget-container\">\n\t\t\t\t\t<div class=\"elementor-button-wrapper\">\n\t\t\t<a href=\"#\" class=\"elementor-button-link elementor-button elementor-size-xs\" role=\"button\">\n\t\t\t\t\t\t<span class=\"elementor-button-content-wrapper\">\n\t\t\t\t\t\t<span class=\"elementor-button-icon elementor-align-icon-left\">\n\t\t\t\t<i aria-hidden=\"true\" class=\"fas fa-file-pdf\"><\/i>\t\t\t<\/span>\n\t\t\t\t\t\t<span class=\"elementor-button-text\">ISO 14001-2015 (11\/2021)<\/span>\n\t\t<\/span>\n\t\t\t\t\t<\/a>\n\t\t<\/div>\n\t\t\t\t<\/div>\n\t\t\t\t<\/div>\n\t\t\t\t<section class=\"elementor-element elementor-element-c9f466f elementor-section-boxed elementor-section-height-default elementor-section-height-default elementor-section elementor-inner-section\" data-id=\"c9f466f\" data-element_type=\"section\">\n\t\t\t\t\t\t<div class=\"elementor-container elementor-column-gap-default\">\n\t\t\t\t<div class=\"elementor-row\">\n\t\t\t\t<div class=\"elementor-element elementor-element-0bb2f3b elementor-column elementor-col-50 elementor-inner-column\" data-id=\"0bb2f3b\" data-element_type=\"column\">\n\t\t\t<div class=\"elementor-column-wrap  elementor-element-populated\">\n\t\t\t\t\t<div class=\"elementor-widget-wrap\">\n\t\t\t\t<div class=\"elementor-element elementor-element-62e7614 elementor-widget elementor-widget-text-editor\" data-id=\"62e7614\" data-element_type=\"widget\" data-widget_type=\"text-editor.default\">\n\t\t\t\t<div class=\"elementor-widget-container\">\n\t\t\t\t\t<div class=\"elementor-text-editor elementor-clearfix\"><p style=\"text-align: center;\"><a href=\"https:\/\/www.rettergroup.com\/wp-content\/uploads\/2019\/09\/ISO-14001-2015-RO-valabilitate-11.2021.pdf\">RO<\/a><\/p><\/div>\n\t\t\t\t<\/div>\n\t\t\t\t<\/div>\n\t\t\t\t\t\t<\/div>\n\t\t\t<\/div>\n\t\t<\/div>\n\t\t\t\t<div class=\"elementor-element elementor-element-c826661 elementor-column elementor-col-50 elementor-inner-column\" data-id=\"c826661\" data-element_type=\"column\">\n\t\t\t<div class=\"elementor-column-wrap  elementor-element-populated\">\n\t\t\t\t\t<div class=\"elementor-widget-wrap\">\n\t\t\t\t<div class=\"elementor-element elementor-element-33c1d9c elementor-widget elementor-widget-text-editor\" data-id=\"33c1d9c\" data-element_type=\"widget\" data-widget_type=\"text-editor.default\">\n\t\t\t\t<div class=\"elementor-widget-container\">\n\t\t\t\t\t<div class=\"elementor-text-editor elementor-clearfix\"><p><a href=\"https:\/\/www.rettergroup.com\/wp-content\/uploads\/2019\/09\/ISO-14001-2015-EN-valabilitate-11.2021.pdf\">EN<\/a><\/p><\/div>\n\t\t\t\t<\/div>\n\t\t\t\t<\/div>\n\t\t\t\t\t\t<\/div>\n\t\t\t<\/div>\n\t\t<\/div>\n\t\t\t\t\t\t<\/div>\n\t\t\t<\/div>\n\t\t<\/section>\n\t\t\t\t<div class=\"elementor-element elementor-element-9c3b823 elementor-widget elementor-widget-button\" data-id=\"9c3b823\" data-element_type=\"widget\" data-widget_type=\"button.default\">\n\t\t\t\t<div class=\"elementor-widget-container\">\n\t\t\t\t\t<div class=\"elementor-button-wrapper\">\n\t\t\t<a href=\"#\" class=\"elementor-button-link elementor-button elementor-size-xs\" role=\"button\">\n\t\t\t\t\t\t<span class=\"elementor-button-content-wrapper\">\n\t\t\t\t\t\t<span class=\"elementor-button-icon elementor-align-icon-left\">\n\t\t\t\t<i aria-hidden=\"true\" class=\"fas fa-file-pdf\"><\/i>\t\t\t<\/span>\n\t\t\t\t\t\t<span class=\"elementor-button-text\">ISO BS OHSAS 18001-2007 (03\/2021)<\/span>\n\t\t<\/span>\n\t\t\t\t\t<\/a>\n\t\t<\/div>\n\t\t\t\t<\/div>\n\t\t\t\t<\/div>\n\t\t\t\t<section class=\"elementor-element elementor-element-c125ba0 elementor-section-boxed elementor-section-height-default elementor-section-height-default elementor-section elementor-inner-section\" data-id=\"c125ba0\" data-element_type=\"section\">\n\t\t\t\t\t\t<div class=\"elementor-container elementor-column-gap-default\">\n\t\t\t\t<div class=\"elementor-row\">\n\t\t\t\t<div class=\"elementor-element elementor-element-b50a352 elementor-column elementor-col-50 elementor-inner-column\" data-id=\"b50a352\" data-element_type=\"column\">\n\t\t\t<div class=\"elementor-column-wrap  elementor-element-populated\">\n\t\t\t\t\t<div class=\"elementor-widget-wrap\">\n\t\t\t\t<div class=\"elementor-element elementor-element-dc77115 elementor-widget elementor-widget-text-editor\" data-id=\"dc77115\" data-element_type=\"widget\" data-widget_type=\"text-editor.default\">\n\t\t\t\t<div class=\"elementor-widget-container\">\n\t\t\t\t\t<div class=\"elementor-text-editor elementor-clearfix\"><p style=\"text-align: center;\"><a href=\"https:\/\/www.rettergroup.com\/wp-content\/uploads\/2019\/09\/ISO-BS-OHSAS-18001-2007-RO-valabilitate-03.2021.pdf\">RO<\/a><\/p><\/div>\n\t\t\t\t<\/div>\n\t\t\t\t<\/div>\n\t\t\t\t\t\t<\/div>\n\t\t\t<\/div>\n\t\t<\/div>\n\t\t\t\t<div class=\"elementor-element elementor-element-97f46df elementor-column elementor-col-50 elementor-inner-column\" data-id=\"97f46df\" data-element_type=\"column\">\n\t\t\t<div class=\"elementor-column-wrap  elementor-element-populated\">\n\t\t\t\t\t<div class=\"elementor-widget-wrap\">\n\t\t\t\t<div class=\"elementor-element elementor-element-af655fc elementor-widget elementor-widget-text-editor\" data-id=\"af655fc\" data-element_type=\"widget\" data-widget_type=\"text-editor.default\">\n\t\t\t\t<div class=\"elementor-widget-container\">\n\t\t\t\t\t<div class=\"elementor-text-editor elementor-clearfix\"><p><a href=\"https:\/\/www.rettergroup.com\/wp-content\/uploads\/2019\/09\/ISO-BS-OHSAS-18001-2007-EN-valabilitate-03.2021.pdf\">EN<\/a><\/p><\/div>\n\t\t\t\t<\/div>\n\t\t\t\t<\/div>\n\t\t\t\t\t\t<\/div>\n\t\t\t<\/div>\n\t\t<\/div>\n\t\t\t\t\t\t<\/div>\n\t\t\t<\/div>\n\t\t<\/section>\n\t\t\t\t<div class=\"elementor-element elementor-element-fcc0043 elementor-widget elementor-widget-button\" data-id=\"fcc0043\" data-element_type=\"widget\" data-widget_type=\"button.default\">\n\t\t\t\t<div class=\"elementor-widget-container\">\n\t\t\t\t\t<div class=\"elementor-button-wrapper\">\n\t\t\t<a href=\"#\" class=\"elementor-button-link elementor-button elementor-size-xs\" role=\"button\">\n\t\t\t\t\t\t<span class=\"elementor-button-content-wrapper\">\n\t\t\t\t\t\t<span class=\"elementor-button-icon elementor-align-icon-left\">\n\t\t\t\t<i aria-hidden=\"true\" class=\"fas fa-file-pdf\"><\/i>\t\t\t<\/span>\n\t\t\t\t\t\t<span class=\"elementor-button-text\">ISO 9001-2015 (11\/2021)<\/span>\n\t\t<\/span>\n\t\t\t\t\t<\/a>\n\t\t<\/div>\n\t\t\t\t<\/div>\n\t\t\t\t<\/div>\n\t\t\t\t<section class=\"elementor-element elementor-element-d8b80d5 elementor-section-boxed elementor-section-height-default elementor-section-height-default elementor-section elementor-inner-section\" data-id=\"d8b80d5\" data-element_type=\"section\">\n\t\t\t\t\t\t<div class=\"elementor-container elementor-column-gap-default\">\n\t\t\t\t<div class=\"elementor-row\">\n\t\t\t\t<div class=\"elementor-element elementor-element-4d0c929 elementor-column elementor-col-50 elementor-inner-column\" data-id=\"4d0c929\" data-element_type=\"column\">\n\t\t\t<div class=\"elementor-column-wrap  elementor-element-populated\">\n\t\t\t\t\t<div class=\"elementor-widget-wrap\">\n\t\t\t\t<div class=\"elementor-element elementor-element-dbd4329 elementor-widget elementor-widget-text-editor\" data-id=\"dbd4329\" data-element_type=\"widget\" data-widget_type=\"text-editor.default\">\n\t\t\t\t<div class=\"elementor-widget-container\">\n\t\t\t\t\t<div class=\"elementor-text-editor elementor-clearfix\"><p style=\"text-align: center;\"><a href=\"https:\/\/www.rettergroup.com\/wp-content\/uploads\/2019\/09\/ISO-9001-2015-RO-valabilitate-11.2021.pdf\">RO<\/a><\/p><\/div>\n\t\t\t\t<\/div>\n\t\t\t\t<\/div>\n\t\t\t\t\t\t<\/div>\n\t\t\t<\/div>\n\t\t<\/div>\n\t\t\t\t<div class=\"elementor-element elementor-element-4bfbe9b elementor-column elementor-col-50 elementor-inner-column\" data-id=\"4bfbe9b\" data-element_type=\"column\">\n\t\t\t<div class=\"elementor-column-wrap  elementor-element-populated\">\n\t\t\t\t\t<div class=\"elementor-widget-wrap\">\n\t\t\t\t<div class=\"elementor-element elementor-element-5710038 elementor-widget elementor-widget-text-editor\" data-id=\"5710038\" data-element_type=\"widget\" data-widget_type=\"text-editor.default\">\n\t\t\t\t<div class=\"elementor-widget-container\">\n\t\t\t\t\t<div class=\"elementor-text-editor elementor-clearfix\"><p><a href=\"https:\/\/www.rettergroup.com\/wp-content\/uploads\/2019\/09\/ISO-9001-2015-EN-valabilitate-11.2021.pdf\">EN<\/a><\/p><\/div>\n\t\t\t\t<\/div>\n\t\t\t\t<\/div>\n\t\t\t\t\t\t<\/div>\n\t\t\t<\/div>\n\t\t<\/div>\n\t\t\t\t\t\t<\/div>\n\t\t\t<\/div>\n\t\t<\/section>\n\t\t\t\t\t\t<\/div>\n\t\t\t<\/div>\n\t\t<\/div>\n\t\t\t\t<div class=\"elementor-element elementor-element-81185da elementor-column elementor-col-50 elementor-top-column\" data-id=\"81185da\" data-element_type=\"column\">\n\t\t\t<div class=\"elementor-column-wrap  elementor-element-populated\">\n\t\t\t\t\t<div class=\"elementor-widget-wrap\">\n\t\t\t\t<div class=\"elementor-element elementor-element-20c9f5e elementor-widget elementor-widget-button\" data-id=\"20c9f5e\" data-element_type=\"widget\" data-widget_type=\"button.default\">\n\t\t\t\t<div class=\"elementor-widget-container\">\n\t\t\t\t\t<div class=\"elementor-button-wrapper\">\n\t\t\t<a href=\"https:\/\/www.rettergroup.com\/wp-content\/uploads\/2020\/04\/Autorizatie-AFER-Retter-Projectmanagement.pdf\" class=\"elementor-button-link elementor-button elementor-size-xs\" role=\"button\">\n\t\t\t\t\t\t<span class=\"elementor-button-content-wrapper\">\n\t\t\t\t\t\t<span class=\"elementor-button-icon elementor-align-icon-left\">\n\t\t\t\t<i aria-hidden=\"true\" class=\"fas fa-file-pdf\"><\/i>\t\t\t<\/span>\n\t\t\t\t\t\t<span class=\"elementor-button-text\">AFER-Genehmigung<\/span>\n\t\t<\/span>\n\t\t\t\t\t<\/a>\n\t\t<\/div>\n\t\t\t\t<\/div>\n\t\t\t\t<\/div>\n\t\t\t\t<div class=\"elementor-element elementor-element-b97ef91 elementor-widget elementor-widget-button\" data-id=\"b97ef91\" data-element_type=\"widget\" data-widget_type=\"button.default\">\n\t\t\t\t<div class=\"elementor-widget-container\">\n\t\t\t\t\t<div class=\"elementor-button-wrapper\">\n\t\t\t<a href=\"https:\/\/www.rettergroup.com\/wp-content\/uploads\/2020\/04\/Agrement-tehnic-feroviar-RPM.pdf\" class=\"elementor-button-link elementor-button elementor-size-xs\" role=\"button\">\n\t\t\t\t\t\t<span class=\"elementor-button-content-wrapper\">\n\t\t\t\t\t\t<span class=\"elementor-button-icon elementor-align-icon-left\">\n\t\t\t\t<i aria-hidden=\"true\" class=\"fas fa-file-pdf\"><\/i>\t\t\t<\/span>\n\t\t\t\t\t\t<span class=\"elementor-button-text\">Technische Bahnvereinbarung (12\/2020)<\/span>\n\t\t<\/span>\n\t\t\t\t\t<\/a>\n\t\t<\/div>\n\t\t\t\t<\/div>\n\t\t\t\t<\/div>\n\t\t\t\t\t\t<\/div>\n\t\t\t<\/div>\n\t\t<\/div>\n\t\t\t\t\t\t<\/div>\n\t\t\t<\/div>\n\t\t<\/section>\n\t\t\t\t\t\t<\/div>\n\t\t\t<\/div>\n\t\t<\/div>\n\t\t","protected":false},"excerpt":{"rendered":"<p>Zertifizierungen\/Mitgliedschaft Qualit\u00e4tssicherung Die RETTER Gruppe k\u00fcmmert sich aktiv um die Qualit\u00e4tssicherung. Unsere hohen Qualit\u00e4tsstandards werden von akkreditierten nationalen und internationalen&#8230;<\/p>\n","protected":false},"author":7,"featured_media":0,"parent":0,"menu_order":0,"comment_status":"closed","ping_status":"closed","template":"","meta":{"footnotes":""},"class_list":["post-2530","page","type-page","status-publish","hentry"],"yoast_head":"<!-- This site is optimized with the Yoast SEO plugin v26.8 - https:\/\/yoast.com\/product\/yoast-seo-wordpress\/ -->\n<title>Zertifizierungen\/Mitgliedschaft - Retter<\/title>\n<meta name=\"robots\" content=\"index, follow, max-snippet:-1, max-image-preview:large, max-video-preview:-1\" \/>\n<link rel=\"canonical\" href=\"https:\/\/www.rettergroup.com\/de\/zertifizierungen-mitgliedschaft\/\" \/>\n<meta property=\"og:locale\" content=\"de_DE\" \/>\n<meta property=\"og:type\" content=\"article\" \/>\n<meta property=\"og:title\" content=\"Zertifizierungen\/Mitgliedschaft - Retter\" \/>\n<meta property=\"og:description\" content=\"Zertifizierungen\/Mitgliedschaft Qualit\u00e4tssicherung Die RETTER Gruppe k\u00fcmmert sich aktiv um die Qualit\u00e4tssicherung. Unsere hohen Qualit\u00e4tsstandards werden von akkreditierten nationalen und internationalen...\" \/>\n<meta property=\"og:url\" content=\"https:\/\/www.rettergroup.com\/de\/zertifizierungen-mitgliedschaft\/\" \/>\n<meta property=\"og:site_name\" content=\"Retter\" \/>\n<meta property=\"article:modified_time\" content=\"2020-07-24T10:11:45+00:00\" \/>\n<meta name=\"twitter:card\" content=\"summary_large_image\" \/>\n<script type=\"application\/ld+json\" class=\"yoast-schema-graph\">{\"@context\":\"https:\/\/schema.org\",\"@graph\":[{\"@type\":\"WebPage\",\"@id\":\"https:\/\/www.rettergroup.com\/de\/zertifizierungen-mitgliedschaft\/\",\"url\":\"https:\/\/www.rettergroup.com\/de\/zertifizierungen-mitgliedschaft\/\",\"name\":\"Zertifizierungen\/Mitgliedschaft - Retter\",\"isPartOf\":{\"@id\":\"https:\/\/www.rettergroup.com\/de\/#website\"},\"datePublished\":\"2020-07-13T13:30:45+00:00\",\"dateModified\":\"2020-07-24T10:11:45+00:00\",\"breadcrumb\":{\"@id\":\"https:\/\/www.rettergroup.com\/de\/zertifizierungen-mitgliedschaft\/#breadcrumb\"},\"inLanguage\":\"de\",\"potentialAction\":[{\"@type\":\"ReadAction\",\"target\":[\"https:\/\/www.rettergroup.com\/de\/zertifizierungen-mitgliedschaft\/\"]}]},{\"@type\":\"BreadcrumbList\",\"@id\":\"https:\/\/www.rettergroup.com\/de\/zertifizierungen-mitgliedschaft\/#breadcrumb\",\"itemListElement\":[{\"@type\":\"ListItem\",\"position\":1,\"name\":\"Home\",\"item\":\"https:\/\/www.rettergroup.com\/de\/\"},{\"@type\":\"ListItem\",\"position\":2,\"name\":\"Zertifizierungen\/Mitgliedschaft\"}]},{\"@type\":\"WebSite\",\"@id\":\"https:\/\/www.rettergroup.com\/de\/#website\",\"url\":\"https:\/\/www.rettergroup.com\/de\/\",\"name\":\"Retter\",\"description\":\"Misiunea noastr\u0103 este calitatea\",\"potentialAction\":[{\"@type\":\"SearchAction\",\"target\":{\"@type\":\"EntryPoint\",\"urlTemplate\":\"https:\/\/www.rettergroup.com\/de\/?s={search_term_string}\"},\"query-input\":{\"@type\":\"PropertyValueSpecification\",\"valueRequired\":true,\"valueName\":\"search_term_string\"}}],\"inLanguage\":\"de\"}]}<\/script>\n<!-- \/ Yoast SEO plugin. -->","yoast_head_json":{"title":"Zertifizierungen\/Mitgliedschaft - Retter","robots":{"index":"index","follow":"follow","max-snippet":"max-snippet:-1","max-image-preview":"max-image-preview:large","max-video-preview":"max-video-preview:-1"},"canonical":"https:\/\/www.rettergroup.com\/de\/zertifizierungen-mitgliedschaft\/","og_locale":"de_DE","og_type":"article","og_title":"Zertifizierungen\/Mitgliedschaft - Retter","og_description":"Zertifizierungen\/Mitgliedschaft Qualit\u00e4tssicherung Die RETTER Gruppe k\u00fcmmert sich aktiv um die Qualit\u00e4tssicherung. Unsere hohen Qualit\u00e4tsstandards werden von akkreditierten nationalen und internationalen...","og_url":"https:\/\/www.rettergroup.com\/de\/zertifizierungen-mitgliedschaft\/","og_site_name":"Retter","article_modified_time":"2020-07-24T10:11:45+00:00","twitter_card":"summary_large_image","schema":{"@context":"https:\/\/schema.org","@graph":[{"@type":"WebPage","@id":"https:\/\/www.rettergroup.com\/de\/zertifizierungen-mitgliedschaft\/","url":"https:\/\/www.rettergroup.com\/de\/zertifizierungen-mitgliedschaft\/","name":"Zertifizierungen\/Mitgliedschaft - Retter","isPartOf":{"@id":"https:\/\/www.rettergroup.com\/de\/#website"},"datePublished":"2020-07-13T13:30:45+00:00","dateModified":"2020-07-24T10:11:45+00:00","breadcrumb":{"@id":"https:\/\/www.rettergroup.com\/de\/zertifizierungen-mitgliedschaft\/#breadcrumb"},"inLanguage":"de","potentialAction":[{"@type":"ReadAction","target":["https:\/\/www.rettergroup.com\/de\/zertifizierungen-mitgliedschaft\/"]}]},{"@type":"BreadcrumbList","@id":"https:\/\/www.rettergroup.com\/de\/zertifizierungen-mitgliedschaft\/#breadcrumb","itemListElement":[{"@type":"ListItem","position":1,"name":"Home","item":"https:\/\/www.rettergroup.com\/de\/"},{"@type":"ListItem","position":2,"name":"Zertifizierungen\/Mitgliedschaft"}]},{"@type":"WebSite","@id":"https:\/\/www.rettergroup.com\/de\/#website","url":"https:\/\/www.rettergroup.com\/de\/","name":"Retter","description":"Misiunea noastr\u0103 este calitatea","potentialAction":[{"@type":"SearchAction","target":{"@type":"EntryPoint","urlTemplate":"https:\/\/www.rettergroup.com\/de\/?s={search_term_string}"},"query-input":{"@type":"PropertyValueSpecification","valueRequired":true,"valueName":"search_term_string"}}],"inLanguage":"de"}]}},"_links":{"self":[{"href":"https:\/\/www.rettergroup.com\/de\/wp-json\/wp\/v2\/pages\/2530","targetHints":{"allow":["GET"]}}],"collection":[{"href":"https:\/\/www.rettergroup.com\/de\/wp-json\/wp\/v2\/pages"}],"about":[{"href":"https:\/\/www.rettergroup.com\/de\/wp-json\/wp\/v2\/types\/page"}],"author":[{"embeddable":true,"href":"https:\/\/www.rettergroup.com\/de\/wp-json\/wp\/v2\/users\/7"}],"replies":[{"embeddable":true,"href":"https:\/\/www.rettergroup.com\/de\/wp-json\/wp\/v2\/comments?post=2530"}],"version-history":[{"count":9,"href":"https:\/\/www.rettergroup.com\/de\/wp-json\/wp\/v2\/pages\/2530\/revisions"}],"predecessor-version":[{"id":3154,"href":"https:\/\/www.rettergroup.com\/de\/wp-json\/wp\/v2\/pages\/2530\/revisions\/3154"}],"wp:attachment":[{"href":"https:\/\/www.rettergroup.com\/de\/wp-json\/wp\/v2\/media?parent=2530"}],"curies":[{"name":"wp","href":"https:\/\/api.w.org\/{rel}","templated":true}]}}