{"id":2595,"date":"2020-07-13T16:34:52","date_gmt":"2020-07-13T13:34:52","guid":{"rendered":"http:\/\/www.rettergroup.com\/?page_id=2595"},"modified":"2020-07-24T12:11:14","modified_gmt":"2020-07-24T09:11:14","slug":"uber-uns","status":"publish","type":"page","link":"https:\/\/www.rettergroup.com\/de\/uber-uns\/","title":{"rendered":"\u00dcber uns"},"content":{"rendered":"\t\t<div data-elementor-type=\"wp-post\" data-elementor-id=\"2595\" class=\"elementor elementor-2595 elementor-13\" data-elementor-settings=\"[]\">\n\t\t\t<div class=\"elementor-inner\">\n\t\t\t\t<div class=\"elementor-section-wrap\">\n\t\t\t\t\t\t\t<section class=\"elementor-element elementor-element-e0d1a3d elementor-section-boxed elementor-section-height-default elementor-section-height-default elementor-section elementor-top-section\" data-id=\"e0d1a3d\" data-element_type=\"section\" data-settings=\"{&quot;background_background&quot;:&quot;classic&quot;}\">\n\t\t\t\t\t\t\t<div class=\"elementor-background-overlay\"><\/div>\n\t\t\t\t\t\t\t<div class=\"elementor-container elementor-column-gap-no\">\n\t\t\t\t<div class=\"elementor-row\">\n\t\t\t\t<div class=\"elementor-element elementor-element-725aeb6 elementor-column elementor-col-100 elementor-top-column\" data-id=\"725aeb6\" data-element_type=\"column\">\n\t\t\t<div class=\"elementor-column-wrap  elementor-element-populated\">\n\t\t\t\t\t<div class=\"elementor-widget-wrap\">\n\t\t\t\t<section class=\"elementor-element elementor-element-3ea6f35 elementor-section-boxed elementor-section-height-default elementor-section-height-default elementor-section elementor-inner-section\" data-id=\"3ea6f35\" data-element_type=\"section\">\n\t\t\t\t\t\t<div class=\"elementor-container elementor-column-gap-default\">\n\t\t\t\t<div class=\"elementor-row\">\n\t\t\t\t<div class=\"elementor-element elementor-element-c89a9c3 elementor-column elementor-col-33 elementor-inner-column\" data-id=\"c89a9c3\" data-element_type=\"column\">\n\t\t\t<div class=\"elementor-column-wrap\">\n\t\t\t\t\t<div class=\"elementor-widget-wrap\">\n\t\t\t\t\t\t<\/div>\n\t\t\t<\/div>\n\t\t<\/div>\n\t\t\t\t<div class=\"elementor-element elementor-element-bbfc2d5 elementor-column elementor-col-33 elementor-inner-column\" data-id=\"bbfc2d5\" data-element_type=\"column\">\n\t\t\t<div class=\"elementor-column-wrap  elementor-element-populated\">\n\t\t\t\t\t<div class=\"elementor-widget-wrap\">\n\t\t\t\t<div class=\"elementor-element elementor-element-60cc432 elementor-widget elementor-widget-spacer\" data-id=\"60cc432\" data-element_type=\"widget\" data-widget_type=\"spacer.default\">\n\t\t\t\t<div class=\"elementor-widget-container\">\n\t\t\t\t\t<div class=\"elementor-spacer\">\n\t\t\t<div class=\"elementor-spacer-inner\"><\/div>\n\t\t<\/div>\n\t\t\t\t<\/div>\n\t\t\t\t<\/div>\n\t\t\t\t<div class=\"elementor-element elementor-element-d66d3d2 elementor-widget elementor-widget-heading\" data-id=\"d66d3d2\" data-element_type=\"widget\" data-widget_type=\"heading.default\">\n\t\t\t\t<div class=\"elementor-widget-container\">\n\t\t\t<h1 class=\"elementor-heading-title elementor-size-default\">\u00dcber uns<\/h1>\t\t<\/div>\n\t\t\t\t<\/div>\n\t\t\t\t<div class=\"elementor-element elementor-element-41dd061 elementor-widget elementor-widget-spacer\" data-id=\"41dd061\" data-element_type=\"widget\" data-widget_type=\"spacer.default\">\n\t\t\t\t<div class=\"elementor-widget-container\">\n\t\t\t\t\t<div class=\"elementor-spacer\">\n\t\t\t<div class=\"elementor-spacer-inner\"><\/div>\n\t\t<\/div>\n\t\t\t\t<\/div>\n\t\t\t\t<\/div>\n\t\t\t\t\t\t<\/div>\n\t\t\t<\/div>\n\t\t<\/div>\n\t\t\t\t<div class=\"elementor-element elementor-element-3a537f3 elementor-column elementor-col-33 elementor-inner-column\" data-id=\"3a537f3\" data-element_type=\"column\">\n\t\t\t<div class=\"elementor-column-wrap\">\n\t\t\t\t\t<div class=\"elementor-widget-wrap\">\n\t\t\t\t\t\t<\/div>\n\t\t\t<\/div>\n\t\t<\/div>\n\t\t\t\t\t\t<\/div>\n\t\t\t<\/div>\n\t\t<\/section>\n\t\t\t\t\t\t<\/div>\n\t\t\t<\/div>\n\t\t<\/div>\n\t\t\t\t\t\t<\/div>\n\t\t\t<\/div>\n\t\t<\/section>\n\t\t\t\t<section class=\"elementor-element elementor-element-66f9efc elementor-section-boxed elementor-section-height-default elementor-section-height-default elementor-section elementor-top-section\" data-id=\"66f9efc\" data-element_type=\"section\">\n\t\t\t\t\t\t<div class=\"elementor-container elementor-column-gap-default\">\n\t\t\t\t<div class=\"elementor-row\">\n\t\t\t\t<div class=\"elementor-element elementor-element-2b99533 elementor-column elementor-col-100 elementor-top-column\" data-id=\"2b99533\" data-element_type=\"column\">\n\t\t\t<div class=\"elementor-column-wrap  elementor-element-populated\">\n\t\t\t\t\t<div class=\"elementor-widget-wrap\">\n\t\t\t\t<div class=\"elementor-element elementor-element-a6dbbbd elementor-widget elementor-widget-spacer\" data-id=\"a6dbbbd\" data-element_type=\"widget\" data-widget_type=\"spacer.default\">\n\t\t\t\t<div class=\"elementor-widget-container\">\n\t\t\t\t\t<div class=\"elementor-spacer\">\n\t\t\t<div class=\"elementor-spacer-inner\"><\/div>\n\t\t<\/div>\n\t\t\t\t<\/div>\n\t\t\t\t<\/div>\n\t\t\t\t\t\t<\/div>\n\t\t\t<\/div>\n\t\t<\/div>\n\t\t\t\t\t\t<\/div>\n\t\t\t<\/div>\n\t\t<\/section>\n\t\t\t\t<section class=\"elementor-element elementor-element-1e34bf5 elementor-section-boxed elementor-section-height-default elementor-section-height-default elementor-section elementor-top-section\" data-id=\"1e34bf5\" data-element_type=\"section\">\n\t\t\t\t\t\t<div class=\"elementor-container elementor-column-gap-default\">\n\t\t\t\t<div class=\"elementor-row\">\n\t\t\t\t<div class=\"elementor-element elementor-element-e7f1404 elementor-column elementor-col-100 elementor-top-column\" data-id=\"e7f1404\" data-element_type=\"column\">\n\t\t\t<div class=\"elementor-column-wrap  elementor-element-populated\">\n\t\t\t\t\t<div class=\"elementor-widget-wrap\">\n\t\t\t\t<div class=\"elementor-element elementor-element-af77daa elementor-widget elementor-widget-text-editor\" data-id=\"af77daa\" data-element_type=\"widget\" data-widget_type=\"text-editor.default\">\n\t\t\t\t<div class=\"elementor-widget-container\">\n\t\t\t\t\t<div class=\"elementor-text-editor elementor-clearfix\"><p><span lang=\"de-DE\">Aus einem k\u00fchnen Traum eines jungen Gesch\u00e4ftsmannes, dar im Jahre 2006 auf Papier gebracht wurde, entwickelt sich die RETTER-Gruppe. Im Laufe der Zeit wurde die RETTER-Gruppe zu einer Marke, welche die vollst\u00e4ndige Palette an Baudienstleistungen vereint. Die Leistungen im Projektmanagement haben das Unternehmen gef\u00f6rdert und unterst\u00fctzt und heute ist die RETTER-Gruppe ein Top-Unternehmen auf dem rum\u00e4nischen Markt, das komplexe und innovative Projekte zu h\u00f6chsten Standards ausfuhren kann.<\/span><\/p><\/div>\n\t\t\t\t<\/div>\n\t\t\t\t<\/div>\n\t\t\t\t\t\t<\/div>\n\t\t\t<\/div>\n\t\t<\/div>\n\t\t\t\t\t\t<\/div>\n\t\t\t<\/div>\n\t\t<\/section>\n\t\t\t\t<section class=\"elementor-element elementor-element-49b3391 elementor-section-boxed elementor-section-height-default elementor-section-height-default elementor-section elementor-top-section\" data-id=\"49b3391\" data-element_type=\"section\">\n\t\t\t\t\t\t<div class=\"elementor-container elementor-column-gap-no\">\n\t\t\t\t<div class=\"elementor-row\">\n\t\t\t\t<div class=\"elementor-element elementor-element-826debb elementor-column elementor-col-100 elementor-top-column\" data-id=\"826debb\" data-element_type=\"column\">\n\t\t\t<div class=\"elementor-column-wrap  elementor-element-populated\">\n\t\t\t\t\t<div class=\"elementor-widget-wrap\">\n\t\t\t\t<div class=\"elementor-element elementor-element-75f300e elementor-widget elementor-widget-spacer\" data-id=\"75f300e\" data-element_type=\"widget\" data-widget_type=\"spacer.default\">\n\t\t\t\t<div class=\"elementor-widget-container\">\n\t\t\t\t\t<div class=\"elementor-spacer\">\n\t\t\t<div class=\"elementor-spacer-inner\"><\/div>\n\t\t<\/div>\n\t\t\t\t<\/div>\n\t\t\t\t<\/div>\n\t\t\t\t<section class=\"elementor-element elementor-element-ac4e24c elementor-section-boxed elementor-section-height-default elementor-section-height-default elementor-section elementor-inner-section\" data-id=\"ac4e24c\" data-element_type=\"section\">\n\t\t\t\t\t\t<div class=\"elementor-container elementor-column-gap-default\">\n\t\t\t\t<div class=\"elementor-row\">\n\t\t\t\t<div class=\"elementor-element elementor-element-c14d4fd elementor-column elementor-col-50 elementor-inner-column\" data-id=\"c14d4fd\" data-element_type=\"column\">\n\t\t\t<div class=\"elementor-column-wrap  elementor-element-populated\">\n\t\t\t\t\t<div class=\"elementor-widget-wrap\">\n\t\t\t\t<div class=\"elementor-element elementor-element-5aac586 elementor-invisible elementor-widget elementor-widget-image\" data-id=\"5aac586\" data-element_type=\"widget\" data-settings=\"{&quot;_animation&quot;:&quot;rotateInUpLeft&quot;}\" data-widget_type=\"image.default\">\n\t\t\t\t<div class=\"elementor-widget-container\">\n\t\t\t\t\t<div class=\"elementor-image\">\n\t\t\t\t\t\t\t\t\t\t<img loading=\"lazy\" decoding=\"async\" width=\"500\" height=\"393\" src=\"https:\/\/www.rettergroup.com\/wp-content\/uploads\/2020\/02\/Poza-_Grupul-Retter_Calitatea-este...png\" class=\"elementor-animation-push attachment-large size-large\" alt=\"\" srcset=\"https:\/\/www.rettergroup.com\/wp-content\/uploads\/2020\/02\/Poza-_Grupul-Retter_Calitatea-este...png 500w, https:\/\/www.rettergroup.com\/wp-content\/uploads\/2020\/02\/Poza-_Grupul-Retter_Calitatea-este..-300x236.png 300w, https:\/\/www.rettergroup.com\/wp-content\/uploads\/2020\/02\/Poza-_Grupul-Retter_Calitatea-este..-344x270.png 344w\" sizes=\"auto, (max-width: 500px) 100vw, 500px\" \/>\t\t\t\t\t\t\t\t\t\t\t<\/div>\n\t\t\t\t<\/div>\n\t\t\t\t<\/div>\n\t\t\t\t\t\t<\/div>\n\t\t\t<\/div>\n\t\t<\/div>\n\t\t\t\t<div class=\"elementor-element elementor-element-e9c396e elementor-column elementor-col-50 elementor-inner-column\" data-id=\"e9c396e\" data-element_type=\"column\">\n\t\t\t<div class=\"elementor-column-wrap  elementor-element-populated\">\n\t\t\t\t\t<div class=\"elementor-widget-wrap\">\n\t\t\t\t<div class=\"elementor-element elementor-element-b4baf2d elementor-widget elementor-widget-heading\" data-id=\"b4baf2d\" data-element_type=\"widget\" data-widget_type=\"heading.default\">\n\t\t\t\t<div class=\"elementor-widget-container\">\n\t\t\t<h4 class=\"elementor-heading-title elementor-size-default\">Qualit\u00e4t ist unsere Mission!<\/h4>\t\t<\/div>\n\t\t\t\t<\/div>\n\t\t\t\t<div class=\"elementor-element elementor-element-b446326 elementor-widget elementor-widget-text-editor\" data-id=\"b446326\" data-element_type=\"widget\" data-widget_type=\"text-editor.default\">\n\t\t\t\t<div class=\"elementor-widget-container\">\n\t\t\t\t\t<div class=\"elementor-text-editor elementor-clearfix\"><p><span lang=\"de-DE\">Basierend auf einer einfachen Idee und nach wichtigen Schritten wie Entwicklung, Planung, Management, Bauen, Lieferung und Umwelttechnik bietet die RETTER-Gruppe vollst\u00e4ndige Dienstleistungen, die auf zwei grundlegende Bedingungen basieren: Qualit\u00e4t und Leistung.<\/span><\/p><p><span lang=\"de-DE\">Wir sind stolz auf unser effizientes Management und auf unser hochqualifiziertes Personal und zusammen implementieren wir st\u00e4ndig neue Technologien und f\u00f6rdern eine starke Organisationskultur.<\/span><\/p><\/div>\n\t\t\t\t<\/div>\n\t\t\t\t<\/div>\n\t\t\t\t\t\t<\/div>\n\t\t\t<\/div>\n\t\t<\/div>\n\t\t\t\t\t\t<\/div>\n\t\t\t<\/div>\n\t\t<\/section>\n\t\t\t\t<div class=\"elementor-element elementor-element-fc142fa elementor-widget elementor-widget-spacer\" data-id=\"fc142fa\" data-element_type=\"widget\" data-widget_type=\"spacer.default\">\n\t\t\t\t<div class=\"elementor-widget-container\">\n\t\t\t\t\t<div class=\"elementor-spacer\">\n\t\t\t<div class=\"elementor-spacer-inner\"><\/div>\n\t\t<\/div>\n\t\t\t\t<\/div>\n\t\t\t\t<\/div>\n\t\t\t\t\t\t<\/div>\n\t\t\t<\/div>\n\t\t<\/div>\n\t\t\t\t\t\t<\/div>\n\t\t\t<\/div>\n\t\t<\/section>\n\t\t\t\t\t\t<\/div>\n\t\t\t<\/div>\n\t\t<\/div>\n\t\t","protected":false},"excerpt":{"rendered":"<p>\u00dcber uns Aus einem k\u00fchnen Traum eines jungen Gesch\u00e4ftsmannes, dar im Jahre 2006 auf Papier gebracht wurde, entwickelt sich die&#8230;<\/p>\n","protected":false},"author":7,"featured_media":0,"parent":0,"menu_order":0,"comment_status":"closed","ping_status":"closed","template":"","meta":{"footnotes":""},"class_list":["post-2595","page","type-page","status-publish","hentry"],"yoast_head":"<!-- This site is optimized with the Yoast SEO plugin v26.8 - https:\/\/yoast.com\/product\/yoast-seo-wordpress\/ -->\n<title>\u00dcber uns - Retter<\/title>\n<meta name=\"robots\" content=\"index, follow, max-snippet:-1, max-image-preview:large, max-video-preview:-1\" \/>\n<link rel=\"canonical\" href=\"https:\/\/www.rettergroup.com\/de\/uber-uns\/\" \/>\n<meta property=\"og:locale\" content=\"de_DE\" \/>\n<meta property=\"og:type\" content=\"article\" \/>\n<meta property=\"og:title\" content=\"\u00dcber uns - Retter\" \/>\n<meta property=\"og:description\" content=\"\u00dcber uns Aus einem k\u00fchnen Traum eines jungen Gesch\u00e4ftsmannes, dar im Jahre 2006 auf Papier gebracht wurde, entwickelt sich die...\" \/>\n<meta property=\"og:url\" content=\"https:\/\/www.rettergroup.com\/de\/uber-uns\/\" \/>\n<meta property=\"og:site_name\" content=\"Retter\" \/>\n<meta property=\"article:modified_time\" content=\"2020-07-24T09:11:14+00:00\" \/>\n<meta property=\"og:image\" content=\"http:\/\/www.rettergroup.com\/wp-content\/uploads\/2020\/02\/Poza-_Grupul-Retter_Calitatea-este...png\" \/>\n<meta name=\"twitter:card\" content=\"summary_large_image\" \/>\n<meta name=\"twitter:label1\" content=\"Gesch\u00e4tzte Lesezeit\" \/>\n\t<meta name=\"twitter:data1\" content=\"1\u00a0Minute\" \/>\n<script type=\"application\/ld+json\" class=\"yoast-schema-graph\">{\"@context\":\"https:\/\/schema.org\",\"@graph\":[{\"@type\":\"WebPage\",\"@id\":\"https:\/\/www.rettergroup.com\/de\/uber-uns\/\",\"url\":\"https:\/\/www.rettergroup.com\/de\/uber-uns\/\",\"name\":\"\u00dcber uns - Retter\",\"isPartOf\":{\"@id\":\"https:\/\/www.rettergroup.com\/de\/#website\"},\"primaryImageOfPage\":{\"@id\":\"https:\/\/www.rettergroup.com\/de\/uber-uns\/#primaryimage\"},\"image\":{\"@id\":\"https:\/\/www.rettergroup.com\/de\/uber-uns\/#primaryimage\"},\"thumbnailUrl\":\"http:\/\/www.rettergroup.com\/wp-content\/uploads\/2020\/02\/Poza-_Grupul-Retter_Calitatea-este...png\",\"datePublished\":\"2020-07-13T13:34:52+00:00\",\"dateModified\":\"2020-07-24T09:11:14+00:00\",\"breadcrumb\":{\"@id\":\"https:\/\/www.rettergroup.com\/de\/uber-uns\/#breadcrumb\"},\"inLanguage\":\"de\",\"potentialAction\":[{\"@type\":\"ReadAction\",\"target\":[\"https:\/\/www.rettergroup.com\/de\/uber-uns\/\"]}]},{\"@type\":\"ImageObject\",\"inLanguage\":\"de\",\"@id\":\"https:\/\/www.rettergroup.com\/de\/uber-uns\/#primaryimage\",\"url\":\"http:\/\/www.rettergroup.com\/wp-content\/uploads\/2020\/02\/Poza-_Grupul-Retter_Calitatea-este...png\",\"contentUrl\":\"http:\/\/www.rettergroup.com\/wp-content\/uploads\/2020\/02\/Poza-_Grupul-Retter_Calitatea-este...png\"},{\"@type\":\"BreadcrumbList\",\"@id\":\"https:\/\/www.rettergroup.com\/de\/uber-uns\/#breadcrumb\",\"itemListElement\":[{\"@type\":\"ListItem\",\"position\":1,\"name\":\"Home\",\"item\":\"https:\/\/www.rettergroup.com\/de\/\"},{\"@type\":\"ListItem\",\"position\":2,\"name\":\"\u00dcber uns\"}]},{\"@type\":\"WebSite\",\"@id\":\"https:\/\/www.rettergroup.com\/de\/#website\",\"url\":\"https:\/\/www.rettergroup.com\/de\/\",\"name\":\"Retter\",\"description\":\"Misiunea noastr\u0103 este calitatea\",\"potentialAction\":[{\"@type\":\"SearchAction\",\"target\":{\"@type\":\"EntryPoint\",\"urlTemplate\":\"https:\/\/www.rettergroup.com\/de\/?s={search_term_string}\"},\"query-input\":{\"@type\":\"PropertyValueSpecification\",\"valueRequired\":true,\"valueName\":\"search_term_string\"}}],\"inLanguage\":\"de\"}]}<\/script>\n<!-- \/ Yoast SEO plugin. -->","yoast_head_json":{"title":"\u00dcber uns - Retter","robots":{"index":"index","follow":"follow","max-snippet":"max-snippet:-1","max-image-preview":"max-image-preview:large","max-video-preview":"max-video-preview:-1"},"canonical":"https:\/\/www.rettergroup.com\/de\/uber-uns\/","og_locale":"de_DE","og_type":"article","og_title":"\u00dcber uns - Retter","og_description":"\u00dcber uns Aus einem k\u00fchnen Traum eines jungen Gesch\u00e4ftsmannes, dar im Jahre 2006 auf Papier gebracht wurde, entwickelt sich die...","og_url":"https:\/\/www.rettergroup.com\/de\/uber-uns\/","og_site_name":"Retter","article_modified_time":"2020-07-24T09:11:14+00:00","og_image":[{"url":"http:\/\/www.rettergroup.com\/wp-content\/uploads\/2020\/02\/Poza-_Grupul-Retter_Calitatea-este...png","type":"","width":"","height":""}],"twitter_card":"summary_large_image","twitter_misc":{"Gesch\u00e4tzte Lesezeit":"1\u00a0Minute"},"schema":{"@context":"https:\/\/schema.org","@graph":[{"@type":"WebPage","@id":"https:\/\/www.rettergroup.com\/de\/uber-uns\/","url":"https:\/\/www.rettergroup.com\/de\/uber-uns\/","name":"\u00dcber uns - Retter","isPartOf":{"@id":"https:\/\/www.rettergroup.com\/de\/#website"},"primaryImageOfPage":{"@id":"https:\/\/www.rettergroup.com\/de\/uber-uns\/#primaryimage"},"image":{"@id":"https:\/\/www.rettergroup.com\/de\/uber-uns\/#primaryimage"},"thumbnailUrl":"http:\/\/www.rettergroup.com\/wp-content\/uploads\/2020\/02\/Poza-_Grupul-Retter_Calitatea-este...png","datePublished":"2020-07-13T13:34:52+00:00","dateModified":"2020-07-24T09:11:14+00:00","breadcrumb":{"@id":"https:\/\/www.rettergroup.com\/de\/uber-uns\/#breadcrumb"},"inLanguage":"de","potentialAction":[{"@type":"ReadAction","target":["https:\/\/www.rettergroup.com\/de\/uber-uns\/"]}]},{"@type":"ImageObject","inLanguage":"de","@id":"https:\/\/www.rettergroup.com\/de\/uber-uns\/#primaryimage","url":"http:\/\/www.rettergroup.com\/wp-content\/uploads\/2020\/02\/Poza-_Grupul-Retter_Calitatea-este...png","contentUrl":"http:\/\/www.rettergroup.com\/wp-content\/uploads\/2020\/02\/Poza-_Grupul-Retter_Calitatea-este...png"},{"@type":"BreadcrumbList","@id":"https:\/\/www.rettergroup.com\/de\/uber-uns\/#breadcrumb","itemListElement":[{"@type":"ListItem","position":1,"name":"Home","item":"https:\/\/www.rettergroup.com\/de\/"},{"@type":"ListItem","position":2,"name":"\u00dcber uns"}]},{"@type":"WebSite","@id":"https:\/\/www.rettergroup.com\/de\/#website","url":"https:\/\/www.rettergroup.com\/de\/","name":"Retter","description":"Misiunea noastr\u0103 este calitatea","potentialAction":[{"@type":"SearchAction","target":{"@type":"EntryPoint","urlTemplate":"https:\/\/www.rettergroup.com\/de\/?s={search_term_string}"},"query-input":{"@type":"PropertyValueSpecification","valueRequired":true,"valueName":"search_term_string"}}],"inLanguage":"de"}]}},"_links":{"self":[{"href":"https:\/\/www.rettergroup.com\/de\/wp-json\/wp\/v2\/pages\/2595","targetHints":{"allow":["GET"]}}],"collection":[{"href":"https:\/\/www.rettergroup.com\/de\/wp-json\/wp\/v2\/pages"}],"about":[{"href":"https:\/\/www.rettergroup.com\/de\/wp-json\/wp\/v2\/types\/page"}],"author":[{"embeddable":true,"href":"https:\/\/www.rettergroup.com\/de\/wp-json\/wp\/v2\/users\/7"}],"replies":[{"embeddable":true,"href":"https:\/\/www.rettergroup.com\/de\/wp-json\/wp\/v2\/comments?post=2595"}],"version-history":[{"count":6,"href":"https:\/\/www.rettergroup.com\/de\/wp-json\/wp\/v2\/pages\/2595\/revisions"}],"predecessor-version":[{"id":3102,"href":"https:\/\/www.rettergroup.com\/de\/wp-json\/wp\/v2\/pages\/2595\/revisions\/3102"}],"wp:attachment":[{"href":"https:\/\/www.rettergroup.com\/de\/wp-json\/wp\/v2\/media?parent=2595"}],"curies":[{"name":"wp","href":"https:\/\/api.w.org\/{rel}","templated":true}]}}