{"id":2607,"date":"2020-04-09T16:14:58","date_gmt":"2020-04-09T13:14:58","guid":{"rendered":"http:\/\/www.rettergroup.com\/dintre-proiectele-finalizate\/"},"modified":"2020-07-24T13:11:22","modified_gmt":"2020-07-24T10:11:22","slug":"von-den-fertiggestellten-projekten","status":"publish","type":"page","link":"https:\/\/www.rettergroup.com\/de\/von-den-fertiggestellten-projekten\/","title":{"rendered":"Von den fertiggestellten Projekten"},"content":{"rendered":"\t\t<div data-elementor-type=\"wp-post\" data-elementor-id=\"2607\" class=\"elementor elementor-2607 elementor-2265\" data-elementor-settings=\"[]\">\n\t\t\t<div class=\"elementor-inner\">\n\t\t\t\t<div class=\"elementor-section-wrap\">\n\t\t\t\t\t\t\t<section class=\"elementor-element elementor-element-1b2e3ed3 elementor-section-boxed elementor-section-height-default elementor-section-height-default elementor-section elementor-top-section\" data-id=\"1b2e3ed3\" data-element_type=\"section\" data-settings=\"{&quot;background_background&quot;:&quot;classic&quot;}\">\n\t\t\t\t\t\t\t<div class=\"elementor-background-overlay\"><\/div>\n\t\t\t\t\t\t\t<div class=\"elementor-container elementor-column-gap-no\">\n\t\t\t\t<div class=\"elementor-row\">\n\t\t\t\t<div class=\"elementor-element elementor-element-3e516a76 elementor-column elementor-col-100 elementor-top-column\" data-id=\"3e516a76\" data-element_type=\"column\">\n\t\t\t<div class=\"elementor-column-wrap  elementor-element-populated\">\n\t\t\t\t\t<div class=\"elementor-widget-wrap\">\n\t\t\t\t<section class=\"elementor-element elementor-element-17ee1e1f elementor-section-boxed elementor-section-height-default elementor-section-height-default elementor-section elementor-inner-section\" data-id=\"17ee1e1f\" data-element_type=\"section\">\n\t\t\t\t\t\t<div class=\"elementor-container elementor-column-gap-default\">\n\t\t\t\t<div class=\"elementor-row\">\n\t\t\t\t<div class=\"elementor-element elementor-element-2e42c9c9 elementor-column elementor-col-33 elementor-inner-column\" data-id=\"2e42c9c9\" data-element_type=\"column\">\n\t\t\t<div class=\"elementor-column-wrap\">\n\t\t\t\t\t<div class=\"elementor-widget-wrap\">\n\t\t\t\t\t\t<\/div>\n\t\t\t<\/div>\n\t\t<\/div>\n\t\t\t\t<div class=\"elementor-element elementor-element-52ed05ad elementor-column elementor-col-33 elementor-inner-column\" data-id=\"52ed05ad\" data-element_type=\"column\">\n\t\t\t<div class=\"elementor-column-wrap  elementor-element-populated\">\n\t\t\t\t\t<div class=\"elementor-widget-wrap\">\n\t\t\t\t<div class=\"elementor-element elementor-element-58370f3a elementor-widget elementor-widget-spacer\" data-id=\"58370f3a\" data-element_type=\"widget\" data-widget_type=\"spacer.default\">\n\t\t\t\t<div class=\"elementor-widget-container\">\n\t\t\t\t\t<div class=\"elementor-spacer\">\n\t\t\t<div class=\"elementor-spacer-inner\"><\/div>\n\t\t<\/div>\n\t\t\t\t<\/div>\n\t\t\t\t<\/div>\n\t\t\t\t<div class=\"elementor-element elementor-element-64092f28 elementor-widget elementor-widget-heading\" data-id=\"64092f28\" data-element_type=\"widget\" data-widget_type=\"heading.default\">\n\t\t\t\t<div class=\"elementor-widget-container\">\n\t\t\t<h1 class=\"elementor-heading-title elementor-size-default\">Von den fertiggestellten Projekten<\/h1>\t\t<\/div>\n\t\t\t\t<\/div>\n\t\t\t\t<div class=\"elementor-element elementor-element-3d610b21 elementor-widget elementor-widget-spacer\" data-id=\"3d610b21\" data-element_type=\"widget\" data-widget_type=\"spacer.default\">\n\t\t\t\t<div class=\"elementor-widget-container\">\n\t\t\t\t\t<div class=\"elementor-spacer\">\n\t\t\t<div class=\"elementor-spacer-inner\"><\/div>\n\t\t<\/div>\n\t\t\t\t<\/div>\n\t\t\t\t<\/div>\n\t\t\t\t\t\t<\/div>\n\t\t\t<\/div>\n\t\t<\/div>\n\t\t\t\t<div class=\"elementor-element elementor-element-48f64f16 elementor-column elementor-col-33 elementor-inner-column\" data-id=\"48f64f16\" data-element_type=\"column\">\n\t\t\t<div class=\"elementor-column-wrap\">\n\t\t\t\t\t<div class=\"elementor-widget-wrap\">\n\t\t\t\t\t\t<\/div>\n\t\t\t<\/div>\n\t\t<\/div>\n\t\t\t\t\t\t<\/div>\n\t\t\t<\/div>\n\t\t<\/section>\n\t\t\t\t\t\t<\/div>\n\t\t\t<\/div>\n\t\t<\/div>\n\t\t\t\t\t\t<\/div>\n\t\t\t<\/div>\n\t\t<\/section>\n\t\t\t\t<section class=\"elementor-element elementor-element-2c8903f1 elementor-section-boxed elementor-section-height-default elementor-section-height-default elementor-section elementor-top-section\" data-id=\"2c8903f1\" data-element_type=\"section\">\n\t\t\t\t\t\t<div class=\"elementor-container elementor-column-gap-default\">\n\t\t\t\t<div class=\"elementor-row\">\n\t\t\t\t<div class=\"elementor-element elementor-element-7b7ac0a0 elementor-column elementor-col-100 elementor-top-column\" data-id=\"7b7ac0a0\" data-element_type=\"column\">\n\t\t\t<div class=\"elementor-column-wrap  elementor-element-populated\">\n\t\t\t\t\t<div class=\"elementor-widget-wrap\">\n\t\t\t\t<div class=\"elementor-element elementor-element-7a2f52e2 elementor-widget elementor-widget-spacer\" data-id=\"7a2f52e2\" data-element_type=\"widget\" data-widget_type=\"spacer.default\">\n\t\t\t\t<div class=\"elementor-widget-container\">\n\t\t\t\t\t<div class=\"elementor-spacer\">\n\t\t\t<div class=\"elementor-spacer-inner\"><\/div>\n\t\t<\/div>\n\t\t\t\t<\/div>\n\t\t\t\t<\/div>\n\t\t\t\t<section class=\"elementor-element elementor-element-54986c32 elementor-section-boxed elementor-section-height-default elementor-section-height-default elementor-section elementor-inner-section\" data-id=\"54986c32\" data-element_type=\"section\">\n\t\t\t\t\t\t<div class=\"elementor-container elementor-column-gap-default\">\n\t\t\t\t<div class=\"elementor-row\">\n\t\t\t\t<div class=\"elementor-element elementor-element-418d780f elementor-column elementor-col-50 elementor-inner-column\" data-id=\"418d780f\" data-element_type=\"column\">\n\t\t\t<div class=\"elementor-column-wrap  elementor-element-populated\">\n\t\t\t\t\t<div class=\"elementor-widget-wrap\">\n\t\t\t\t<div class=\"elementor-element elementor-element-4ac9ddd2 elementor-widget elementor-widget-text-editor\" data-id=\"4ac9ddd2\" data-element_type=\"widget\" data-widget_type=\"text-editor.default\">\n\t\t\t\t<div class=\"elementor-widget-container\">\n\t\t\t\t\t<div class=\"elementor-text-editor elementor-clearfix\"><ul>\n \t<li>Schwimmbecken, Sommerh\u00e4user und private Au\u00dfenanlagen<\/li>\n \t<li>Au\u00dfen- und Innenarbeiten f\u00fcr Ferienh\u00e4user (Erweiterung, erneute Einteilung, Sanierung, Anlagenbau) und Schwimmbecken<\/li>\n \t<li>Sanierungs- und Modernisierungsarbeiten f\u00fcr Wohnungen und Penth\u00e4user &#8211; Eforie<\/li>\n \t<li>Bau der Produktionshallen, Montagelinien, Logistik und Industrieanlagen \u2013 NAG 3<\/li>\n \t<li>Zugangswege f\u00fcr Plattformen und Parkpl\u00e4tze \u2013 NAG 3<\/li>\n \t<li>Montagearbeiten, Entspannungsarbeiten f\u00fcr Erdbebensysteme ELI NP Magurele<\/li>\n \t<li>Ausf\u00fchrungsarbeiten f\u00fcr Betonplattform &#8211; Fabrik f\u00fcr das S\u00e4gen und die Verarbeitung von Holz bei Holzindustrie Schweighofer<\/li>\n \t<li>Ausarbeitung eines St\u00e4dtebauplanes \u2013 PUZ \u2013 Societatea Companiilor Hoteliere Grand SRL<\/li>\n \t<li>Arbeiten \u201cWartungs- und Koordinierungszentrum Orastie \u2013 Sibiu\u201d<\/li>\n \t<li>Das Projekt \u201cWettbewerb, Erweiterung, Entwicklung \u2013 Marquardt Schaltsysteme SCS Sibiu\u201d<\/li>\n \t<li>Projektarbeiten \u201cSanierung DN 14\u201d<\/li>\n \t<li>Projekt \u201cByPass Deva-Orastie\u201d<\/li>\n \t<li>Projekt \u201cAutobahn Orastie \u2013 Sibiu\u201d<\/li>\n<\/ul><\/div>\n\t\t\t\t<\/div>\n\t\t\t\t<\/div>\n\t\t\t\t\t\t<\/div>\n\t\t\t<\/div>\n\t\t<\/div>\n\t\t\t\t<div class=\"elementor-element elementor-element-2d77d378 elementor-column elementor-col-50 elementor-inner-column\" data-id=\"2d77d378\" data-element_type=\"column\">\n\t\t\t<div class=\"elementor-column-wrap  elementor-element-populated\">\n\t\t\t\t\t<div class=\"elementor-widget-wrap\">\n\t\t\t\t<div class=\"elementor-element elementor-element-8bf0f65 elementor-widget elementor-widget-text-editor\" data-id=\"8bf0f65\" data-element_type=\"widget\" data-widget_type=\"text-editor.default\">\n\t\t\t\t<div class=\"elementor-widget-container\">\n\t\t\t\t\t<div class=\"elementor-text-editor elementor-clearfix\"><ul>\n \t<li>Einrichtung von Penth\u00e4usern Bukarest<\/li>\n \t<li>Arbeiten \u201cLos 1 Orastie -Sebes\u201d<\/li>\n \t<li>Schneer\u00e4umungsarbeiten DN 14 auf der Strecke KM 29 \u2013 89+400<\/li>\n \t<li>Sanierung DN 19<\/li>\n \t<li>Eisenbahn\u00fcbergang CF DN19 Secuieni<\/li>\n \t<li>Sanierung von Nationalstrassen: Vorbereitung, Einrechung des Baubuches f\u00fcr den Bau von Uberg\u00e4ngen<\/li>\n \t<li>Inneneinrichtungsarbeiten<\/li>\n \t<li>Sanierungs- und Reparaturarbeiten f\u00fcr Rohrleitungen<\/li>\n \t<li>Machbarkeitsstudie &#8211; Societatea Companiilor Hoteliere Grand SRL<\/li>\n \t<li>Projekt \u201cErweiterung der Zuschauerpl\u00e4tze in den Standion Gaz Metan Medias\u201d<\/li>\n \t<li>Ausf\u00fchrung des St\u00e4dtebauprojektes f\u00fcr Romgaz Medias<\/li>\n \t<li>Beratung Flughafen Sibiu<\/li>\n \t<li>Beratung zur Realisierung des Passagierflusses am internationalen Flughafen Baia Mare<\/li>\n \t<li>Abbruch Asmita Garden Showroom<\/li>\n \t<li>Marktforschung \u2013 Copsa Mica<\/li>\n \t<li>Manager- und Projektmanagementdienstleistungen \u2013 TriGranit<\/li>\n<\/ul><\/div>\n\t\t\t\t<\/div>\n\t\t\t\t<\/div>\n\t\t\t\t\t\t<\/div>\n\t\t\t<\/div>\n\t\t<\/div>\n\t\t\t\t\t\t<\/div>\n\t\t\t<\/div>\n\t\t<\/section>\n\t\t\t\t<div class=\"elementor-element elementor-element-56d0a6f elementor-widget elementor-widget-spacer\" data-id=\"56d0a6f\" data-element_type=\"widget\" data-widget_type=\"spacer.default\">\n\t\t\t\t<div class=\"elementor-widget-container\">\n\t\t\t\t\t<div class=\"elementor-spacer\">\n\t\t\t<div class=\"elementor-spacer-inner\"><\/div>\n\t\t<\/div>\n\t\t\t\t<\/div>\n\t\t\t\t<\/div>\n\t\t\t\t\t\t<\/div>\n\t\t\t<\/div>\n\t\t<\/div>\n\t\t\t\t\t\t<\/div>\n\t\t\t<\/div>\n\t\t<\/section>\n\t\t\t\t<section class=\"elementor-element elementor-element-128553c elementor-section-boxed elementor-section-height-default elementor-section-height-default elementor-section elementor-top-section\" data-id=\"128553c\" data-element_type=\"section\">\n\t\t\t\t\t\t<div class=\"elementor-container elementor-column-gap-default\">\n\t\t\t\t<div class=\"elementor-row\">\n\t\t\t\t<div class=\"elementor-element elementor-element-f384c75 elementor-column elementor-col-100 elementor-top-column\" data-id=\"f384c75\" data-element_type=\"column\">\n\t\t\t<div class=\"elementor-column-wrap  elementor-element-populated\">\n\t\t\t\t\t<div class=\"elementor-widget-wrap\">\n\t\t\t\t<div class=\"elementor-element elementor-element-4625394 gallery-spacing-custom elementor-widget elementor-widget-image-gallery\" data-id=\"4625394\" data-element_type=\"widget\" data-widget_type=\"image-gallery.default\">\n\t\t\t\t<div class=\"elementor-widget-container\">\n\t\t\t\t\t<div class=\"elementor-image-gallery\">\n\t\t\t\t\t<\/div>\n\t\t\t\t<\/div>\n\t\t\t\t<\/div>\n\t\t\t\t\t\t<\/div>\n\t\t\t<\/div>\n\t\t<\/div>\n\t\t\t\t\t\t<\/div>\n\t\t\t<\/div>\n\t\t<\/section>\n\t\t\t\t\t\t<\/div>\n\t\t\t<\/div>\n\t\t<\/div>\n\t\t","protected":false},"excerpt":{"rendered":"<p>Von den fertiggestellten Projekten Schwimmbecken, Sommerh\u00e4user und private Au\u00dfenanlagen Au\u00dfen- und Innenarbeiten f\u00fcr Ferienh\u00e4user (Erweiterung, erneute Einteilung, Sanierung, Anlagenbau) und&#8230;<\/p>\n","protected":false},"author":7,"featured_media":0,"parent":0,"menu_order":0,"comment_status":"closed","ping_status":"closed","template":"","meta":{"footnotes":""},"class_list":["post-2607","page","type-page","status-publish","hentry"],"yoast_head":"<!-- This site is optimized with the Yoast SEO plugin v26.8 - https:\/\/yoast.com\/product\/yoast-seo-wordpress\/ -->\n<title>Von den fertiggestellten Projekten - Retter<\/title>\n<meta name=\"robots\" content=\"index, follow, max-snippet:-1, max-image-preview:large, max-video-preview:-1\" \/>\n<link rel=\"canonical\" href=\"https:\/\/www.rettergroup.com\/de\/von-den-fertiggestellten-projekten\/\" \/>\n<meta property=\"og:locale\" content=\"de_DE\" \/>\n<meta property=\"og:type\" content=\"article\" \/>\n<meta property=\"og:title\" content=\"Von den fertiggestellten Projekten - Retter\" \/>\n<meta property=\"og:description\" content=\"Von den fertiggestellten Projekten Schwimmbecken, Sommerh\u00e4user und private Au\u00dfenanlagen Au\u00dfen- und Innenarbeiten f\u00fcr Ferienh\u00e4user (Erweiterung, erneute Einteilung, Sanierung, Anlagenbau) und...\" \/>\n<meta property=\"og:url\" content=\"https:\/\/www.rettergroup.com\/de\/von-den-fertiggestellten-projekten\/\" \/>\n<meta property=\"og:site_name\" content=\"Retter\" \/>\n<meta property=\"article:modified_time\" content=\"2020-07-24T10:11:22+00:00\" \/>\n<meta name=\"twitter:card\" content=\"summary_large_image\" \/>\n<meta name=\"twitter:label1\" content=\"Gesch\u00e4tzte Lesezeit\" \/>\n\t<meta name=\"twitter:data1\" content=\"1\u00a0Minute\" \/>\n<script type=\"application\/ld+json\" class=\"yoast-schema-graph\">{\"@context\":\"https:\/\/schema.org\",\"@graph\":[{\"@type\":\"WebPage\",\"@id\":\"https:\/\/www.rettergroup.com\/de\/von-den-fertiggestellten-projekten\/\",\"url\":\"https:\/\/www.rettergroup.com\/de\/von-den-fertiggestellten-projekten\/\",\"name\":\"Von den fertiggestellten Projekten - Retter\",\"isPartOf\":{\"@id\":\"https:\/\/www.rettergroup.com\/de\/#website\"},\"datePublished\":\"2020-04-09T13:14:58+00:00\",\"dateModified\":\"2020-07-24T10:11:22+00:00\",\"breadcrumb\":{\"@id\":\"https:\/\/www.rettergroup.com\/de\/von-den-fertiggestellten-projekten\/#breadcrumb\"},\"inLanguage\":\"de\",\"potentialAction\":[{\"@type\":\"ReadAction\",\"target\":[\"https:\/\/www.rettergroup.com\/de\/von-den-fertiggestellten-projekten\/\"]}]},{\"@type\":\"BreadcrumbList\",\"@id\":\"https:\/\/www.rettergroup.com\/de\/von-den-fertiggestellten-projekten\/#breadcrumb\",\"itemListElement\":[{\"@type\":\"ListItem\",\"position\":1,\"name\":\"Home\",\"item\":\"https:\/\/www.rettergroup.com\/de\/\"},{\"@type\":\"ListItem\",\"position\":2,\"name\":\"Von den fertiggestellten Projekten\"}]},{\"@type\":\"WebSite\",\"@id\":\"https:\/\/www.rettergroup.com\/de\/#website\",\"url\":\"https:\/\/www.rettergroup.com\/de\/\",\"name\":\"Retter\",\"description\":\"Misiunea noastr\u0103 este calitatea\",\"potentialAction\":[{\"@type\":\"SearchAction\",\"target\":{\"@type\":\"EntryPoint\",\"urlTemplate\":\"https:\/\/www.rettergroup.com\/de\/?s={search_term_string}\"},\"query-input\":{\"@type\":\"PropertyValueSpecification\",\"valueRequired\":true,\"valueName\":\"search_term_string\"}}],\"inLanguage\":\"de\"}]}<\/script>\n<!-- \/ Yoast SEO plugin. -->","yoast_head_json":{"title":"Von den fertiggestellten Projekten - Retter","robots":{"index":"index","follow":"follow","max-snippet":"max-snippet:-1","max-image-preview":"max-image-preview:large","max-video-preview":"max-video-preview:-1"},"canonical":"https:\/\/www.rettergroup.com\/de\/von-den-fertiggestellten-projekten\/","og_locale":"de_DE","og_type":"article","og_title":"Von den fertiggestellten Projekten - Retter","og_description":"Von den fertiggestellten Projekten Schwimmbecken, Sommerh\u00e4user und private Au\u00dfenanlagen Au\u00dfen- und Innenarbeiten f\u00fcr Ferienh\u00e4user (Erweiterung, erneute Einteilung, Sanierung, Anlagenbau) und...","og_url":"https:\/\/www.rettergroup.com\/de\/von-den-fertiggestellten-projekten\/","og_site_name":"Retter","article_modified_time":"2020-07-24T10:11:22+00:00","twitter_card":"summary_large_image","twitter_misc":{"Gesch\u00e4tzte Lesezeit":"1\u00a0Minute"},"schema":{"@context":"https:\/\/schema.org","@graph":[{"@type":"WebPage","@id":"https:\/\/www.rettergroup.com\/de\/von-den-fertiggestellten-projekten\/","url":"https:\/\/www.rettergroup.com\/de\/von-den-fertiggestellten-projekten\/","name":"Von den fertiggestellten Projekten - Retter","isPartOf":{"@id":"https:\/\/www.rettergroup.com\/de\/#website"},"datePublished":"2020-04-09T13:14:58+00:00","dateModified":"2020-07-24T10:11:22+00:00","breadcrumb":{"@id":"https:\/\/www.rettergroup.com\/de\/von-den-fertiggestellten-projekten\/#breadcrumb"},"inLanguage":"de","potentialAction":[{"@type":"ReadAction","target":["https:\/\/www.rettergroup.com\/de\/von-den-fertiggestellten-projekten\/"]}]},{"@type":"BreadcrumbList","@id":"https:\/\/www.rettergroup.com\/de\/von-den-fertiggestellten-projekten\/#breadcrumb","itemListElement":[{"@type":"ListItem","position":1,"name":"Home","item":"https:\/\/www.rettergroup.com\/de\/"},{"@type":"ListItem","position":2,"name":"Von den fertiggestellten Projekten"}]},{"@type":"WebSite","@id":"https:\/\/www.rettergroup.com\/de\/#website","url":"https:\/\/www.rettergroup.com\/de\/","name":"Retter","description":"Misiunea noastr\u0103 este calitatea","potentialAction":[{"@type":"SearchAction","target":{"@type":"EntryPoint","urlTemplate":"https:\/\/www.rettergroup.com\/de\/?s={search_term_string}"},"query-input":{"@type":"PropertyValueSpecification","valueRequired":true,"valueName":"search_term_string"}}],"inLanguage":"de"}]}},"_links":{"self":[{"href":"https:\/\/www.rettergroup.com\/de\/wp-json\/wp\/v2\/pages\/2607","targetHints":{"allow":["GET"]}}],"collection":[{"href":"https:\/\/www.rettergroup.com\/de\/wp-json\/wp\/v2\/pages"}],"about":[{"href":"https:\/\/www.rettergroup.com\/de\/wp-json\/wp\/v2\/types\/page"}],"author":[{"embeddable":true,"href":"https:\/\/www.rettergroup.com\/de\/wp-json\/wp\/v2\/users\/7"}],"replies":[{"embeddable":true,"href":"https:\/\/www.rettergroup.com\/de\/wp-json\/wp\/v2\/comments?post=2607"}],"version-history":[{"count":3,"href":"https:\/\/www.rettergroup.com\/de\/wp-json\/wp\/v2\/pages\/2607\/revisions"}],"predecessor-version":[{"id":3171,"href":"https:\/\/www.rettergroup.com\/de\/wp-json\/wp\/v2\/pages\/2607\/revisions\/3171"}],"wp:attachment":[{"href":"https:\/\/www.rettergroup.com\/de\/wp-json\/wp\/v2\/media?parent=2607"}],"curies":[{"name":"wp","href":"https:\/\/api.w.org\/{rel}","templated":true}]}}