{"id":2613,"date":"2020-03-31T17:15:27","date_gmt":"2020-03-31T14:15:27","guid":{"rendered":"http:\/\/www.rettergroup.com\/proiectare-si-executie-case-toscane\/"},"modified":"2020-07-24T13:10:41","modified_gmt":"2020-07-24T10:10:41","slug":"planung-und-ausfuehrung-toskana-haeuser","status":"publish","type":"page","link":"https:\/\/www.rettergroup.com\/de\/planung-und-ausfuehrung-toskana-haeuser\/","title":{"rendered":"Planung und Ausf\u00fchrung: Toskana-H\u00e4user"},"content":{"rendered":"\t\t<div data-elementor-type=\"wp-post\" data-elementor-id=\"2613\" class=\"elementor elementor-2613 elementor-2090\" data-elementor-settings=\"[]\">\n\t\t\t<div class=\"elementor-inner\">\n\t\t\t\t<div class=\"elementor-section-wrap\">\n\t\t\t\t\t\t\t<section class=\"elementor-element elementor-element-40f579e2 elementor-section-boxed elementor-section-height-default elementor-section-height-default elementor-section elementor-top-section\" data-id=\"40f579e2\" data-element_type=\"section\" data-settings=\"{&quot;background_background&quot;:&quot;classic&quot;}\">\n\t\t\t\t\t\t\t<div class=\"elementor-background-overlay\"><\/div>\n\t\t\t\t\t\t\t<div class=\"elementor-container elementor-column-gap-no\">\n\t\t\t\t<div class=\"elementor-row\">\n\t\t\t\t<div class=\"elementor-element elementor-element-2526d509 elementor-column elementor-col-100 elementor-top-column\" data-id=\"2526d509\" data-element_type=\"column\">\n\t\t\t<div class=\"elementor-column-wrap  elementor-element-populated\">\n\t\t\t\t\t<div class=\"elementor-widget-wrap\">\n\t\t\t\t<section class=\"elementor-element elementor-element-58e8377b elementor-section-boxed elementor-section-height-default elementor-section-height-default elementor-section elementor-inner-section\" data-id=\"58e8377b\" data-element_type=\"section\">\n\t\t\t\t\t\t<div class=\"elementor-container elementor-column-gap-default\">\n\t\t\t\t<div class=\"elementor-row\">\n\t\t\t\t<div class=\"elementor-element elementor-element-27c74d55 elementor-column elementor-col-33 elementor-inner-column\" data-id=\"27c74d55\" data-element_type=\"column\">\n\t\t\t<div class=\"elementor-column-wrap\">\n\t\t\t\t\t<div class=\"elementor-widget-wrap\">\n\t\t\t\t\t\t<\/div>\n\t\t\t<\/div>\n\t\t<\/div>\n\t\t\t\t<div class=\"elementor-element elementor-element-979ed34 elementor-column elementor-col-33 elementor-inner-column\" data-id=\"979ed34\" data-element_type=\"column\">\n\t\t\t<div class=\"elementor-column-wrap  elementor-element-populated\">\n\t\t\t\t\t<div class=\"elementor-widget-wrap\">\n\t\t\t\t<div class=\"elementor-element elementor-element-4408d752 elementor-widget elementor-widget-spacer\" data-id=\"4408d752\" data-element_type=\"widget\" data-widget_type=\"spacer.default\">\n\t\t\t\t<div class=\"elementor-widget-container\">\n\t\t\t\t\t<div class=\"elementor-spacer\">\n\t\t\t<div class=\"elementor-spacer-inner\"><\/div>\n\t\t<\/div>\n\t\t\t\t<\/div>\n\t\t\t\t<\/div>\n\t\t\t\t<div class=\"elementor-element elementor-element-3720208f elementor-widget elementor-widget-heading\" data-id=\"3720208f\" data-element_type=\"widget\" data-widget_type=\"heading.default\">\n\t\t\t\t<div class=\"elementor-widget-container\">\n\t\t\t<h1 class=\"elementor-heading-title elementor-size-default\">Planung und Ausf\u00fchrung: Toskana-H\u00e4user<\/h1>\t\t<\/div>\n\t\t\t\t<\/div>\n\t\t\t\t<div class=\"elementor-element elementor-element-1749bf3f elementor-widget elementor-widget-spacer\" data-id=\"1749bf3f\" data-element_type=\"widget\" data-widget_type=\"spacer.default\">\n\t\t\t\t<div class=\"elementor-widget-container\">\n\t\t\t\t\t<div class=\"elementor-spacer\">\n\t\t\t<div class=\"elementor-spacer-inner\"><\/div>\n\t\t<\/div>\n\t\t\t\t<\/div>\n\t\t\t\t<\/div>\n\t\t\t\t\t\t<\/div>\n\t\t\t<\/div>\n\t\t<\/div>\n\t\t\t\t<div class=\"elementor-element elementor-element-41d8ea9e elementor-column elementor-col-33 elementor-inner-column\" data-id=\"41d8ea9e\" data-element_type=\"column\">\n\t\t\t<div class=\"elementor-column-wrap\">\n\t\t\t\t\t<div class=\"elementor-widget-wrap\">\n\t\t\t\t\t\t<\/div>\n\t\t\t<\/div>\n\t\t<\/div>\n\t\t\t\t\t\t<\/div>\n\t\t\t<\/div>\n\t\t<\/section>\n\t\t\t\t\t\t<\/div>\n\t\t\t<\/div>\n\t\t<\/div>\n\t\t\t\t\t\t<\/div>\n\t\t\t<\/div>\n\t\t<\/section>\n\t\t\t\t<section class=\"elementor-element elementor-element-6582c6b7 elementor-section-boxed elementor-section-height-default elementor-section-height-default elementor-section elementor-top-section\" data-id=\"6582c6b7\" data-element_type=\"section\">\n\t\t\t\t\t\t<div class=\"elementor-container elementor-column-gap-default\">\n\t\t\t\t<div class=\"elementor-row\">\n\t\t\t\t<div class=\"elementor-element elementor-element-556bca54 elementor-column elementor-col-100 elementor-top-column\" data-id=\"556bca54\" data-element_type=\"column\">\n\t\t\t<div class=\"elementor-column-wrap  elementor-element-populated\">\n\t\t\t\t\t<div class=\"elementor-widget-wrap\">\n\t\t\t\t<div class=\"elementor-element elementor-element-1579fdb0 elementor-widget elementor-widget-spacer\" data-id=\"1579fdb0\" data-element_type=\"widget\" data-widget_type=\"spacer.default\">\n\t\t\t\t<div class=\"elementor-widget-container\">\n\t\t\t\t\t<div class=\"elementor-spacer\">\n\t\t\t<div class=\"elementor-spacer-inner\"><\/div>\n\t\t<\/div>\n\t\t\t\t<\/div>\n\t\t\t\t<\/div>\n\t\t\t\t<section class=\"elementor-element elementor-element-66168e1e elementor-section-boxed elementor-section-height-default elementor-section-height-default elementor-section elementor-inner-section\" data-id=\"66168e1e\" data-element_type=\"section\">\n\t\t\t\t\t\t<div class=\"elementor-container elementor-column-gap-default\">\n\t\t\t\t<div class=\"elementor-row\">\n\t\t\t\t<div class=\"elementor-element elementor-element-12c09781 elementor-column elementor-col-50 elementor-inner-column\" data-id=\"12c09781\" data-element_type=\"column\">\n\t\t\t<div class=\"elementor-column-wrap  elementor-element-populated\">\n\t\t\t\t\t<div class=\"elementor-widget-wrap\">\n\t\t\t\t<div class=\"elementor-element elementor-element-6bb5dfe1 elementor-widget elementor-widget-heading\" data-id=\"6bb5dfe1\" data-element_type=\"widget\" data-widget_type=\"heading.default\">\n\t\t\t\t<div class=\"elementor-widget-container\">\n\t\t\t<h2 class=\"elementor-heading-title elementor-size-default\">ALLGEMEINE VERTRAGSDATEN<\/h2>\t\t<\/div>\n\t\t\t\t<\/div>\n\t\t\t\t<div class=\"elementor-element elementor-element-4a29b4a elementor-widget elementor-widget-text-editor\" data-id=\"4a29b4a\" data-element_type=\"widget\" data-widget_type=\"text-editor.default\">\n\t\t\t\t<div class=\"elementor-widget-container\">\n\t\t\t\t\t<div class=\"elementor-text-editor elementor-clearfix\"><p><b>Auftraggeber:\u00a0<\/b>Persoane fizice<\/p><p><b>Generalunternehmer:\u00a0<\/b>S.C. Retter Projectmanagement S.R.L.<\/p><p><b>Anteil:<\/b>\u00a0100%<\/p><p><b>Vertragswert:\u00a0<\/b>425.650,00 LEI<\/p><p><b>Vertragsdauer:<\/b>\u00a02015 \u2013 2016<\/p><\/div>\n\t\t\t\t<\/div>\n\t\t\t\t<\/div>\n\t\t\t\t\t\t<\/div>\n\t\t\t<\/div>\n\t\t<\/div>\n\t\t\t\t<div class=\"elementor-element elementor-element-7bb5c5bc elementor-column elementor-col-50 elementor-inner-column\" data-id=\"7bb5c5bc\" data-element_type=\"column\">\n\t\t\t<div class=\"elementor-column-wrap  elementor-element-populated\">\n\t\t\t\t\t<div class=\"elementor-widget-wrap\">\n\t\t\t\t<div class=\"elementor-element elementor-element-8347173 elementor-widget elementor-widget-heading\" data-id=\"8347173\" data-element_type=\"widget\" data-widget_type=\"heading.default\">\n\t\t\t\t<div class=\"elementor-widget-container\">\n\t\t\t<h2 class=\"elementor-heading-title elementor-size-default\">KURZFASSUNG DES PROJEKTES<\/h2>\t\t<\/div>\n\t\t\t\t<\/div>\n\t\t\t\t<div class=\"elementor-element elementor-element-289e3133 elementor-widget elementor-widget-text-editor\" data-id=\"289e3133\" data-element_type=\"widget\" data-widget_type=\"text-editor.default\">\n\t\t\t\t<div class=\"elementor-widget-container\">\n\t\t\t\t\t<div class=\"elementor-text-editor elementor-clearfix\"><p>\u2022 Einteilung<br \/>\u2022 Endarbeiten<br \/>\u2022 Elektroanlagen<br \/>\u2022 HVAC-Klimaanlagen<\/p><\/div>\n\t\t\t\t<\/div>\n\t\t\t\t<\/div>\n\t\t\t\t<div class=\"elementor-element elementor-element-6da1f47 elementor-widget elementor-widget-heading\" data-id=\"6da1f47\" data-element_type=\"widget\" data-widget_type=\"heading.default\">\n\t\t\t\t<div class=\"elementor-widget-container\">\n\t\t\t<h2 class=\"elementor-heading-title elementor-size-default\">CANTIT\u0102\u021aI PRINCIPALE<\/h2>\t\t<\/div>\n\t\t\t\t<\/div>\n\t\t\t\t<div class=\"elementor-element elementor-element-fc8d2b2 elementor-widget elementor-widget-text-editor\" data-id=\"fc8d2b2\" data-element_type=\"widget\" data-widget_type=\"text-editor.default\">\n\t\t\t\t<div class=\"elementor-widget-container\">\n\t\t\t\t\t<div class=\"elementor-text-editor elementor-clearfix\"><p><b>Plac\u0103 gips:<\/b> 250 m2<\/p><p><b>Pere\u021bi de sticl\u0103:<\/b> 40 m2<\/p><p><b>Mobilier:<\/b>\u00a021 pcs<\/p><p><b>Instala\u021bii electrice:<\/b> 2.675 m<\/p><p><b>Instala\u021bii HVAC:<\/b> 85 m<\/p><p><b>Instala\u021bii sanitare:<\/b> 35 m<\/p><\/div>\n\t\t\t\t<\/div>\n\t\t\t\t<\/div>\n\t\t\t\t\t\t<\/div>\n\t\t\t<\/div>\n\t\t<\/div>\n\t\t\t\t\t\t<\/div>\n\t\t\t<\/div>\n\t\t<\/section>\n\t\t\t\t<div class=\"elementor-element elementor-element-200be67c elementor-widget elementor-widget-spacer\" data-id=\"200be67c\" data-element_type=\"widget\" data-widget_type=\"spacer.default\">\n\t\t\t\t<div class=\"elementor-widget-container\">\n\t\t\t\t\t<div class=\"elementor-spacer\">\n\t\t\t<div class=\"elementor-spacer-inner\"><\/div>\n\t\t<\/div>\n\t\t\t\t<\/div>\n\t\t\t\t<\/div>\n\t\t\t\t\t\t<\/div>\n\t\t\t<\/div>\n\t\t<\/div>\n\t\t\t\t\t\t<\/div>\n\t\t\t<\/div>\n\t\t<\/section>\n\t\t\t\t<section class=\"elementor-element elementor-element-5fdc9f0 elementor-section-boxed elementor-section-height-default elementor-section-height-default elementor-section elementor-top-section\" data-id=\"5fdc9f0\" data-element_type=\"section\">\n\t\t\t\t\t\t<div class=\"elementor-container elementor-column-gap-default\">\n\t\t\t\t<div class=\"elementor-row\">\n\t\t\t\t<div class=\"elementor-element elementor-element-c1c5310 elementor-column elementor-col-100 elementor-top-column\" data-id=\"c1c5310\" data-element_type=\"column\">\n\t\t\t<div class=\"elementor-column-wrap  elementor-element-populated\">\n\t\t\t\t\t<div class=\"elementor-widget-wrap\">\n\t\t\t\t<div class=\"elementor-element elementor-element-c21432a elementor-arrows-position-inside elementor-pagination-position-outside elementor-widget elementor-widget-image-carousel\" data-id=\"c21432a\" data-element_type=\"widget\" data-settings=\"{&quot;slides_to_show&quot;:&quot;2&quot;,&quot;slides_to_scroll&quot;:&quot;2&quot;,&quot;navigation&quot;:&quot;both&quot;,&quot;autoplay&quot;:&quot;yes&quot;,&quot;pause_on_hover&quot;:&quot;yes&quot;,&quot;pause_on_interaction&quot;:&quot;yes&quot;,&quot;autoplay_speed&quot;:5000,&quot;infinite&quot;:&quot;yes&quot;,&quot;speed&quot;:500,&quot;direction&quot;:&quot;ltr&quot;,&quot;image_spacing_custom&quot;:{&quot;unit&quot;:&quot;px&quot;,&quot;size&quot;:20,&quot;sizes&quot;:[]}}\" data-widget_type=\"image-carousel.default\">\n\t\t\t\t<div class=\"elementor-widget-container\">\n\t\t\t\t\t<div class=\"elementor-image-carousel-wrapper swiper-container\" dir=\"ltr\">\n\t\t\t<div class=\"elementor-image-carousel swiper-wrapper\">\n\t\t\t\t<div class=\"swiper-slide\"><figure class=\"swiper-slide-inner\"><img decoding=\"async\" class=\"swiper-slide-image\" src=\"https:\/\/www.rettergroup.com\/wp-content\/uploads\/2020\/04\/15-1024x576.jpeg\" alt=\"15\" \/><\/figure><\/div><div class=\"swiper-slide\"><figure class=\"swiper-slide-inner\"><img decoding=\"async\" class=\"swiper-slide-image\" src=\"https:\/\/www.rettergroup.com\/wp-content\/uploads\/2020\/04\/14-1024x576.jpeg\" alt=\"14\" \/><\/figure><\/div><div class=\"swiper-slide\"><figure class=\"swiper-slide-inner\"><img decoding=\"async\" class=\"swiper-slide-image\" src=\"https:\/\/www.rettergroup.com\/wp-content\/uploads\/2020\/04\/13-1024x576.jpeg\" alt=\"13\" \/><\/figure><\/div><div class=\"swiper-slide\"><figure class=\"swiper-slide-inner\"><img decoding=\"async\" class=\"swiper-slide-image\" src=\"https:\/\/www.rettergroup.com\/wp-content\/uploads\/2020\/04\/11-1024x576.jpeg\" alt=\"11\" \/><\/figure><\/div><div class=\"swiper-slide\"><figure class=\"swiper-slide-inner\"><img decoding=\"async\" class=\"swiper-slide-image\" src=\"https:\/\/www.rettergroup.com\/wp-content\/uploads\/2020\/04\/12-1024x576.jpeg\" alt=\"12\" \/><\/figure><\/div><div class=\"swiper-slide\"><figure class=\"swiper-slide-inner\"><img decoding=\"async\" class=\"swiper-slide-image\" src=\"https:\/\/www.rettergroup.com\/wp-content\/uploads\/2020\/04\/10-1024x576.jpeg\" alt=\"10\" \/><\/figure><\/div><div class=\"swiper-slide\"><figure class=\"swiper-slide-inner\"><img decoding=\"async\" class=\"swiper-slide-image\" src=\"https:\/\/www.rettergroup.com\/wp-content\/uploads\/2020\/04\/9-1024x576.jpeg\" alt=\"9\" \/><\/figure><\/div><div class=\"swiper-slide\"><figure class=\"swiper-slide-inner\"><img decoding=\"async\" class=\"swiper-slide-image\" src=\"https:\/\/www.rettergroup.com\/wp-content\/uploads\/2020\/04\/8-1024x576.jpeg\" alt=\"8\" \/><\/figure><\/div><div class=\"swiper-slide\"><figure class=\"swiper-slide-inner\"><img decoding=\"async\" class=\"swiper-slide-image\" src=\"https:\/\/www.rettergroup.com\/wp-content\/uploads\/2020\/04\/7-1024x576.jpg\" alt=\"7\" \/><\/figure><\/div><div class=\"swiper-slide\"><figure class=\"swiper-slide-inner\"><img decoding=\"async\" class=\"swiper-slide-image\" src=\"https:\/\/www.rettergroup.com\/wp-content\/uploads\/2020\/04\/6-1024x576.jpeg\" alt=\"6\" \/><\/figure><\/div><div class=\"swiper-slide\"><figure class=\"swiper-slide-inner\"><img decoding=\"async\" class=\"swiper-slide-image\" src=\"https:\/\/www.rettergroup.com\/wp-content\/uploads\/2020\/04\/5-1024x576.jpeg\" alt=\"5\" \/><\/figure><\/div><div class=\"swiper-slide\"><figure class=\"swiper-slide-inner\"><img decoding=\"async\" class=\"swiper-slide-image\" src=\"https:\/\/www.rettergroup.com\/wp-content\/uploads\/2020\/04\/3-1024x576.jpeg\" alt=\"3\" \/><\/figure><\/div><div class=\"swiper-slide\"><figure class=\"swiper-slide-inner\"><img decoding=\"async\" class=\"swiper-slide-image\" src=\"https:\/\/www.rettergroup.com\/wp-content\/uploads\/2020\/04\/4-1024x576.jpeg\" alt=\"4\" \/><\/figure><\/div><div class=\"swiper-slide\"><figure class=\"swiper-slide-inner\"><img decoding=\"async\" class=\"swiper-slide-image\" src=\"https:\/\/www.rettergroup.com\/wp-content\/uploads\/2020\/04\/2-1024x576.jpeg\" alt=\"2\" \/><\/figure><\/div><div class=\"swiper-slide\"><figure class=\"swiper-slide-inner\"><img decoding=\"async\" class=\"swiper-slide-image\" src=\"https:\/\/www.rettergroup.com\/wp-content\/uploads\/2020\/04\/Case-Toscane.jpeg\" alt=\"Case Toscane\" \/><\/figure><\/div><div class=\"swiper-slide\"><figure class=\"swiper-slide-inner\"><img decoding=\"async\" class=\"swiper-slide-image\" src=\"https:\/\/www.rettergroup.com\/wp-content\/uploads\/2020\/04\/1-1024x576.jpeg\" alt=\"1\" \/><\/figure><\/div><div class=\"swiper-slide\"><figure class=\"swiper-slide-inner\"><img decoding=\"async\" class=\"swiper-slide-image\" src=\"https:\/\/www.rettergroup.com\/wp-content\/uploads\/2020\/04\/Completare_Proiecte-finalizate_Case-Toscane1-1024x576.jpeg\" alt=\"Completare_Proiecte finalizate_Case Toscane1\" \/><\/figure><\/div><div class=\"swiper-slide\"><figure class=\"swiper-slide-inner\"><img decoding=\"async\" class=\"swiper-slide-image\" src=\"https:\/\/www.rettergroup.com\/wp-content\/uploads\/2020\/04\/Completare_Proiecte-finalizate_Case-Toscane2-1024x576.jpeg\" alt=\"Completare_Proiecte finalizate_Case Toscane2\" \/><\/figure><\/div><div class=\"swiper-slide\"><figure class=\"swiper-slide-inner\"><img decoding=\"async\" class=\"swiper-slide-image\" src=\"https:\/\/www.rettergroup.com\/wp-content\/uploads\/2020\/04\/Guido_-completari-_proiecte-finalizate_Case-toscane.1-1024x768.jpeg\" alt=\"Guido_ completari _proiecte finalizate_Case toscane.1\" \/><\/figure><\/div><div class=\"swiper-slide\"><figure class=\"swiper-slide-inner\"><img decoding=\"async\" class=\"swiper-slide-image\" src=\"https:\/\/www.rettergroup.com\/wp-content\/uploads\/2020\/04\/Guido_-completari-_proiecte-finalizate_Case-toscane-1024x768.jpeg\" alt=\"Guido_ completari _proiecte finalizate_Case toscane\" \/><\/figure><\/div>\t\t\t<\/div>\n\t\t\t\t\t\t\t\t\t\t\t\t<div class=\"swiper-pagination\"><\/div>\n\t\t\t\t\t\t\t\t\t\t\t\t\t<div class=\"elementor-swiper-button elementor-swiper-button-prev\">\n\t\t\t\t\t\t<i class=\"eicon-chevron-left\" aria-hidden=\"true\"><\/i>\n\t\t\t\t\t\t<span class=\"elementor-screen-only\">Zur\u00fcck<\/span>\n\t\t\t\t\t<\/div>\n\t\t\t\t\t<div class=\"elementor-swiper-button elementor-swiper-button-next\">\n\t\t\t\t\t\t<i class=\"eicon-chevron-right\" aria-hidden=\"true\"><\/i>\n\t\t\t\t\t\t<span class=\"elementor-screen-only\">Weiter<\/span>\n\t\t\t\t\t<\/div>\n\t\t\t\t\t\t\t\t\t<\/div>\n\t\t\t\t<\/div>\n\t\t\t\t<\/div>\n\t\t\t\t\t\t<\/div>\n\t\t\t<\/div>\n\t\t<\/div>\n\t\t\t\t\t\t<\/div>\n\t\t\t<\/div>\n\t\t<\/section>\n\t\t\t\t\t\t<\/div>\n\t\t\t<\/div>\n\t\t<\/div>\n\t\t","protected":false},"excerpt":{"rendered":"<p>Planung und Ausf\u00fchrung: Toskana-H\u00e4user ALLGEMEINE VERTRAGSDATEN Auftraggeber:\u00a0Persoane fizice Generalunternehmer:\u00a0S.C. Retter Projectmanagement S.R.L. Anteil:\u00a0100% Vertragswert:\u00a0425.650,00 LEI Vertragsdauer:\u00a02015 \u2013 2016 KURZFASSUNG DES&#8230;<\/p>\n","protected":false},"author":7,"featured_media":0,"parent":0,"menu_order":0,"comment_status":"closed","ping_status":"closed","template":"","meta":{"footnotes":""},"class_list":["post-2613","page","type-page","status-publish","hentry"],"yoast_head":"<!-- This site is optimized with the Yoast SEO plugin v26.8 - https:\/\/yoast.com\/product\/yoast-seo-wordpress\/ -->\n<title>Planung und Ausf\u00fchrung: Toskana-H\u00e4user - Retter<\/title>\n<meta name=\"robots\" content=\"index, follow, max-snippet:-1, max-image-preview:large, max-video-preview:-1\" \/>\n<link rel=\"canonical\" href=\"https:\/\/www.rettergroup.com\/de\/planung-und-ausfuehrung-toskana-haeuser\/\" \/>\n<meta property=\"og:locale\" content=\"de_DE\" \/>\n<meta property=\"og:type\" content=\"article\" \/>\n<meta property=\"og:title\" content=\"Planung und Ausf\u00fchrung: Toskana-H\u00e4user - Retter\" \/>\n<meta property=\"og:description\" content=\"Planung und Ausf\u00fchrung: Toskana-H\u00e4user ALLGEMEINE VERTRAGSDATEN Auftraggeber:\u00a0Persoane fizice Generalunternehmer:\u00a0S.C. Retter Projectmanagement S.R.L. Anteil:\u00a0100% Vertragswert:\u00a0425.650,00 LEI Vertragsdauer:\u00a02015 \u2013 2016 KURZFASSUNG DES...\" \/>\n<meta property=\"og:url\" content=\"https:\/\/www.rettergroup.com\/de\/planung-und-ausfuehrung-toskana-haeuser\/\" \/>\n<meta property=\"og:site_name\" content=\"Retter\" \/>\n<meta property=\"article:modified_time\" content=\"2020-07-24T10:10:41+00:00\" \/>\n<meta property=\"og:image\" content=\"http:\/\/www.rettergroup.com\/wp-content\/uploads\/2020\/04\/15-1024x576.jpeg\" \/>\n<meta name=\"twitter:card\" content=\"summary_large_image\" \/>\n<script type=\"application\/ld+json\" class=\"yoast-schema-graph\">{\"@context\":\"https:\/\/schema.org\",\"@graph\":[{\"@type\":\"WebPage\",\"@id\":\"https:\/\/www.rettergroup.com\/de\/planung-und-ausfuehrung-toskana-haeuser\/\",\"url\":\"https:\/\/www.rettergroup.com\/de\/planung-und-ausfuehrung-toskana-haeuser\/\",\"name\":\"Planung und Ausf\u00fchrung: Toskana-H\u00e4user - Retter\",\"isPartOf\":{\"@id\":\"https:\/\/www.rettergroup.com\/de\/#website\"},\"primaryImageOfPage\":{\"@id\":\"https:\/\/www.rettergroup.com\/de\/planung-und-ausfuehrung-toskana-haeuser\/#primaryimage\"},\"image\":{\"@id\":\"https:\/\/www.rettergroup.com\/de\/planung-und-ausfuehrung-toskana-haeuser\/#primaryimage\"},\"thumbnailUrl\":\"http:\/\/www.rettergroup.com\/wp-content\/uploads\/2020\/04\/15-1024x576.jpeg\",\"datePublished\":\"2020-03-31T14:15:27+00:00\",\"dateModified\":\"2020-07-24T10:10:41+00:00\",\"breadcrumb\":{\"@id\":\"https:\/\/www.rettergroup.com\/de\/planung-und-ausfuehrung-toskana-haeuser\/#breadcrumb\"},\"inLanguage\":\"de\",\"potentialAction\":[{\"@type\":\"ReadAction\",\"target\":[\"https:\/\/www.rettergroup.com\/de\/planung-und-ausfuehrung-toskana-haeuser\/\"]}]},{\"@type\":\"ImageObject\",\"inLanguage\":\"de\",\"@id\":\"https:\/\/www.rettergroup.com\/de\/planung-und-ausfuehrung-toskana-haeuser\/#primaryimage\",\"url\":\"http:\/\/www.rettergroup.com\/wp-content\/uploads\/2020\/04\/15-1024x576.jpeg\",\"contentUrl\":\"http:\/\/www.rettergroup.com\/wp-content\/uploads\/2020\/04\/15-1024x576.jpeg\"},{\"@type\":\"BreadcrumbList\",\"@id\":\"https:\/\/www.rettergroup.com\/de\/planung-und-ausfuehrung-toskana-haeuser\/#breadcrumb\",\"itemListElement\":[{\"@type\":\"ListItem\",\"position\":1,\"name\":\"Home\",\"item\":\"https:\/\/www.rettergroup.com\/de\/\"},{\"@type\":\"ListItem\",\"position\":2,\"name\":\"Planung und Ausf\u00fchrung: Toskana-H\u00e4user\"}]},{\"@type\":\"WebSite\",\"@id\":\"https:\/\/www.rettergroup.com\/de\/#website\",\"url\":\"https:\/\/www.rettergroup.com\/de\/\",\"name\":\"Retter\",\"description\":\"Misiunea noastr\u0103 este calitatea\",\"potentialAction\":[{\"@type\":\"SearchAction\",\"target\":{\"@type\":\"EntryPoint\",\"urlTemplate\":\"https:\/\/www.rettergroup.com\/de\/?s={search_term_string}\"},\"query-input\":{\"@type\":\"PropertyValueSpecification\",\"valueRequired\":true,\"valueName\":\"search_term_string\"}}],\"inLanguage\":\"de\"}]}<\/script>\n<!-- \/ Yoast SEO plugin. -->","yoast_head_json":{"title":"Planung und Ausf\u00fchrung: Toskana-H\u00e4user - Retter","robots":{"index":"index","follow":"follow","max-snippet":"max-snippet:-1","max-image-preview":"max-image-preview:large","max-video-preview":"max-video-preview:-1"},"canonical":"https:\/\/www.rettergroup.com\/de\/planung-und-ausfuehrung-toskana-haeuser\/","og_locale":"de_DE","og_type":"article","og_title":"Planung und Ausf\u00fchrung: Toskana-H\u00e4user - Retter","og_description":"Planung und Ausf\u00fchrung: Toskana-H\u00e4user ALLGEMEINE VERTRAGSDATEN Auftraggeber:\u00a0Persoane fizice Generalunternehmer:\u00a0S.C. Retter Projectmanagement S.R.L. Anteil:\u00a0100% Vertragswert:\u00a0425.650,00 LEI Vertragsdauer:\u00a02015 \u2013 2016 KURZFASSUNG DES...","og_url":"https:\/\/www.rettergroup.com\/de\/planung-und-ausfuehrung-toskana-haeuser\/","og_site_name":"Retter","article_modified_time":"2020-07-24T10:10:41+00:00","og_image":[{"url":"http:\/\/www.rettergroup.com\/wp-content\/uploads\/2020\/04\/15-1024x576.jpeg","type":"","width":"","height":""}],"twitter_card":"summary_large_image","schema":{"@context":"https:\/\/schema.org","@graph":[{"@type":"WebPage","@id":"https:\/\/www.rettergroup.com\/de\/planung-und-ausfuehrung-toskana-haeuser\/","url":"https:\/\/www.rettergroup.com\/de\/planung-und-ausfuehrung-toskana-haeuser\/","name":"Planung und Ausf\u00fchrung: Toskana-H\u00e4user - Retter","isPartOf":{"@id":"https:\/\/www.rettergroup.com\/de\/#website"},"primaryImageOfPage":{"@id":"https:\/\/www.rettergroup.com\/de\/planung-und-ausfuehrung-toskana-haeuser\/#primaryimage"},"image":{"@id":"https:\/\/www.rettergroup.com\/de\/planung-und-ausfuehrung-toskana-haeuser\/#primaryimage"},"thumbnailUrl":"http:\/\/www.rettergroup.com\/wp-content\/uploads\/2020\/04\/15-1024x576.jpeg","datePublished":"2020-03-31T14:15:27+00:00","dateModified":"2020-07-24T10:10:41+00:00","breadcrumb":{"@id":"https:\/\/www.rettergroup.com\/de\/planung-und-ausfuehrung-toskana-haeuser\/#breadcrumb"},"inLanguage":"de","potentialAction":[{"@type":"ReadAction","target":["https:\/\/www.rettergroup.com\/de\/planung-und-ausfuehrung-toskana-haeuser\/"]}]},{"@type":"ImageObject","inLanguage":"de","@id":"https:\/\/www.rettergroup.com\/de\/planung-und-ausfuehrung-toskana-haeuser\/#primaryimage","url":"http:\/\/www.rettergroup.com\/wp-content\/uploads\/2020\/04\/15-1024x576.jpeg","contentUrl":"http:\/\/www.rettergroup.com\/wp-content\/uploads\/2020\/04\/15-1024x576.jpeg"},{"@type":"BreadcrumbList","@id":"https:\/\/www.rettergroup.com\/de\/planung-und-ausfuehrung-toskana-haeuser\/#breadcrumb","itemListElement":[{"@type":"ListItem","position":1,"name":"Home","item":"https:\/\/www.rettergroup.com\/de\/"},{"@type":"ListItem","position":2,"name":"Planung und Ausf\u00fchrung: Toskana-H\u00e4user"}]},{"@type":"WebSite","@id":"https:\/\/www.rettergroup.com\/de\/#website","url":"https:\/\/www.rettergroup.com\/de\/","name":"Retter","description":"Misiunea noastr\u0103 este calitatea","potentialAction":[{"@type":"SearchAction","target":{"@type":"EntryPoint","urlTemplate":"https:\/\/www.rettergroup.com\/de\/?s={search_term_string}"},"query-input":{"@type":"PropertyValueSpecification","valueRequired":true,"valueName":"search_term_string"}}],"inLanguage":"de"}]}},"_links":{"self":[{"href":"https:\/\/www.rettergroup.com\/de\/wp-json\/wp\/v2\/pages\/2613","targetHints":{"allow":["GET"]}}],"collection":[{"href":"https:\/\/www.rettergroup.com\/de\/wp-json\/wp\/v2\/pages"}],"about":[{"href":"https:\/\/www.rettergroup.com\/de\/wp-json\/wp\/v2\/types\/page"}],"author":[{"embeddable":true,"href":"https:\/\/www.rettergroup.com\/de\/wp-json\/wp\/v2\/users\/7"}],"replies":[{"embeddable":true,"href":"https:\/\/www.rettergroup.com\/de\/wp-json\/wp\/v2\/comments?post=2613"}],"version-history":[{"count":3,"href":"https:\/\/www.rettergroup.com\/de\/wp-json\/wp\/v2\/pages\/2613\/revisions"}],"predecessor-version":[{"id":3165,"href":"https:\/\/www.rettergroup.com\/de\/wp-json\/wp\/v2\/pages\/2613\/revisions\/3165"}],"wp:attachment":[{"href":"https:\/\/www.rettergroup.com\/de\/wp-json\/wp\/v2\/media?parent=2613"}],"curies":[{"name":"wp","href":"https:\/\/api.w.org\/{rel}","templated":true}]}}