{"id":2617,"date":"2019-10-01T12:23:43","date_gmt":"2019-10-01T09:23:43","guid":{"rendered":"http:\/\/www.rettergroup.com\/scurt-istoric\/"},"modified":"2020-07-24T12:11:41","modified_gmt":"2020-07-24T09:11:41","slug":"kurze-geschichte","status":"publish","type":"page","link":"https:\/\/www.rettergroup.com\/de\/kurze-geschichte\/","title":{"rendered":"Kurze Geschichte"},"content":{"rendered":"\t\t<div data-elementor-type=\"wp-post\" data-elementor-id=\"2617\" class=\"elementor elementor-2617 elementor-1508\" data-elementor-settings=\"[]\">\n\t\t\t<div class=\"elementor-inner\">\n\t\t\t\t<div class=\"elementor-section-wrap\">\n\t\t\t\t\t\t\t<section class=\"elementor-element elementor-element-5d53686 elementor-section-boxed elementor-section-height-default elementor-section-height-default elementor-section elementor-top-section\" data-id=\"5d53686\" data-element_type=\"section\" data-settings=\"{&quot;background_background&quot;:&quot;classic&quot;}\">\n\t\t\t\t\t\t\t<div class=\"elementor-background-overlay\"><\/div>\n\t\t\t\t\t\t\t<div class=\"elementor-container elementor-column-gap-default\">\n\t\t\t\t<div class=\"elementor-row\">\n\t\t\t\t<div class=\"elementor-element elementor-element-f570fac elementor-column elementor-col-16 elementor-top-column\" data-id=\"f570fac\" data-element_type=\"column\">\n\t\t\t<div class=\"elementor-column-wrap\">\n\t\t\t\t\t<div class=\"elementor-widget-wrap\">\n\t\t\t\t\t\t<\/div>\n\t\t\t<\/div>\n\t\t<\/div>\n\t\t\t\t<div class=\"elementor-element elementor-element-72cd1ee elementor-column elementor-col-66 elementor-top-column\" data-id=\"72cd1ee\" data-element_type=\"column\">\n\t\t\t<div class=\"elementor-column-wrap  elementor-element-populated\">\n\t\t\t\t\t<div class=\"elementor-widget-wrap\">\n\t\t\t\t<div class=\"elementor-element elementor-element-fec38fa elementor-widget elementor-widget-spacer\" data-id=\"fec38fa\" data-element_type=\"widget\" data-widget_type=\"spacer.default\">\n\t\t\t\t<div class=\"elementor-widget-container\">\n\t\t\t\t\t<div class=\"elementor-spacer\">\n\t\t\t<div class=\"elementor-spacer-inner\"><\/div>\n\t\t<\/div>\n\t\t\t\t<\/div>\n\t\t\t\t<\/div>\n\t\t\t\t<div class=\"elementor-element elementor-element-fc1f210 elementor-widget elementor-widget-heading\" data-id=\"fc1f210\" data-element_type=\"widget\" data-widget_type=\"heading.default\">\n\t\t\t\t<div class=\"elementor-widget-container\">\n\t\t\t<h1 class=\"elementor-heading-title elementor-size-default\">Kurze Geschichte<\/h1>\t\t<\/div>\n\t\t\t\t<\/div>\n\t\t\t\t<div class=\"elementor-element elementor-element-0883857 elementor-widget elementor-widget-spacer\" data-id=\"0883857\" data-element_type=\"widget\" data-widget_type=\"spacer.default\">\n\t\t\t\t<div class=\"elementor-widget-container\">\n\t\t\t\t\t<div class=\"elementor-spacer\">\n\t\t\t<div class=\"elementor-spacer-inner\"><\/div>\n\t\t<\/div>\n\t\t\t\t<\/div>\n\t\t\t\t<\/div>\n\t\t\t\t\t\t<\/div>\n\t\t\t<\/div>\n\t\t<\/div>\n\t\t\t\t<div class=\"elementor-element elementor-element-1d62113 elementor-column elementor-col-16 elementor-top-column\" data-id=\"1d62113\" data-element_type=\"column\">\n\t\t\t<div class=\"elementor-column-wrap\">\n\t\t\t\t\t<div class=\"elementor-widget-wrap\">\n\t\t\t\t\t\t<\/div>\n\t\t\t<\/div>\n\t\t<\/div>\n\t\t\t\t\t\t<\/div>\n\t\t\t<\/div>\n\t\t<\/section>\n\t\t\t\t<section class=\"elementor-element elementor-element-0e4331d elementor-section-full_width elementor-section-height-default elementor-section-height-default elementor-section elementor-top-section\" data-id=\"0e4331d\" data-element_type=\"section\">\n\t\t\t\t\t\t<div class=\"elementor-container elementor-column-gap-default\">\n\t\t\t\t<div class=\"elementor-row\">\n\t\t\t\t<div class=\"elementor-element elementor-element-9157a1f elementor-column elementor-col-16 elementor-top-column\" data-id=\"9157a1f\" data-element_type=\"column\">\n\t\t\t<div class=\"elementor-column-wrap\">\n\t\t\t\t\t<div class=\"elementor-widget-wrap\">\n\t\t\t\t\t\t<\/div>\n\t\t\t<\/div>\n\t\t<\/div>\n\t\t\t\t<div class=\"elementor-element elementor-element-893ee62 elementor-column elementor-col-66 elementor-top-column\" data-id=\"893ee62\" data-element_type=\"column\">\n\t\t\t<div class=\"elementor-column-wrap  elementor-element-populated\">\n\t\t\t\t\t<div class=\"elementor-widget-wrap\">\n\t\t\t\t<div class=\"elementor-element elementor-element-80a3b9c elementor-widget elementor-widget-spacer\" data-id=\"80a3b9c\" data-element_type=\"widget\" data-widget_type=\"spacer.default\">\n\t\t\t\t<div class=\"elementor-widget-container\">\n\t\t\t\t\t<div class=\"elementor-spacer\">\n\t\t\t<div class=\"elementor-spacer-inner\"><\/div>\n\t\t<\/div>\n\t\t\t\t<\/div>\n\t\t\t\t<\/div>\n\t\t\t\t<div class=\"elementor-element elementor-element-17e338c elementor-widget elementor-widget-html\" data-id=\"17e338c\" data-element_type=\"widget\" data-widget_type=\"html.default\">\n\t\t\t\t<div class=\"elementor-widget-container\">\n\t\t\t<table style=\"width:100%;\">\r\n  <tr>\r\n    <th width=\"20%\" markdown=\"span\" style=\"padding: 10px 15px 10px 0px; text-align: right; border: none; max-width:100%; max-height:10%; background: transparent;\">Jahr<\/th>\r\n    <th markdown=\"span\" style=\"padding: 10px 0px 10px 2px; border: none; max-width:100%; max-height:10%; background: transparent;\">Arbeiten<\/th>\r\n  <\/tr>\r\n  <tr >\r\n    <td align=\"right\" markdown=\"span\" style=\"padding: 10px 15px 10px 0px; border: none; max-width:100%; max-height:10%; background: transparent; vertical-align: top;\">2006<\/td>\r\n    <td markdown=\"span\" style=\"padding: 10px 0px 0px 0px; border: none; max-width:100%; max-height:10%; background: transparent;\">Die RETTER Projectmanagemet SRL wird gegr\u00fcndet, mit der Hauptt\u00e4tigkeit \u201cBeratung f\u00fcr Gesch\u00e4ft und Management\u201d<\/td>\r\n  <\/tr>\r\n    <tr>\r\n    <td align=\"right\" markdown=\"span\" style=\"padding:  10px 15px 10px 0px; border: none; max-width:100%; max-height:10%; background: transparent; vertical-align: top;\">2006 - 2008<\/td>\r\n    <td markdown=\"span\" style=\"padding: 10px 0px 10px 2px; border: none; max-width:100%; max-height:10%; background: transparent;\">Internationaler Flughafen Sibiu: Projektmanagement<\/td>\r\n  <\/tr>\r\n    <tr>\r\n    <td align=\"right\" markdown=\"span\" style=\"padding:  10px 15px 10px 0px; border: none; max-width:100%; max-height:10%; background: transparent; vertical-align: top;\">2008-2010<\/td>\r\n    <td markdown=\"span\" style=\"padding: 10px 0px 10px 2px; border: none; max-width:100%; max-height:10%; background: transparent;\">Esplanada Bukarest: Projekt in privater-\u00f6ffentlicher Partnerschaft (PPP) mit dem Gegenstand Leistung von Entwicklungs- und Projektmanagementdienste <br> <br>Die Organisation erweitert ihren T\u00e4tigkeitsbereich durch die Teilnahme als Dienstleister\/Subunternehmer an der Ausf\u00fchrung von Hoch- und Tiefbauarbeiten,Strassen- und Br\u00fcckenbau<\/td>\r\n  <\/tr>\r\n    <tr>\r\n    <td align=\"right\" markdown=\"span\" style=\"padding:  10px 15px 10px 0px; border: none; max-width:100%; max-height:10%; background: transparent; vertical-align: top;\">2010<\/td>\r\n    <td markdown=\"span\" style=\"padding: 10px 0px 10px 2px; border: none; max-width:100%; max-height:10%; background: transparent;\">Das Media\u0219 Stadion: Planung, Projektmanagement und Ausf\u00fchrunge<br><br>Luxushaus Balote\u0219ti: Start im Zivilbaubereich durch den Bau des ersten Luxushauses in der Gemeinde Balote\u0219ti, Kreis Ilfov<br><br>Luxus-Penthouse Her\u0103str\u0103u<\/td>\r\n    \r\n  <\/tr>\r\n    <tr>\r\n    <td align=\"right\" markdown=\"span\" style=\"padding:  10px 15px 10px 0px; border: none; max-width:100%; max-height:10%; background: transparent; vertical-align: top;\">2010 - 2011<\/td>\r\n    <td markdown=\"span\" style=\"padding: 10px 0px 10px 2px; border: none; max-width:100%; max-height:10%; background: transparent;\">Sanierung nationalen Stra\u00dfen DN19: die ersten Bauarbeiten als Subunternehmer der S.C. STRABAG S.R.L, bestehend in der Ausf\u00fchrung der Br\u00fccken auf der DN19<\/td>\r\n  <\/tr>\r\n    <tr>\r\n    <td align=\"right\" markdown=\"span\" style=\"padding:  10px 15px 10px 0px; border: none; max-width:100%; max-height:10%; background: transparent; vertical-align: top;\">2011 - 2013<\/td>\r\n    <td markdown=\"span\" style=\"padding: 10px 0px 10px 2px; border: none; max-width:100%; max-height:10%; background: transparent;\">Bypass Deva-Or\u0103\u0219tie, DN14: Ausf\u00fchrung der Br\u00fccken auf der Umleitung Deva- Or\u0103\u0219tie (3 Br\u00fccken) und auf der Autobahn Or\u0103\u0219tie- Sibiu, Los 1 (9 Br\u00fccken)<\/td>\r\n  <\/tr>\r\n    <tr>\r\n    <td align=\"right\" markdown=\"span\" style=\"padding:  10px 15px 10px 0px; border: none; max-width:100%; max-height:10%; background: transparent; vertical-align: top;\">2012-2014<\/td>\r\n    <td markdown=\"span\" style=\"padding: 10px 0px 10px 2px; border: none; max-width:100%; max-height:10%; background: transparent;\">Wartungs- und Koordinierungszentrum (CIC), Produktionshalle von Daimler Sebe\u0219, Halle von Marquardt: Hoch- und Infrastrukturbauten)<\/td>\r\n  <\/tr>\r\n      <tr>\r\n    <td align=\"right\" markdown=\"span\" style=\"padding:  10px 15px 10px 0px; border: none; max-width:100%; max-height:10%; background: transparent; vertical-align: top;\">2014-2016<\/td>\r\n    <td markdown=\"span\" style=\"padding: 10px 0px 10px 2px; border: none; max-width:100%; max-height:10%; background: transparent;\">Ausf\u00fchrung von Betonplattformen f\u00fcr Schweighofer Reci: Arbeiten f\u00fcr Verkehrsplattformen und Strassen<br><br>ELI \u2013 NP M\u0103gurele: Entwicklungsarbeiten, Lieferung und Montage von Erdbebenschutzsystemen: Stahlfeder und Sto\u00dfd\u00e4mpfer als Subunternehmer der Firma S.C. STRABAG S.R.L. Die Planung des Prototyps erfolgte in Zusammenarbeit mit der Firma Maurer AG.<br><br>Arc de Triumf: Montage der Dehnungsfugen. Die Entwicklung des Produktes erfolgte in Zusammenarbeit mit der Firma Maurer AG. Kunde: PMG Bucure\u0219ti.<\/td>\r\n  <\/tr>\r\n    <tr>\r\n    <td align=\"right\" markdown=\"span\" style=\"padding:  10px 15px 10px 0px; border: none; max-width:100%; max-height:10%; background: transparent; vertical-align: top;\">2016<\/td>\r\n    <td markdown=\"span\" style=\"padding: 10px 0px 10px 2px; border: none; max-width:100%; max-height:10%; background: transparent;\">10 Jahre Jubil\u00e4um von RETTER Projectmanagement: 10 Jahre Jubil\u00e4um gefeiert durch ein unvergessbares Teambuilding mit Herausforderungen, genau wie die Entwicklung des Unternehmens bis zu jenem bestimmten Zeitpunkt<\/td>\r\n  <\/tr>\r\n    <tr>\r\n    <td align=\"right\" markdown=\"span\" style=\"padding:  10px 15px 10px 0px; border: none; max-width:100%; max-height:10%; background: transparent; vertical-align: top;\">2016 - 2017<\/td>\r\n    <td markdown=\"span\" style=\"padding: 10px 0px 10px 2px; border: none; max-width:100%; max-height:10%; background: transparent;\">Bauprojekte Luxuswohnh\u00e4user: Toskana-H\u00e4user Balote\u0219ti und Luxus-Mehrfamilienwohnh\u00e4user Citadel Eforie Nord<br><br>RETTER Projectmanagement wird offiziell zum Vertreter von Maurer SE in Rum\u00e4nien im Bereich der Erdbebenschutzelemente<\/td>\r\n  <\/tr>\r\n    <tr>\r\n    <td align=\"right\" markdown=\"span\" style=\"padding:  10px 15px 10px 0px; border: none; max-width:100%; max-height:10%; background: transparent; vertical-align: top;\">2017<\/td>\r\n    <td markdown=\"span\" style=\"padding: 10px 0px 10px 2px; border: none; max-width:100%; max-height:10%; background: transparent;\">Es wurden 3 Vertr\u00e4ge unterschrieben, mit dem Gegenstand die Ausf\u00fchrung der Oberbauten f\u00fcr 17 Br\u00fccken der Autobahn Sebe\u0219-Turda, Los 2, in der Eigenschaft als Subunternehmer des Joint Ventures Aktor-Euro Construct Trading 98<br><br>Unterzeichnung von 3 Vertr\u00e4gen f\u00fcr die Entwicklung und Planung der M\u00e4rkte Kika Bucuresti Pallady, Kika Bucure\u0219ti B\u0103neasa und Kika Cluj<\/td>\r\n  <\/tr>\r\n    <tr>\r\n    <td align=\"right\" markdown=\"span\" style=\"padding:  10px 15px 10px 0px; border: none; max-width:100%; max-height:10%; background: transparent; vertical-align: top;\">2018<\/td>\r\n    <td markdown=\"span\" style=\"padding: 10px 0px 10px 2px; border: none; max-width:100%; max-height:10%; background: transparent;\">Orhideea Towers Bucure\u0219ti, RO (Generalunternehhmer PORR Construct S.R.L. Rum\u00e4nien): Montage von 56 Erdbebensto\u00dfd\u00e4mpfern<br><br>Compass Rom\u00e2nia: Vertragsunterzeichnung mit B. Braun Pharmaceuticals mit dem Gegenstand die Sicherstellung des Qualit\u00e4tsmanagement und Baustellen\u00fcberwachung. Standort: Ortschaft S\u00eenandrei, Kreis Timi\u0219, RO<br><br>China Visa Application Service Center - Bukarest, RO: Projektmanagement, Design und Bausausf\u00fchrung<\/td>\r\n  <\/tr>\r\n    <tr>\r\n    <td align=\"right\" markdown=\"span\" style=\"padding:  10px 15px 10px 0px; border: none; max-width:100%; max-height:10%; background: transparent; vertical-align: top;\">2019<\/td>\r\n    <td markdown=\"span\" style=\"padding: 10px 0px 10px 2px; border: none; max-width:100%; max-height:10%; background: transparent;\">\u00d6ffentliche Ausschreibung gewonnen von RETTER Projectmanagement f\u00fcr Planungsdienste, Lieferung und Montage von Dehnungsfugen: Projekt Unebene oberirdische Passage f\u00fcr die Grant-Br\u00fccke, Bukarest, RO<br><br>Einholung der Baugenehmigung f\u00fcr den Bau des LIDL \u0218elimb\u0103r Marktes<br><br>Erweiterung  des Vertrages mit Aktor SA f\u00fcr das Projekt Sebe\u0219-Turda Los 2.<\/td>\r\n  <\/tr>\r\n      <tr>\r\n    <td align=\"right\" markdown=\"span\" style=\"padding:  10px 15px 10px 0px; border: none; max-width:100%; max-height:10%; background: transparent; vertical-align: top;\">2020<\/td>\r\n    <td markdown=\"span\" style=\"padding: 10px 0px 10px 2px; border: none; max-width:100%; max-height:10%; background: transparent;\">Fortsetzung folgt<\/td>\r\n  <\/tr>\r\n\r\n<\/table>\t\t<\/div>\n\t\t\t\t<\/div>\n\t\t\t\t\t\t<\/div>\n\t\t\t<\/div>\n\t\t<\/div>\n\t\t\t\t<div class=\"elementor-element elementor-element-6bb280e elementor-column elementor-col-16 elementor-top-column\" data-id=\"6bb280e\" data-element_type=\"column\">\n\t\t\t<div class=\"elementor-column-wrap\">\n\t\t\t\t\t<div class=\"elementor-widget-wrap\">\n\t\t\t\t\t\t<\/div>\n\t\t\t<\/div>\n\t\t<\/div>\n\t\t\t\t\t\t<\/div>\n\t\t\t<\/div>\n\t\t<\/section>\n\t\t\t\t\t\t<\/div>\n\t\t\t<\/div>\n\t\t<\/div>\n\t\t","protected":false},"excerpt":{"rendered":"<p>Kurze Geschichte Jahr Arbeiten 2006 Die RETTER Projectmanagemet SRL wird gegr\u00fcndet, mit der Hauptt\u00e4tigkeit \u201cBeratung f\u00fcr Gesch\u00e4ft und Management\u201d 2006&#8230;<\/p>\n","protected":false},"author":7,"featured_media":0,"parent":0,"menu_order":0,"comment_status":"closed","ping_status":"closed","template":"","meta":{"footnotes":""},"class_list":["post-2617","page","type-page","status-publish","hentry"],"yoast_head":"<!-- This site is optimized with the Yoast SEO plugin v26.8 - https:\/\/yoast.com\/product\/yoast-seo-wordpress\/ -->\n<title>Kurze Geschichte - Retter<\/title>\n<meta name=\"robots\" content=\"index, follow, max-snippet:-1, max-image-preview:large, max-video-preview:-1\" \/>\n<link rel=\"canonical\" href=\"https:\/\/www.rettergroup.com\/de\/kurze-geschichte\/\" \/>\n<meta property=\"og:locale\" content=\"de_DE\" \/>\n<meta property=\"og:type\" content=\"article\" \/>\n<meta property=\"og:title\" content=\"Kurze Geschichte - Retter\" \/>\n<meta property=\"og:description\" content=\"Kurze Geschichte Jahr Arbeiten 2006 Die RETTER Projectmanagemet SRL wird gegr\u00fcndet, mit der Hauptt\u00e4tigkeit \u201cBeratung f\u00fcr Gesch\u00e4ft und Management\u201d 2006...\" \/>\n<meta property=\"og:url\" content=\"https:\/\/www.rettergroup.com\/de\/kurze-geschichte\/\" \/>\n<meta property=\"og:site_name\" content=\"Retter\" \/>\n<meta property=\"article:modified_time\" content=\"2020-07-24T09:11:41+00:00\" \/>\n<meta name=\"twitter:card\" content=\"summary_large_image\" \/>\n<meta name=\"twitter:label1\" content=\"Gesch\u00e4tzte Lesezeit\" \/>\n\t<meta name=\"twitter:data1\" content=\"2\u00a0Minuten\" \/>\n<script type=\"application\/ld+json\" class=\"yoast-schema-graph\">{\"@context\":\"https:\/\/schema.org\",\"@graph\":[{\"@type\":\"WebPage\",\"@id\":\"https:\/\/www.rettergroup.com\/de\/kurze-geschichte\/\",\"url\":\"https:\/\/www.rettergroup.com\/de\/kurze-geschichte\/\",\"name\":\"Kurze Geschichte - Retter\",\"isPartOf\":{\"@id\":\"https:\/\/www.rettergroup.com\/de\/#website\"},\"datePublished\":\"2019-10-01T09:23:43+00:00\",\"dateModified\":\"2020-07-24T09:11:41+00:00\",\"breadcrumb\":{\"@id\":\"https:\/\/www.rettergroup.com\/de\/kurze-geschichte\/#breadcrumb\"},\"inLanguage\":\"de\",\"potentialAction\":[{\"@type\":\"ReadAction\",\"target\":[\"https:\/\/www.rettergroup.com\/de\/kurze-geschichte\/\"]}]},{\"@type\":\"BreadcrumbList\",\"@id\":\"https:\/\/www.rettergroup.com\/de\/kurze-geschichte\/#breadcrumb\",\"itemListElement\":[{\"@type\":\"ListItem\",\"position\":1,\"name\":\"Home\",\"item\":\"https:\/\/www.rettergroup.com\/de\/\"},{\"@type\":\"ListItem\",\"position\":2,\"name\":\"Kurze Geschichte\"}]},{\"@type\":\"WebSite\",\"@id\":\"https:\/\/www.rettergroup.com\/de\/#website\",\"url\":\"https:\/\/www.rettergroup.com\/de\/\",\"name\":\"Retter\",\"description\":\"Misiunea noastr\u0103 este calitatea\",\"potentialAction\":[{\"@type\":\"SearchAction\",\"target\":{\"@type\":\"EntryPoint\",\"urlTemplate\":\"https:\/\/www.rettergroup.com\/de\/?s={search_term_string}\"},\"query-input\":{\"@type\":\"PropertyValueSpecification\",\"valueRequired\":true,\"valueName\":\"search_term_string\"}}],\"inLanguage\":\"de\"}]}<\/script>\n<!-- \/ Yoast SEO plugin. -->","yoast_head_json":{"title":"Kurze Geschichte - Retter","robots":{"index":"index","follow":"follow","max-snippet":"max-snippet:-1","max-image-preview":"max-image-preview:large","max-video-preview":"max-video-preview:-1"},"canonical":"https:\/\/www.rettergroup.com\/de\/kurze-geschichte\/","og_locale":"de_DE","og_type":"article","og_title":"Kurze Geschichte - Retter","og_description":"Kurze Geschichte Jahr Arbeiten 2006 Die RETTER Projectmanagemet SRL wird gegr\u00fcndet, mit der Hauptt\u00e4tigkeit \u201cBeratung f\u00fcr Gesch\u00e4ft und Management\u201d 2006...","og_url":"https:\/\/www.rettergroup.com\/de\/kurze-geschichte\/","og_site_name":"Retter","article_modified_time":"2020-07-24T09:11:41+00:00","twitter_card":"summary_large_image","twitter_misc":{"Gesch\u00e4tzte Lesezeit":"2\u00a0Minuten"},"schema":{"@context":"https:\/\/schema.org","@graph":[{"@type":"WebPage","@id":"https:\/\/www.rettergroup.com\/de\/kurze-geschichte\/","url":"https:\/\/www.rettergroup.com\/de\/kurze-geschichte\/","name":"Kurze Geschichte - Retter","isPartOf":{"@id":"https:\/\/www.rettergroup.com\/de\/#website"},"datePublished":"2019-10-01T09:23:43+00:00","dateModified":"2020-07-24T09:11:41+00:00","breadcrumb":{"@id":"https:\/\/www.rettergroup.com\/de\/kurze-geschichte\/#breadcrumb"},"inLanguage":"de","potentialAction":[{"@type":"ReadAction","target":["https:\/\/www.rettergroup.com\/de\/kurze-geschichte\/"]}]},{"@type":"BreadcrumbList","@id":"https:\/\/www.rettergroup.com\/de\/kurze-geschichte\/#breadcrumb","itemListElement":[{"@type":"ListItem","position":1,"name":"Home","item":"https:\/\/www.rettergroup.com\/de\/"},{"@type":"ListItem","position":2,"name":"Kurze Geschichte"}]},{"@type":"WebSite","@id":"https:\/\/www.rettergroup.com\/de\/#website","url":"https:\/\/www.rettergroup.com\/de\/","name":"Retter","description":"Misiunea noastr\u0103 este calitatea","potentialAction":[{"@type":"SearchAction","target":{"@type":"EntryPoint","urlTemplate":"https:\/\/www.rettergroup.com\/de\/?s={search_term_string}"},"query-input":{"@type":"PropertyValueSpecification","valueRequired":true,"valueName":"search_term_string"}}],"inLanguage":"de"}]}},"_links":{"self":[{"href":"https:\/\/www.rettergroup.com\/de\/wp-json\/wp\/v2\/pages\/2617","targetHints":{"allow":["GET"]}}],"collection":[{"href":"https:\/\/www.rettergroup.com\/de\/wp-json\/wp\/v2\/pages"}],"about":[{"href":"https:\/\/www.rettergroup.com\/de\/wp-json\/wp\/v2\/types\/page"}],"author":[{"embeddable":true,"href":"https:\/\/www.rettergroup.com\/de\/wp-json\/wp\/v2\/users\/7"}],"replies":[{"embeddable":true,"href":"https:\/\/www.rettergroup.com\/de\/wp-json\/wp\/v2\/comments?post=2617"}],"version-history":[{"count":4,"href":"https:\/\/www.rettergroup.com\/de\/wp-json\/wp\/v2\/pages\/2617\/revisions"}],"predecessor-version":[{"id":3151,"href":"https:\/\/www.rettergroup.com\/de\/wp-json\/wp\/v2\/pages\/2617\/revisions\/3151"}],"wp:attachment":[{"href":"https:\/\/www.rettergroup.com\/de\/wp-json\/wp\/v2\/media?parent=2617"}],"curies":[{"name":"wp","href":"https:\/\/api.w.org\/{rel}","templated":true}]}}