{"id":2621,"date":"2019-09-24T08:29:36","date_gmt":"2019-09-24T05:29:36","guid":{"rendered":"http:\/\/www.rettergroup.com\/viziune-valori\/"},"modified":"2020-07-24T12:11:23","modified_gmt":"2020-07-24T09:11:23","slug":"vision-und-werte","status":"publish","type":"page","link":"https:\/\/www.rettergroup.com\/de\/vision-und-werte\/","title":{"rendered":"Vision und Werte"},"content":{"rendered":"\t\t<div data-elementor-type=\"wp-post\" data-elementor-id=\"2621\" class=\"elementor elementor-2621 elementor-1466\" data-elementor-settings=\"[]\">\n\t\t\t<div class=\"elementor-inner\">\n\t\t\t\t<div class=\"elementor-section-wrap\">\n\t\t\t\t\t\t\t<section class=\"elementor-element elementor-element-3237e7ea elementor-section-boxed elementor-section-height-default elementor-section-height-default elementor-section elementor-top-section\" data-id=\"3237e7ea\" data-element_type=\"section\" data-settings=\"{&quot;background_background&quot;:&quot;classic&quot;}\">\n\t\t\t\t\t\t\t<div class=\"elementor-background-overlay\"><\/div>\n\t\t\t\t\t\t\t<div class=\"elementor-container elementor-column-gap-no\">\n\t\t\t\t<div class=\"elementor-row\">\n\t\t\t\t<div class=\"elementor-element elementor-element-6dd6dcd4 elementor-column elementor-col-100 elementor-top-column\" data-id=\"6dd6dcd4\" data-element_type=\"column\">\n\t\t\t<div class=\"elementor-column-wrap  elementor-element-populated\">\n\t\t\t\t\t<div class=\"elementor-widget-wrap\">\n\t\t\t\t<section class=\"elementor-element elementor-element-5565dd17 elementor-section-boxed elementor-section-height-default elementor-section-height-default elementor-section elementor-inner-section\" data-id=\"5565dd17\" data-element_type=\"section\">\n\t\t\t\t\t\t<div class=\"elementor-container elementor-column-gap-default\">\n\t\t\t\t<div class=\"elementor-row\">\n\t\t\t\t<div class=\"elementor-element elementor-element-5ccfe61 elementor-column elementor-col-33 elementor-inner-column\" data-id=\"5ccfe61\" data-element_type=\"column\">\n\t\t\t<div class=\"elementor-column-wrap\">\n\t\t\t\t\t<div class=\"elementor-widget-wrap\">\n\t\t\t\t\t\t<\/div>\n\t\t\t<\/div>\n\t\t<\/div>\n\t\t\t\t<div class=\"elementor-element elementor-element-62bfb83d elementor-column elementor-col-33 elementor-inner-column\" data-id=\"62bfb83d\" data-element_type=\"column\">\n\t\t\t<div class=\"elementor-column-wrap  elementor-element-populated\">\n\t\t\t\t\t<div class=\"elementor-widget-wrap\">\n\t\t\t\t<div class=\"elementor-element elementor-element-2dda4c73 elementor-widget elementor-widget-spacer\" data-id=\"2dda4c73\" data-element_type=\"widget\" data-widget_type=\"spacer.default\">\n\t\t\t\t<div class=\"elementor-widget-container\">\n\t\t\t\t\t<div class=\"elementor-spacer\">\n\t\t\t<div class=\"elementor-spacer-inner\"><\/div>\n\t\t<\/div>\n\t\t\t\t<\/div>\n\t\t\t\t<\/div>\n\t\t\t\t<div class=\"elementor-element elementor-element-47256a62 elementor-widget elementor-widget-heading\" data-id=\"47256a62\" data-element_type=\"widget\" data-widget_type=\"heading.default\">\n\t\t\t\t<div class=\"elementor-widget-container\">\n\t\t\t<h1 class=\"elementor-heading-title elementor-size-default\">Vision und Werte<\/h1>\t\t<\/div>\n\t\t\t\t<\/div>\n\t\t\t\t<div class=\"elementor-element elementor-element-7de916fb elementor-widget elementor-widget-spacer\" data-id=\"7de916fb\" data-element_type=\"widget\" data-widget_type=\"spacer.default\">\n\t\t\t\t<div class=\"elementor-widget-container\">\n\t\t\t\t\t<div class=\"elementor-spacer\">\n\t\t\t<div class=\"elementor-spacer-inner\"><\/div>\n\t\t<\/div>\n\t\t\t\t<\/div>\n\t\t\t\t<\/div>\n\t\t\t\t\t\t<\/div>\n\t\t\t<\/div>\n\t\t<\/div>\n\t\t\t\t<div class=\"elementor-element elementor-element-405cee4e elementor-column elementor-col-33 elementor-inner-column\" data-id=\"405cee4e\" data-element_type=\"column\">\n\t\t\t<div class=\"elementor-column-wrap\">\n\t\t\t\t\t<div class=\"elementor-widget-wrap\">\n\t\t\t\t\t\t<\/div>\n\t\t\t<\/div>\n\t\t<\/div>\n\t\t\t\t\t\t<\/div>\n\t\t\t<\/div>\n\t\t<\/section>\n\t\t\t\t\t\t<\/div>\n\t\t\t<\/div>\n\t\t<\/div>\n\t\t\t\t\t\t<\/div>\n\t\t\t<\/div>\n\t\t<\/section>\n\t\t\t\t<section class=\"elementor-element elementor-element-f268c19 elementor-section-boxed elementor-section-height-default elementor-section-height-default elementor-section elementor-top-section\" data-id=\"f268c19\" data-element_type=\"section\">\n\t\t\t\t\t\t<div class=\"elementor-container elementor-column-gap-default\">\n\t\t\t\t<div class=\"elementor-row\">\n\t\t\t\t<div class=\"elementor-element elementor-element-6c81fbf elementor-column elementor-col-100 elementor-top-column\" data-id=\"6c81fbf\" data-element_type=\"column\">\n\t\t\t<div class=\"elementor-column-wrap  elementor-element-populated\">\n\t\t\t\t\t<div class=\"elementor-widget-wrap\">\n\t\t\t\t<div class=\"elementor-element elementor-element-e1132ef elementor-widget elementor-widget-heading\" data-id=\"e1132ef\" data-element_type=\"widget\" data-widget_type=\"heading.default\">\n\t\t\t\t<div class=\"elementor-widget-container\">\n\t\t\t<h2 class=\"elementor-heading-title elementor-size-default\">Unsere Vision<\/h2>\t\t<\/div>\n\t\t\t\t<\/div>\n\t\t\t\t<div class=\"elementor-element elementor-element-479de61 elementor-widget elementor-widget-text-editor\" data-id=\"479de61\" data-element_type=\"widget\" data-widget_type=\"text-editor.default\">\n\t\t\t\t<div class=\"elementor-widget-container\">\n\t\t\t\t\t<div class=\"elementor-text-editor elementor-clearfix\"><p><span lang=\"de-DE\">Unsere Vision ist es das bedeutenste Unternehmen im Infrastrukturbaubereich aus Rum\u00e4nien zu werden. <\/span><\/p><p><span lang=\"de-DE\">Wir m\u00f6chten die Qualit\u00e4tsanforderungen der in Rum\u00e4nien durchgef\u00fchrten Projekte steigern und unseren Kunden eine vollst\u00e4ndige Reihe an Baudienstleistungen anbieten &#8211; von Planung bis Projektierung, Bauen bis Managementdienste bis hin zu Abbau und Belieferung.<\/span><\/p><\/div>\n\t\t\t\t<\/div>\n\t\t\t\t<\/div>\n\t\t\t\t\t\t<\/div>\n\t\t\t<\/div>\n\t\t<\/div>\n\t\t\t\t\t\t<\/div>\n\t\t\t<\/div>\n\t\t<\/section>\n\t\t\t\t<section class=\"elementor-element elementor-element-09b3b39 elementor-section-boxed elementor-section-height-default elementor-section-height-default elementor-section elementor-top-section\" data-id=\"09b3b39\" data-element_type=\"section\">\n\t\t\t\t\t\t<div class=\"elementor-container elementor-column-gap-default\">\n\t\t\t\t<div class=\"elementor-row\">\n\t\t\t\t<div class=\"elementor-element elementor-element-3111f99 elementor-column elementor-col-100 elementor-top-column\" data-id=\"3111f99\" data-element_type=\"column\">\n\t\t\t<div class=\"elementor-column-wrap  elementor-element-populated\">\n\t\t\t\t\t<div class=\"elementor-widget-wrap\">\n\t\t\t\t<div class=\"elementor-element elementor-element-6ebf58a elementor-widget elementor-widget-heading\" data-id=\"6ebf58a\" data-element_type=\"widget\" data-widget_type=\"heading.default\">\n\t\t\t\t<div class=\"elementor-widget-container\">\n\t\t\t<h2 class=\"elementor-heading-title elementor-size-default\">Unsere Werte<\/h2>\t\t<\/div>\n\t\t\t\t<\/div>\n\t\t\t\t\t\t<\/div>\n\t\t\t<\/div>\n\t\t<\/div>\n\t\t\t\t\t\t<\/div>\n\t\t\t<\/div>\n\t\t<\/section>\n\t\t\t\t<section class=\"elementor-element elementor-element-f47d090 elementor-section-boxed elementor-section-height-default elementor-section-height-default elementor-section elementor-top-section\" data-id=\"f47d090\" data-element_type=\"section\">\n\t\t\t\t\t\t<div class=\"elementor-container elementor-column-gap-default\">\n\t\t\t\t<div class=\"elementor-row\">\n\t\t\t\t<div class=\"elementor-element elementor-element-7b6990d elementor-column elementor-col-33 elementor-top-column\" data-id=\"7b6990d\" data-element_type=\"column\">\n\t\t\t<div class=\"elementor-column-wrap  elementor-element-populated\">\n\t\t\t\t\t<div class=\"elementor-widget-wrap\">\n\t\t\t\t<div class=\"elementor-element elementor-element-17590f3 elementor-view-default elementor-position-top elementor-vertical-align-top elementor-widget elementor-widget-icon-box\" data-id=\"17590f3\" data-element_type=\"widget\" data-widget_type=\"icon-box.default\">\n\t\t\t\t<div class=\"elementor-widget-container\">\n\t\t\t\t\t<div class=\"elementor-icon-box-wrapper\">\n\t\t\t\t\t\t<div class=\"elementor-icon-box-icon\">\n\t\t\t\t<span class=\"elementor-icon elementor-animation-\" >\n\t\t\t\t<i aria-hidden=\"true\" class=\"fas fa-check\"><\/i>\t\t\t\t<\/span>\n\t\t\t<\/div>\n\t\t\t\t\t\t<div class=\"elementor-icon-box-content\">\n\t\t\t\t<h4 class=\"elementor-icon-box-title\">\n\t\t\t\t\t<span >Kompetenz - Wir kennen unsere Aufgaben<\/span>\n\t\t\t\t<\/h4>\n\t\t\t\t\t\t\t\t<p class=\"elementor-icon-box-description\">Wir integrieren professionelle Kompetenz, Erfahrung und Know-How. Wir erf\u00fcllen strenge Anforderungen unserer Kunden und bieten ihnen erhebliche, praktische und zuverl\u00e4ssige Unterst\u00fctzung. Wir bringen pragmatische, implementierbare, ergebnisorientierte L\u00f6sungen und unterst\u00fctzen den Kunden w\u00e4hrend des ganzen Projektes.<\/p>\n\t\t\t\t\t\t\t<\/div>\n\t\t<\/div>\n\t\t\t\t<\/div>\n\t\t\t\t<\/div>\n\t\t\t\t\t\t<\/div>\n\t\t\t<\/div>\n\t\t<\/div>\n\t\t\t\t<div class=\"elementor-element elementor-element-29063a8 elementor-column elementor-col-33 elementor-top-column\" data-id=\"29063a8\" data-element_type=\"column\">\n\t\t\t<div class=\"elementor-column-wrap  elementor-element-populated\">\n\t\t\t\t\t<div class=\"elementor-widget-wrap\">\n\t\t\t\t<div class=\"elementor-element elementor-element-3927480 elementor-view-default elementor-position-top elementor-vertical-align-top elementor-widget elementor-widget-icon-box\" data-id=\"3927480\" data-element_type=\"widget\" data-widget_type=\"icon-box.default\">\n\t\t\t\t<div class=\"elementor-widget-container\">\n\t\t\t\t\t<div class=\"elementor-icon-box-wrapper\">\n\t\t\t\t\t\t<div class=\"elementor-icon-box-icon\">\n\t\t\t\t<span class=\"elementor-icon elementor-animation-\" >\n\t\t\t\t<i aria-hidden=\"true\" class=\"far fa-handshake\"><\/i>\t\t\t\t<\/span>\n\t\t\t<\/div>\n\t\t\t\t\t\t<div class=\"elementor-icon-box-content\">\n\t\t\t\t<h4 class=\"elementor-icon-box-title\">\n\t\t\t\t\t<span >Engagement \u2013 Wir lieben das was wir machen<\/span>\n\t\t\t\t<\/h4>\n\t\t\t\t\t\t\t\t<p class=\"elementor-icon-box-description\">Mit unserem motivierten und erfahrenem Personal bieten wir hervorragende Dienstleistungen. Wir gewinnen das Vertrauen unserer Kunden durch unser Engagement f\u00fcr die Implementierung der ehrgeizigsten Pl\u00e4ne. Wir erreichen die Ziele unserer Kunden und legen erfolgreiche, best\u00e4ndige und effiziente Partnerschaften fest.<\/p>\n\t\t\t\t\t\t\t<\/div>\n\t\t<\/div>\n\t\t\t\t<\/div>\n\t\t\t\t<\/div>\n\t\t\t\t\t\t<\/div>\n\t\t\t<\/div>\n\t\t<\/div>\n\t\t\t\t<div class=\"elementor-element elementor-element-6498c4e elementor-column elementor-col-33 elementor-top-column\" data-id=\"6498c4e\" data-element_type=\"column\">\n\t\t\t<div class=\"elementor-column-wrap  elementor-element-populated\">\n\t\t\t\t\t<div class=\"elementor-widget-wrap\">\n\t\t\t\t<div class=\"elementor-element elementor-element-5c65ae0 elementor-view-default elementor-position-top elementor-vertical-align-top elementor-widget elementor-widget-icon-box\" data-id=\"5c65ae0\" data-element_type=\"widget\" data-widget_type=\"icon-box.default\">\n\t\t\t\t<div class=\"elementor-widget-container\">\n\t\t\t\t\t<div class=\"elementor-icon-box-wrapper\">\n\t\t\t\t\t\t<div class=\"elementor-icon-box-icon\">\n\t\t\t\t<span class=\"elementor-icon elementor-animation-\" >\n\t\t\t\t<i aria-hidden=\"true\" class=\"fas fa-plus\"><\/i>\t\t\t\t<\/span>\n\t\t\t<\/div>\n\t\t\t\t\t\t<div class=\"elementor-icon-box-content\">\n\t\t\t\t<h4 class=\"elementor-icon-box-title\">\n\t\t\t\t\t<span >Mehrwert - Ergebnisorientiert<\/span>\n\t\t\t\t<\/h4>\n\t\t\t\t\t\t\t\t<p class=\"elementor-icon-box-description\">Unsere Vision und Leidenschaft sind der Schl\u00fcssel zu unserem Erfolg. Wir handeln effizient und sicher und bieten unseren Kunden einen optimalen Preis-Leistungsverh\u00e4ltnis und maximale finanzielle Effizient sowohl im Implementierungsprozess als auch in dem Verwendungsprozess (Life Cycle Cost) zu der Zufriedenheit unserer Kunden.<\/p>\n\t\t\t\t\t\t\t<\/div>\n\t\t<\/div>\n\t\t\t\t<\/div>\n\t\t\t\t<\/div>\n\t\t\t\t\t\t<\/div>\n\t\t\t<\/div>\n\t\t<\/div>\n\t\t\t\t\t\t<\/div>\n\t\t\t<\/div>\n\t\t<\/section>\n\t\t\t\t\t\t<\/div>\n\t\t\t<\/div>\n\t\t<\/div>\n\t\t","protected":false},"excerpt":{"rendered":"<p>Vision und Werte Unsere Vision Unsere Vision ist es das bedeutenste Unternehmen im Infrastrukturbaubereich aus Rum\u00e4nien zu werden. Wir m\u00f6chten&#8230;<\/p>\n","protected":false},"author":7,"featured_media":0,"parent":0,"menu_order":0,"comment_status":"closed","ping_status":"closed","template":"","meta":{"footnotes":""},"class_list":["post-2621","page","type-page","status-publish","hentry"],"yoast_head":"<!-- This site is optimized with the Yoast SEO plugin v26.8 - https:\/\/yoast.com\/product\/yoast-seo-wordpress\/ -->\n<title>Vision und Werte - Retter<\/title>\n<meta name=\"robots\" content=\"index, follow, max-snippet:-1, max-image-preview:large, max-video-preview:-1\" \/>\n<link rel=\"canonical\" href=\"https:\/\/www.rettergroup.com\/de\/vision-und-werte\/\" \/>\n<meta property=\"og:locale\" content=\"de_DE\" \/>\n<meta property=\"og:type\" content=\"article\" \/>\n<meta property=\"og:title\" content=\"Vision und Werte - Retter\" \/>\n<meta property=\"og:description\" content=\"Vision und Werte Unsere Vision Unsere Vision ist es das bedeutenste Unternehmen im Infrastrukturbaubereich aus Rum\u00e4nien zu werden. Wir m\u00f6chten...\" \/>\n<meta property=\"og:url\" content=\"https:\/\/www.rettergroup.com\/de\/vision-und-werte\/\" \/>\n<meta property=\"og:site_name\" content=\"Retter\" \/>\n<meta property=\"article:modified_time\" content=\"2020-07-24T09:11:23+00:00\" \/>\n<meta name=\"twitter:card\" content=\"summary_large_image\" \/>\n<meta name=\"twitter:label1\" content=\"Gesch\u00e4tzte Lesezeit\" \/>\n\t<meta name=\"twitter:data1\" content=\"1\u00a0Minute\" \/>\n<script type=\"application\/ld+json\" class=\"yoast-schema-graph\">{\"@context\":\"https:\/\/schema.org\",\"@graph\":[{\"@type\":\"WebPage\",\"@id\":\"https:\/\/www.rettergroup.com\/de\/vision-und-werte\/\",\"url\":\"https:\/\/www.rettergroup.com\/de\/vision-und-werte\/\",\"name\":\"Vision und Werte - Retter\",\"isPartOf\":{\"@id\":\"https:\/\/www.rettergroup.com\/de\/#website\"},\"datePublished\":\"2019-09-24T05:29:36+00:00\",\"dateModified\":\"2020-07-24T09:11:23+00:00\",\"breadcrumb\":{\"@id\":\"https:\/\/www.rettergroup.com\/de\/vision-und-werte\/#breadcrumb\"},\"inLanguage\":\"de\",\"potentialAction\":[{\"@type\":\"ReadAction\",\"target\":[\"https:\/\/www.rettergroup.com\/de\/vision-und-werte\/\"]}]},{\"@type\":\"BreadcrumbList\",\"@id\":\"https:\/\/www.rettergroup.com\/de\/vision-und-werte\/#breadcrumb\",\"itemListElement\":[{\"@type\":\"ListItem\",\"position\":1,\"name\":\"Home\",\"item\":\"https:\/\/www.rettergroup.com\/de\/\"},{\"@type\":\"ListItem\",\"position\":2,\"name\":\"Vision und Werte\"}]},{\"@type\":\"WebSite\",\"@id\":\"https:\/\/www.rettergroup.com\/de\/#website\",\"url\":\"https:\/\/www.rettergroup.com\/de\/\",\"name\":\"Retter\",\"description\":\"Misiunea noastr\u0103 este calitatea\",\"potentialAction\":[{\"@type\":\"SearchAction\",\"target\":{\"@type\":\"EntryPoint\",\"urlTemplate\":\"https:\/\/www.rettergroup.com\/de\/?s={search_term_string}\"},\"query-input\":{\"@type\":\"PropertyValueSpecification\",\"valueRequired\":true,\"valueName\":\"search_term_string\"}}],\"inLanguage\":\"de\"}]}<\/script>\n<!-- \/ Yoast SEO plugin. -->","yoast_head_json":{"title":"Vision und Werte - Retter","robots":{"index":"index","follow":"follow","max-snippet":"max-snippet:-1","max-image-preview":"max-image-preview:large","max-video-preview":"max-video-preview:-1"},"canonical":"https:\/\/www.rettergroup.com\/de\/vision-und-werte\/","og_locale":"de_DE","og_type":"article","og_title":"Vision und Werte - Retter","og_description":"Vision und Werte Unsere Vision Unsere Vision ist es das bedeutenste Unternehmen im Infrastrukturbaubereich aus Rum\u00e4nien zu werden. Wir m\u00f6chten...","og_url":"https:\/\/www.rettergroup.com\/de\/vision-und-werte\/","og_site_name":"Retter","article_modified_time":"2020-07-24T09:11:23+00:00","twitter_card":"summary_large_image","twitter_misc":{"Gesch\u00e4tzte Lesezeit":"1\u00a0Minute"},"schema":{"@context":"https:\/\/schema.org","@graph":[{"@type":"WebPage","@id":"https:\/\/www.rettergroup.com\/de\/vision-und-werte\/","url":"https:\/\/www.rettergroup.com\/de\/vision-und-werte\/","name":"Vision und Werte - Retter","isPartOf":{"@id":"https:\/\/www.rettergroup.com\/de\/#website"},"datePublished":"2019-09-24T05:29:36+00:00","dateModified":"2020-07-24T09:11:23+00:00","breadcrumb":{"@id":"https:\/\/www.rettergroup.com\/de\/vision-und-werte\/#breadcrumb"},"inLanguage":"de","potentialAction":[{"@type":"ReadAction","target":["https:\/\/www.rettergroup.com\/de\/vision-und-werte\/"]}]},{"@type":"BreadcrumbList","@id":"https:\/\/www.rettergroup.com\/de\/vision-und-werte\/#breadcrumb","itemListElement":[{"@type":"ListItem","position":1,"name":"Home","item":"https:\/\/www.rettergroup.com\/de\/"},{"@type":"ListItem","position":2,"name":"Vision und Werte"}]},{"@type":"WebSite","@id":"https:\/\/www.rettergroup.com\/de\/#website","url":"https:\/\/www.rettergroup.com\/de\/","name":"Retter","description":"Misiunea noastr\u0103 este calitatea","potentialAction":[{"@type":"SearchAction","target":{"@type":"EntryPoint","urlTemplate":"https:\/\/www.rettergroup.com\/de\/?s={search_term_string}"},"query-input":{"@type":"PropertyValueSpecification","valueRequired":true,"valueName":"search_term_string"}}],"inLanguage":"de"}]}},"_links":{"self":[{"href":"https:\/\/www.rettergroup.com\/de\/wp-json\/wp\/v2\/pages\/2621","targetHints":{"allow":["GET"]}}],"collection":[{"href":"https:\/\/www.rettergroup.com\/de\/wp-json\/wp\/v2\/pages"}],"about":[{"href":"https:\/\/www.rettergroup.com\/de\/wp-json\/wp\/v2\/types\/page"}],"author":[{"embeddable":true,"href":"https:\/\/www.rettergroup.com\/de\/wp-json\/wp\/v2\/users\/7"}],"replies":[{"embeddable":true,"href":"https:\/\/www.rettergroup.com\/de\/wp-json\/wp\/v2\/comments?post=2621"}],"version-history":[{"count":4,"href":"https:\/\/www.rettergroup.com\/de\/wp-json\/wp\/v2\/pages\/2621\/revisions"}],"predecessor-version":[{"id":3106,"href":"https:\/\/www.rettergroup.com\/de\/wp-json\/wp\/v2\/pages\/2621\/revisions\/3106"}],"wp:attachment":[{"href":"https:\/\/www.rettergroup.com\/de\/wp-json\/wp\/v2\/media?parent=2621"}],"curies":[{"name":"wp","href":"https:\/\/api.w.org\/{rel}","templated":true}]}}