{"id":2650,"date":"2019-07-24T11:22:04","date_gmt":"2019-07-24T11:22:04","guid":{"rendered":"http:\/\/www.rettergroup.com\/politica-de-confidentialitate\/"},"modified":"2020-07-13T16:49:25","modified_gmt":"2020-07-13T13:49:25","slug":"politica-de-confidentialitate","status":"publish","type":"page","link":"https:\/\/www.rettergroup.com\/de\/politica-de-confidentialitate\/","title":{"rendered":"POLITICA DE CONFIDEN\u0162IALITATE"},"content":{"rendered":"\r\n<p align=\"LEFT\">Societatea prelucreaza o serie de date cu caracter personal ale Utilizatorilor (fie ca sunt sau nu inregistrati) atunci cand utilizeaza Site-ul si\/sau orice Serviciu oferit de RETTER PROJECTMANAGEMENT SRL (spre exemplu cand participati la concursurile si\/sau campaniile noastre).<\/p>\r\n<p align=\"LEFT\">Aceasta politica de confidentialitate (\u201ePolitica\u201d) descrie ce tipuri de date cu caracter personal sunt prelucrate, cum sunt acestea utilizate, care sunt optiunile dvs. in legatura cu aceste prelucrari, precum si modul in care Noi vom respecta drepturile pe care le aveti in calitate de persoana vizata conform legislatiei privind protectia datelor cu caracter personal, inclusiv Regulamentul (UE) 2016\/679 (\u201eGDPR\u201d).<\/p>\r\n<p align=\"LEFT\">INAINTE DE A UTILIZA SITE-UL SAU ORICARE DINTRE SERVICIILE NOASTRE, VA RECOMANDAM SA CITITI CU ATENTIE ACEASTA POLITICA PENTRU A INTELEGE CUM VA SUNT PRELUCRATE DATELE CU CARACTER PERSONAL.<\/p>\r\n<p align=\"LEFT\"><strong>1. CINE ESTE RESPONSABIL DE PRELUCRAREA DATELOR DVS.?<\/strong><\/p>\r\n<p align=\"JUSTIFY\">RETTER PROJECTMANAGEMENT SRL o societate cu raspundere limitata, cu sediul \u00een Romania , este operatorul datelor cu caracter personal, conform legislatiei privind protectia datelor cu caracter personal inclusiv GDPR, in ceea ce priveste datele cu caracter personal ale Utilizatorilor colectate si prelucrate prin intermediul Site-ului si\/sau in contextul Serviciilor oferite prin intermediul sau in legatura cu Site-ul.<\/p>\r\n<p align=\"JUSTIFY\">Pentru activitatea de prelucrare a datelor cu caracter personal Societatea poate fi contactata folosind urmatoarele date de contact:<\/p>\r\n<p align=\"LEFT\">Responsabilul cu Protectia Datelor<\/p>\r\n<ul>\r\n<li>\r\n<p align=\"LEFT\">RETTER PROJECTMANAGEMENT SRL<\/p>\r\n<\/li>\r\n<li>\r\n<p align=\"LEFT\">CIF: RO18490576<\/p>\r\n<\/li>\r\n<li>\r\n<p align=\"LEFT\">Reg.com.: J32\/379\/2006<\/p>\r\n<\/li>\r\n<li>\r\n<p align=\"LEFT\">Adresa: Str. OCTAVIAN GOGA Nr. 4, Selimbar, Sibiu<\/p>\r\n<\/li>\r\n<li>\r\n<p align=\"LEFT\">Telefon: 0754018301<\/p>\r\n<\/li>\r\n<li>\r\n<p align=\"LEFT\">E-mail: c.popa@rettergroup.com<\/p>\r\n<\/li>\r\n<\/ul>\r\n<p align=\"LEFT\"><strong>2. CE DATE PRELUCRAM?<\/strong><\/p>\r\n<p align=\"LEFT\">Societatea prelucreaz\u0103 datele personale pe care ni le furniza\u0163i atunci c\u00e2nd utiliza\u0163i Site-ul (e.g. cand comentati in sectiunea de comentarii), va inregistrati pe pagina noastra, contractati un abonament, v\u0103 \u00eenscrie\u0163i \u00een campaniile noastre (si\/sau campaniile organizate impreuna cu partenerii nostri), dori\u0163i s\u0103 primi\u0163i comunic\u0103ri comerciale sau s\u0103 participa\u0163i la sondajele \u015fi chestionarele noastre, sau ne contactati prin orice mijloace de comunicare<\/p>\r\n<p align=\"LEFT\">De asemenea, utilizam module cookie si tehnologii similare pentru a va recunoaste pe dvs. si dispozitivele dvs. De asemenea, permitem altor persoane sa utilizeze module cookie. Modul in care utilizam aceste tehnologii sunt descrise in Politica privind Cookies.<\/p>\r\n<p align=\"LEFT\"><strong>Transmiterea de comunic\u0103ri comerciale, invita\u0163ii de a participa la concursuri, chestionare sau sondaje<\/strong><\/p>\r\n<p align=\"LEFT\">Dorim s\u0103 v\u0103 transmitem materiale promo\u0163ionale, s\u0103 v\u0103 inform\u0103m \u00een leg\u0103tur\u0103 cu noile produse \/ servicii oferite de Societate, de a v\u0103 lansa invita\u0163ii de a participa la loterii promo\u0163ionale, la sondaje sau de a r\u0103spunde la chestionare \u015fi pentru a v\u0103 comunica alte informa\u0163ii similare care consider\u0103m c\u0103 pot fi de interes pentru dvs., inclusiv, dac\u0103 sunte\u0163i de acord, prin transmiterea de materiale promo\u0163ionale \/ comunic\u0103ri de marketing privind produsele \/ serviciile partenerilor Societ\u0103\u0163ii.<\/p>\r\n<p align=\"LEFT\"><strong>Organizarea de concursuri \u015fi promo\u0163ii<\/strong><\/p>\r\n<p align=\"LEFT\">Dac\u0103 sunte\u0163i de acord, pute\u0163i participa la concursurile \u015fi loteriile cu premii organizate de noi \u015fi\/sau partenerii no\u015ftri.De asemenea, atunci cand organizam concursuri, avem interesul legitim sa prelucram date pentru efectuarea formalitatilor aferente pentru acordarea premiilor revendicate de castigatori, solutionarea oricaror plangeri in legatura cu organizarea si desfasurarea campaniilor si acordarea premiilor; punerea in aplicare a prevederilor regulamentului, investigarea eventualelor incalcari, realizarea diverselor raportari.<\/p>\r\n<p align=\"LEFT\"><strong>Inregistrarea convorbirilor telefonice cu castigatorii concursurilor organizate de noi<\/strong><\/p>\r\n<p align=\"LEFT\">Putem inregistra convorbirile telefonice cu persoanele declarate castigatoare in concursurile \/ loteriile organizate de noi. Inregistrarea convorbirilor ne ajuta sa gestionam activitatea noastra interna in departamentul care se ocupa de promotii \/ marketing, dar si pentru a asigura dovada aspectelor agreate cu castigatorii in cazul unor potentiale dispute sau litigii cu privire la premiile acordate.Inregistrarea se va face doar, daca vom avea cosimtamantul interlocutorului.<\/p>\r\n<p align=\"LEFT\"><strong>Analiza interac\u0163iunii dvs. cu Societatea \u00een vederea furniz\u0103rii unor oferte personalizate, [inclusiv pe baza unor analize avansate]<\/strong><\/p>\r\n<p align=\"LEFT\">\u00cen anumite situa\u0163ii, putem utiliza informa\u0163iile colectate de la dvs. \u00een combina\u0163ie cu datele pe care le ob\u0163inem de la echipele noastre de v\u00e2nz\u0103ri \u015fi\/sau de marketing cu privire la interac\u0163iunea dvs. cu Societatea, pe care s\u0103 le folosim \u00een contextul comunic\u0103rilor noastre de marketing. Dorim s\u0103 eficientiz\u0103m activitatea noastr\u0103 de marketing, oferind clien\u0163ilor no\u015ftri produse \/ servicii relevante \u015fi personalizate.[De asemenea, dac\u0103 sunte\u0163i de acord, putem efectua analize avansate cu privire la interesele \u015fi preferin\u0163ele dvs. rezult\u00e2nd din informa\u0163iile pe care le de\u0163inem despre dvs. din interac\u0163iunea cu noi, precum \u015fi prin combinarea datelor ob\u0163inute de la ter\u0163i (e.g. prin intermediul tehnologiilor de analiz\u0103 a navig\u0103rii web) pentru a v\u0103 transmite comunic\u0103ri comerciale i adaptate nevoilor \u015fi preferin\u0163elor dvs.]<\/p>\r\n<p align=\"LEFT\">Putem realiza diverse raport\u0103ri, analize \u015fi studii statistice cu privire la campaniile de marketing organizate \u015fi succesul acestora, activitatea de v\u00e2nz\u0103ri \/ prelucrare.<\/p>\r\n<p align=\"LEFT\"><strong>Executarea contractului \u00eencheiat cu noi<\/strong><\/p>\r\n<p align=\"LEFT\">Atunci c\u00e2nd solicitati furnizarea unor abonamente putem prelucra anumite date personale necesare pentru aceste scopuri (e.g. nume \u015fi prenume, adresa de livrare \/ furnizare, date de tranzac\u0163ionare, etc.)<\/p>\r\n<p align=\"LEFT\"><strong>Gestiunea relatiilor cu Utilizatorii si suport<\/strong><\/p>\r\n<p align=\"LEFT\">Avem interesul sa oferim servicii adecvate prin intermediul Site-ului tuturor persoanelor care il acceseaza. Prin urmare, prelucram o serie de date cu caracter personal pentru scopul gestiunii relatiilor cu Utilizatorii Site-ului, spre exemplu atunci cand ne contacteaza cu diverse intrebari sau solicitari privind functionalitatile Site-ului, intrebari cu privire la serviciile Societatii oferite prin Site etc. Temeiul juridic: art. 6(1)(f) GDPR \u2013 interes legitim constand in interesul nostru de a asigura servicii adecvate.<\/p>\r\n<p align=\"LEFT\"><strong>Analize si statistici privind functionarea site-ului, cookies si tehnologii similar<\/strong><\/p>\r\n<p align=\"LEFT\">Putem folosi datele cu caracter personal pe care le furnizeaza Utilizatorii sau pe care le colectam in contextul utilizarii Serviciilor pentru scopul efecturarii unor analize si statistici privind Serviciile noastre, inclusiv a modului in care functioneaza Site-ul sau sunt oferite Serviciile. Analizele si statisticile pe care le facem ne ajuta sa intelegem mai bine cum am putea sa imbunatatim Serviciile noastre sau functionalitatile Site-ului.In efectuarea analizelor si statisticilor utilizam de asemenea cookies si alte tehnologii similare conform Politicii privind Cookies.<\/p>\r\n<p align=\"LEFT\">De asemenea, cookie-urile si tehnologiile similare sunt utilizate pentru a va oferi publicitate bazata pe interes.<\/p>\r\n<p align=\"LEFT\"><strong>Conectare prin retelele de socializare<\/strong><\/p>\r\n<p align=\"LEFT\">Am implementat diverse mecanisme de interconectare cu paginile de socializare, cum ar fi Facebook, Twitter, Youtube si Instagram si astfel sa aveti posiblitatea sa accesati continutul postat pe noi pe Site si sau conturile noastre asociate pe acele retele sociale mai facil.Daca accesati contintul postat pe acele retele de socializare sau comentati pe acele retele de socializare, sau accesati Site-ul prin intermediul contului de Facebook, o serie de date publice din profilul dvs. de pe acele retele de socializare ne vor fi transmise si noua de catre operatorii acelor retele de socializare.<\/p>\r\n<p align=\"LEFT\"><strong>\u00cendeplinirea unor obliga\u0163ii legale<\/strong><\/p>\r\n<p align=\"LEFT\">Uneori prelucrarea datelor este necesar\u0103 pentru a ne \u00eendeplini obliga\u0163iile legale ce ne revin, cum ar fi: \u00b7 plata impozitelor \u015fi a contribu\u0163iilor relevante (e.g. c\u00e2\u015ftig\u0103torii concursurilor), raportarea c\u0103tre autorit\u0103\u0163ile fiscale relevante \u015fi \u0163inerea unor eviden\u0163e contabile; \u00b7 arhivarea datelor conform legisla\u0163iei aplicabile; \u00b7 publicarea numelui c\u00e2\u015ftig\u0103torilor \u015fi a premiilor acordate \u00een loteriile promo\u0163ionale organizate<\/p>\r\n<p align=\"LEFT\"><strong>Ap\u0103rarea drepturilor \u015fi intereselor \u00een justi\u0163ie<\/strong><\/p>\r\n<p align=\"LEFT\">Pentru constatarea, exercitarea sau ap\u0103rarea unui drept \u00een justi\u0163ie \u00een cadrul unei proceduri \u00een fa\u0163a unei instan\u0163e, a unei proceduri administrative sau a altor proceduri oficiale \u00een care este implicat\u0103 Societatea.<\/p>\r\n<p align=\"LEFT\"><strong>1. CUI DEZVALUIM DATELE?<\/strong><\/p>\r\n<p align=\"LEFT\">Putem dezvalui datele dvs cu caracter personal catre (i) entitatile si\/sau persoanele imputernicite de noi (din EEA sau din state terte) implicate in furnizarea Serviciilor, inclusiv in furnizarea comunicarilor comerciale (cum ar fi furnizorilor de centre de date, furnizori de servicii de plata pentru diverse facilitati de plata, furnizorii de platforme de e-mailing cum ar fi Google Mail), organizarea si desfasurarea concursurilor \/ promotiilor noastre (inclusiv atunci cand sunt organizate in parteneriat cu alte entitati); (ii) daca avem obligatia de a divulga datele personale in scopul conformarii cu orice obligatie legala sau decizie a unei autoritati judiciare, autoritati publice sau organ guvernamental; sau (iii) daca ni se cere sau ni se permite in alt mod sa facem acest lucru conform legislatie aplicabile.<\/p>\r\n<p align=\"LEFT\">De asemenea, datele dvs cu caracter personale pot fi dezvaluite tertilor furnizori de cookies si tehnologii similare conform celor descrise in Politici privind Cookies.<\/p>\r\n<p align=\"LEFT\"><strong>2. CAT PASTRAM DATELE?<\/strong><\/p>\r\n<p align=\"LEFT\">Pastram datele dvs cu caracter personal cat este necesar pentru indeplinirea scopurilor pentru care au fost colectate, cu respectarea procedurilor interne privind retentia datelor, inclusiv a regulilor de arhivare aplicabile. Spre exemplu, daca sunteti un abonat de-al nostru, datele dvs. caracter personal vor fi pastrate pe intreaga durata a raporturilor contractuale, plus o perioada minima de 3 ani de la incetare (cat este termenul de prescriptie pentru actiuni in justitie), de asemenea, daca sunteti castigator al unui concurs organizat de Societate, putem pastra datele dvs. cu caracter personal pentru o perioad\u0103 de 3 ani de la data la care a expirat termenul in care premiul ar fi trebuit sa fie revendicat sau de la data la care ati revendicat premiul. Ulterior, anumite date cu caracter personal ar putea fi pastrate pentru o perioada mai lunga, pentru scop de arhivare, conform regulilor de arhivare aplicabile.<\/p>\r\n<p align=\"LEFT\"><strong>3. CE DREPTURI AVETI IN CALITATE DE PERSOANA VIZATA?<\/strong><\/p>\r\n<p align=\"LEFT\">Conform legii, va sunt recunoscute urmatoarele drepturi in calitate de persoana vizata:<\/p>\r\n<p align=\"LEFT\">a) Dreptul de acces<\/p>\r\n<p align=\"LEFT\">puteti obtine de la noi confirmarea ca prelucram datele dvs. personale, precum si informatii privind specificul prelucrarii<\/p>\r\n<p align=\"LEFT\">b) Dreptul de a corecta datele<\/p>\r\n<p align=\"LEFT\">puteti ne solicitati modificam datele dvs. personale incorecte ori, dupa caz, completarea datelor care sunt incomplete.<\/p>\r\n<p align=\"LEFT\">c) Dreptul la stergere<\/p>\r\n<p align=\"LEFT\">puteti solicita stergerea datelor personale atunci cand: (i) acestea nu mai sunt necesare pentru scopurile pentru care le-am colectat si le prelucram; (ii) v-ati retras consimtamantul pentru prelucrarea datelor si noi nu le mai putem prelucra pe alte temeiuri legale; (iii) datele sunt prelucrate contrar legii; respectiv (iv) datele trebuie sterse conform legislatiei relevante.<\/p>\r\n<p align=\"LEFT\">d) Retragerea consimtamantului si dreptul de opozitie<\/p>\r\n<p align=\"LEFT\">puteti sa va retrageti oricand consimtamantul cu privire la prelucrarea datelor pe baza de consimtamant. De asemenea va puteti opune oricand prelucrarilor pentru scop de marketing, inclusiv profilarilor efectuate in acest scop, precum si prelucrarilor bazate pe interesul legitim al Societatii, din motive care tin de situatia dvs. specifica.<\/p>\r\n<p align=\"LEFT\">e) Restrictionare<\/p>\r\n<p align=\"LEFT\">in anumite conditii puteti solicita restrictionarea prelucrarii datelor dvs. personale<\/p>\r\n<p align=\"LEFT\">f) Dreptul la portabilitatea datelor<\/p>\r\n<p align=\"LEFT\">in masura in care prelucram datele prin mijloace automate, puteti sa ne solicitati, in conditiile legii, sa furnizam datele dvs. intr-o forma structurata, utilizata frecvent si care poate fi citita in mod automat. Daca ne solicitati acest lucru, putem sa transmitem datele dvs. unei alte entitati, daca este posibil din punct de vedere tehnic.<\/p>\r\n<p align=\"LEFT\">g) Dreptul de a depune o plangerela autoritatea de supraveghere<\/p>\r\n<p align=\"LEFT\">aveti dreptul de a depune o plangere la autoritatea de supraveghere a prelucrarii datelor in cazul in care considerati ca v-au fost incalcate drepturile:Autoritatea Nationala pentru Supravegherea Datelor cu Caracter Personal din Romania<\/p>\r\n<p align=\"LEFT\">B-dul G-ral. Gheorghe Magheru 28-30 Sector 1, cod postal 010336 Bucuresti, Romania<\/p>\r\n<p align=\"LEFT\">anspdcp@dataprotection.ro<\/p>\r\n<p align=\"LEFT\">PENTRU EXERCITAREA DREPTURILOR MENTIONATE MAI SUS, NE PUTETI CONTACTA UTILIZAND DATELE DE CONTACT MENTIONATE LA SECTIUNEA 1 (DATE DE CONTACT).<\/p>\r\n","protected":false},"excerpt":{"rendered":"<p>Societatea prelucreaza o serie de date cu caracter personal ale Utilizatorilor (fie ca sunt sau nu inregistrati) atunci cand utilizeaza&#8230;<\/p>\n","protected":false},"author":7,"featured_media":0,"parent":0,"menu_order":0,"comment_status":"closed","ping_status":"open","template":"","meta":{"footnotes":""},"class_list":["post-2650","page","type-page","status-publish","hentry"],"yoast_head":"<!-- This site is optimized with the Yoast SEO plugin v26.8 - https:\/\/yoast.com\/product\/yoast-seo-wordpress\/ -->\n<title>POLITICA DE CONFIDEN\u0162IALITATE - Retter<\/title>\n<meta name=\"robots\" content=\"index, follow, max-snippet:-1, max-image-preview:large, max-video-preview:-1\" \/>\n<link rel=\"canonical\" href=\"https:\/\/www.rettergroup.com\/de\/politica-de-confidentialitate\/\" \/>\n<meta property=\"og:locale\" content=\"de_DE\" \/>\n<meta property=\"og:type\" content=\"article\" \/>\n<meta property=\"og:title\" content=\"POLITICA DE CONFIDEN\u0162IALITATE - Retter\" \/>\n<meta property=\"og:description\" content=\"Societatea prelucreaza o serie de date cu caracter personal ale Utilizatorilor (fie ca sunt sau nu inregistrati) atunci cand utilizeaza...\" \/>\n<meta property=\"og:url\" content=\"https:\/\/www.rettergroup.com\/de\/politica-de-confidentialitate\/\" \/>\n<meta property=\"og:site_name\" content=\"Retter\" \/>\n<meta property=\"article:modified_time\" content=\"2020-07-13T13:49:25+00:00\" \/>\n<meta name=\"twitter:card\" content=\"summary_large_image\" \/>\n<meta name=\"twitter:label1\" content=\"Gesch\u00e4tzte Lesezeit\" \/>\n\t<meta name=\"twitter:data1\" content=\"9\u00a0Minuten\" \/>\n<script type=\"application\/ld+json\" class=\"yoast-schema-graph\">{\"@context\":\"https:\/\/schema.org\",\"@graph\":[{\"@type\":\"WebPage\",\"@id\":\"https:\/\/www.rettergroup.com\/de\/politica-de-confidentialitate\/\",\"url\":\"https:\/\/www.rettergroup.com\/de\/politica-de-confidentialitate\/\",\"name\":\"POLITICA DE CONFIDEN\u0162IALITATE - Retter\",\"isPartOf\":{\"@id\":\"https:\/\/www.rettergroup.com\/de\/#website\"},\"datePublished\":\"2019-07-24T11:22:04+00:00\",\"dateModified\":\"2020-07-13T13:49:25+00:00\",\"breadcrumb\":{\"@id\":\"https:\/\/www.rettergroup.com\/de\/politica-de-confidentialitate\/#breadcrumb\"},\"inLanguage\":\"de\",\"potentialAction\":[{\"@type\":\"ReadAction\",\"target\":[\"https:\/\/www.rettergroup.com\/de\/politica-de-confidentialitate\/\"]}]},{\"@type\":\"BreadcrumbList\",\"@id\":\"https:\/\/www.rettergroup.com\/de\/politica-de-confidentialitate\/#breadcrumb\",\"itemListElement\":[{\"@type\":\"ListItem\",\"position\":1,\"name\":\"Home\",\"item\":\"https:\/\/www.rettergroup.com\/de\/\"},{\"@type\":\"ListItem\",\"position\":2,\"name\":\"POLITICA DE CONFIDEN\u0162IALITATE\"}]},{\"@type\":\"WebSite\",\"@id\":\"https:\/\/www.rettergroup.com\/de\/#website\",\"url\":\"https:\/\/www.rettergroup.com\/de\/\",\"name\":\"Retter\",\"description\":\"Misiunea noastr\u0103 este calitatea\",\"potentialAction\":[{\"@type\":\"SearchAction\",\"target\":{\"@type\":\"EntryPoint\",\"urlTemplate\":\"https:\/\/www.rettergroup.com\/de\/?s={search_term_string}\"},\"query-input\":{\"@type\":\"PropertyValueSpecification\",\"valueRequired\":true,\"valueName\":\"search_term_string\"}}],\"inLanguage\":\"de\"}]}<\/script>\n<!-- \/ Yoast SEO plugin. -->","yoast_head_json":{"title":"POLITICA DE CONFIDEN\u0162IALITATE - Retter","robots":{"index":"index","follow":"follow","max-snippet":"max-snippet:-1","max-image-preview":"max-image-preview:large","max-video-preview":"max-video-preview:-1"},"canonical":"https:\/\/www.rettergroup.com\/de\/politica-de-confidentialitate\/","og_locale":"de_DE","og_type":"article","og_title":"POLITICA DE CONFIDEN\u0162IALITATE - Retter","og_description":"Societatea prelucreaza o serie de date cu caracter personal ale Utilizatorilor (fie ca sunt sau nu inregistrati) atunci cand utilizeaza...","og_url":"https:\/\/www.rettergroup.com\/de\/politica-de-confidentialitate\/","og_site_name":"Retter","article_modified_time":"2020-07-13T13:49:25+00:00","twitter_card":"summary_large_image","twitter_misc":{"Gesch\u00e4tzte Lesezeit":"9\u00a0Minuten"},"schema":{"@context":"https:\/\/schema.org","@graph":[{"@type":"WebPage","@id":"https:\/\/www.rettergroup.com\/de\/politica-de-confidentialitate\/","url":"https:\/\/www.rettergroup.com\/de\/politica-de-confidentialitate\/","name":"POLITICA DE CONFIDEN\u0162IALITATE - Retter","isPartOf":{"@id":"https:\/\/www.rettergroup.com\/de\/#website"},"datePublished":"2019-07-24T11:22:04+00:00","dateModified":"2020-07-13T13:49:25+00:00","breadcrumb":{"@id":"https:\/\/www.rettergroup.com\/de\/politica-de-confidentialitate\/#breadcrumb"},"inLanguage":"de","potentialAction":[{"@type":"ReadAction","target":["https:\/\/www.rettergroup.com\/de\/politica-de-confidentialitate\/"]}]},{"@type":"BreadcrumbList","@id":"https:\/\/www.rettergroup.com\/de\/politica-de-confidentialitate\/#breadcrumb","itemListElement":[{"@type":"ListItem","position":1,"name":"Home","item":"https:\/\/www.rettergroup.com\/de\/"},{"@type":"ListItem","position":2,"name":"POLITICA DE CONFIDEN\u0162IALITATE"}]},{"@type":"WebSite","@id":"https:\/\/www.rettergroup.com\/de\/#website","url":"https:\/\/www.rettergroup.com\/de\/","name":"Retter","description":"Misiunea noastr\u0103 este calitatea","potentialAction":[{"@type":"SearchAction","target":{"@type":"EntryPoint","urlTemplate":"https:\/\/www.rettergroup.com\/de\/?s={search_term_string}"},"query-input":{"@type":"PropertyValueSpecification","valueRequired":true,"valueName":"search_term_string"}}],"inLanguage":"de"}]}},"_links":{"self":[{"href":"https:\/\/www.rettergroup.com\/de\/wp-json\/wp\/v2\/pages\/2650","targetHints":{"allow":["GET"]}}],"collection":[{"href":"https:\/\/www.rettergroup.com\/de\/wp-json\/wp\/v2\/pages"}],"about":[{"href":"https:\/\/www.rettergroup.com\/de\/wp-json\/wp\/v2\/types\/page"}],"author":[{"embeddable":true,"href":"https:\/\/www.rettergroup.com\/de\/wp-json\/wp\/v2\/users\/7"}],"replies":[{"embeddable":true,"href":"https:\/\/www.rettergroup.com\/de\/wp-json\/wp\/v2\/comments?post=2650"}],"version-history":[{"count":1,"href":"https:\/\/www.rettergroup.com\/de\/wp-json\/wp\/v2\/pages\/2650\/revisions"}],"predecessor-version":[{"id":2702,"href":"https:\/\/www.rettergroup.com\/de\/wp-json\/wp\/v2\/pages\/2650\/revisions\/2702"}],"wp:attachment":[{"href":"https:\/\/www.rettergroup.com\/de\/wp-json\/wp\/v2\/media?parent=2650"}],"curies":[{"name":"wp","href":"https:\/\/api.w.org\/{rel}","templated":true}]}}