{"id":2677,"date":"2019-01-02T08:50:30","date_gmt":"2019-01-02T05:50:30","guid":{"rendered":"http:\/\/www.rettergroup.com\/proiecte-in-derulare\/"},"modified":"2022-05-04T10:22:53","modified_gmt":"2022-05-04T07:22:53","slug":"laufende-projekte","status":"publish","type":"page","link":"https:\/\/www.rettergroup.com\/de\/laufende-projekte\/","title":{"rendered":"Laufende Projekte"},"content":{"rendered":"\t\t<div data-elementor-type=\"wp-post\" data-elementor-id=\"2677\" class=\"elementor elementor-2677 elementor-18\" data-elementor-settings=\"[]\">\n\t\t\t<div class=\"elementor-inner\">\n\t\t\t\t<div class=\"elementor-section-wrap\">\n\t\t\t\t\t\t\t<section class=\"elementor-element elementor-element-427c0fe8 elementor-section-boxed elementor-section-height-default elementor-section-height-default elementor-section elementor-top-section\" data-id=\"427c0fe8\" data-element_type=\"section\" data-settings=\"{&quot;background_background&quot;:&quot;classic&quot;}\">\n\t\t\t\t\t\t\t<div class=\"elementor-background-overlay\"><\/div>\n\t\t\t\t\t\t\t<div class=\"elementor-container elementor-column-gap-no\">\n\t\t\t\t<div class=\"elementor-row\">\n\t\t\t\t<div class=\"elementor-element elementor-element-1e418be4 elementor-column elementor-col-100 elementor-top-column\" data-id=\"1e418be4\" data-element_type=\"column\">\n\t\t\t<div class=\"elementor-column-wrap  elementor-element-populated\">\n\t\t\t\t\t<div class=\"elementor-widget-wrap\">\n\t\t\t\t<section class=\"elementor-element elementor-element-f39ba7a elementor-section-boxed elementor-section-height-default elementor-section-height-default elementor-section elementor-inner-section\" data-id=\"f39ba7a\" data-element_type=\"section\">\n\t\t\t\t\t\t<div class=\"elementor-container elementor-column-gap-default\">\n\t\t\t\t<div class=\"elementor-row\">\n\t\t\t\t<div class=\"elementor-element elementor-element-80aa626 elementor-column elementor-col-33 elementor-inner-column\" data-id=\"80aa626\" data-element_type=\"column\">\n\t\t\t<div class=\"elementor-column-wrap\">\n\t\t\t\t\t<div class=\"elementor-widget-wrap\">\n\t\t\t\t\t\t<\/div>\n\t\t\t<\/div>\n\t\t<\/div>\n\t\t\t\t<div class=\"elementor-element elementor-element-600dc0d5 elementor-column elementor-col-33 elementor-inner-column\" data-id=\"600dc0d5\" data-element_type=\"column\">\n\t\t\t<div class=\"elementor-column-wrap  elementor-element-populated\">\n\t\t\t\t\t<div class=\"elementor-widget-wrap\">\n\t\t\t\t<div class=\"elementor-element elementor-element-398847a4 elementor-widget elementor-widget-spacer\" data-id=\"398847a4\" data-element_type=\"widget\" data-widget_type=\"spacer.default\">\n\t\t\t\t<div class=\"elementor-widget-container\">\n\t\t\t\t\t<div class=\"elementor-spacer\">\n\t\t\t<div class=\"elementor-spacer-inner\"><\/div>\n\t\t<\/div>\n\t\t\t\t<\/div>\n\t\t\t\t<\/div>\n\t\t\t\t<div class=\"elementor-element elementor-element-5af1152b elementor-widget elementor-widget-heading\" data-id=\"5af1152b\" data-element_type=\"widget\" data-widget_type=\"heading.default\">\n\t\t\t\t<div class=\"elementor-widget-container\">\n\t\t\t<h1 class=\"elementor-heading-title elementor-size-default\"><p style=\"margin-left: 0.5in; margin-bottom: 0in\"><span lang=\"ro-RO\">Laufende Projekte<\/span><span style=\"letter-spacing: -0.55px;\"><\/span><\/p><\/h1>\t\t<\/div>\n\t\t\t\t<\/div>\n\t\t\t\t<div class=\"elementor-element elementor-element-64e60cb9 elementor-widget elementor-widget-spacer\" data-id=\"64e60cb9\" data-element_type=\"widget\" data-widget_type=\"spacer.default\">\n\t\t\t\t<div class=\"elementor-widget-container\">\n\t\t\t\t\t<div class=\"elementor-spacer\">\n\t\t\t<div class=\"elementor-spacer-inner\"><\/div>\n\t\t<\/div>\n\t\t\t\t<\/div>\n\t\t\t\t<\/div>\n\t\t\t\t\t\t<\/div>\n\t\t\t<\/div>\n\t\t<\/div>\n\t\t\t\t<div class=\"elementor-element elementor-element-7bf31503 elementor-column elementor-col-33 elementor-inner-column\" data-id=\"7bf31503\" data-element_type=\"column\">\n\t\t\t<div class=\"elementor-column-wrap\">\n\t\t\t\t\t<div class=\"elementor-widget-wrap\">\n\t\t\t\t\t\t<\/div>\n\t\t\t<\/div>\n\t\t<\/div>\n\t\t\t\t\t\t<\/div>\n\t\t\t<\/div>\n\t\t<\/section>\n\t\t\t\t\t\t<\/div>\n\t\t\t<\/div>\n\t\t<\/div>\n\t\t\t\t\t\t<\/div>\n\t\t\t<\/div>\n\t\t<\/section>\n\t\t\t\t<section class=\"elementor-element elementor-element-6c579e0 elementor-section-boxed elementor-section-height-default elementor-section-height-default elementor-section elementor-top-section\" data-id=\"6c579e0\" data-element_type=\"section\">\n\t\t\t\t\t\t<div class=\"elementor-container elementor-column-gap-default\">\n\t\t\t\t<div class=\"elementor-row\">\n\t\t\t\t<div class=\"elementor-element elementor-element-f8063d4 elementor-column elementor-col-100 elementor-top-column\" data-id=\"f8063d4\" data-element_type=\"column\">\n\t\t\t<div class=\"elementor-column-wrap  elementor-element-populated\">\n\t\t\t\t\t<div class=\"elementor-widget-wrap\">\n\t\t\t\t<div class=\"elementor-element elementor-element-d3a6bcc elementor-widget elementor-widget-spacer\" data-id=\"d3a6bcc\" data-element_type=\"widget\" data-widget_type=\"spacer.default\">\n\t\t\t\t<div class=\"elementor-widget-container\">\n\t\t\t\t\t<div class=\"elementor-spacer\">\n\t\t\t<div class=\"elementor-spacer-inner\"><\/div>\n\t\t<\/div>\n\t\t\t\t<\/div>\n\t\t\t\t<\/div>\n\t\t\t\t<div class=\"elementor-element elementor-element-3616d88 elementor-widget elementor-widget-deo-widget-portfolio-title\" data-id=\"3616d88\" data-element_type=\"widget\" data-widget_type=\"deo-widget-portfolio-title.default\">\n\t\t\t\t<div class=\"elementor-widget-container\">\n\t\t\t<div class=\"projects\">\t\t\t\t\t<div class=\"project-1\"> \t\t\t<div class=\"project-1__container\">\r\n\t\t\t\t<div class=\"project__img-holder hover-scale\">\r\n\t\t\t\t\t<a href=\"https:\/\/www.rettergroup.com\/de\/portfolio\/ueberfuehrung-ueber-die-eisenbahn-ersatz-luegenbruecke-blaj\/\">\r\n\t\t\t\t\t\t<img loading=\"lazy\" decoding=\"async\" width=\"722\" height=\"562\" src=\"https:\/\/www.rettergroup.com\/wp-content\/uploads\/2022\/05\/Poza-reprezentativa-722x562.jpeg\" class=\"project__img wp-post-image\" alt=\"\" \/>\t\t\t\t\t<\/a>\r\n\t\t\t\t<\/div>\r\n\t\t\t<\/div>\r\n\t\t\t\t<div class=\"project-1__description-holder\">\r\n\t\t\t<div class=\"project-1__description\">\r\n\t\t\t\t\t\t<h5 class=\"project-1__title\">\r\n\t\t\t\u00dcberf\u00fchrung \u00fcber die Eisenbahn, Ersatz \u201eL\u00fcgenbr\u00fccke\u201c, Blaj\t\t<\/h5>\r\n\t\t<p class=\"project-1__text\">Entwurf und Ausf\u00fchrung \u00dcberf\u00fchrung \u00fcber den CF. Gegenstand dieses Projekts ist die Planung und Ausf\u00fchrung des Investitionsziels Eisenbahn\u00fcberf\u00fchrung, Ersatz der \u201eL\u00fcgenbr\u00fccke\u201c, Gemeinde Blaj. Es geht&hellip;<\/p>\t\t\t\t\t<a href=\"https:\/\/www.rettergroup.com\/de\/portfolio\/ueberfuehrung-ueber-die-eisenbahn-ersatz-luegenbruecke-blaj\/\" class=\"read-more\">\r\n\t\t\t\t\t\t<span class=\"read-more__text\">Lesen Sie mehr<\/span>\r\n\t\t\t\t\t\t<i class=\"ui-arrow-right read-more__icon\"><\/i>\r\n\t\t\t\t\t<\/a>\r\n\t\t\t\t\r\n\t\t\t<\/div>\r\n\t\t<\/div> \t\t\t\t\t<\/div>\r\n\t\t\t   \t\t\t\t\t<div class=\"project-1\"> \t\t\t<div class=\"project-1__container\">\r\n\t\t\t\t<div class=\"project__img-holder hover-scale\">\r\n\t\t\t\t\t<a href=\"https:\/\/www.rettergroup.com\/de\/portfolio\/ausfuehrung-der-arbeiten-autobahn-a7-ploiesti-buzau-los-1-dumbrava-mizil-km-0-000-km-21-000\/\">\r\n\t\t\t\t\t\t<img loading=\"lazy\" decoding=\"async\" width=\"722\" height=\"562\" src=\"https:\/\/www.rettergroup.com\/wp-content\/uploads\/2022\/06\/A7-Poza-principala-722x562.jpg\" class=\"project__img wp-post-image\" alt=\"\" \/>\t\t\t\t\t<\/a>\r\n\t\t\t\t<\/div>\r\n\t\t\t<\/div>\r\n\t\t\t\t<div class=\"project-1__description-holder\">\r\n\t\t\t<div class=\"project-1__description\">\r\n\t\t\t\t\t\t<h5 class=\"project-1__title\">\r\n\t\t\tAusf\u00fchrung der Arbeiten Autobahn A7 Ploie\u0219ti &#8211; Buz\u0103u, Los 1, Dumbrava &#8211; Mizil, km 0 + 000 &#8211; km 21 + 000\t\t<\/h5>\r\n\t\t<p class=\"project-1__text\">Gegenstand dieses Projekts ist die Ausf\u00fchrung von Los 1 der Autobahn Ploie\u0219ti - Buz\u0103u, der zweite unterzeichnete Vertrag von den 13 Losen des gesamten Projekts&hellip;<\/p>\t\t\t\t\t<a href=\"https:\/\/www.rettergroup.com\/de\/portfolio\/ausfuehrung-der-arbeiten-autobahn-a7-ploiesti-buzau-los-1-dumbrava-mizil-km-0-000-km-21-000\/\" class=\"read-more\">\r\n\t\t\t\t\t\t<span class=\"read-more__text\">Lesen Sie mehr<\/span>\r\n\t\t\t\t\t\t<i class=\"ui-arrow-right read-more__icon\"><\/i>\r\n\t\t\t\t\t<\/a>\r\n\t\t\t\t\r\n\t\t\t<\/div>\r\n\t\t<\/div> \t\t\t\t\t<\/div>\r\n\t\t\t   \t\t\t\t\t<div class=\"project-1\"> \t\t\t<div class=\"project-1__container\">\r\n\t\t\t\t<div class=\"project__img-holder hover-scale\">\r\n\t\t\t\t\t<a href=\"https:\/\/www.rettergroup.com\/de\/portfolio\/schallabsorbierende-paneele-kauf-transport-und-installation\/\">\r\n\t\t\t\t\t\t<img loading=\"lazy\" decoding=\"async\" width=\"722\" height=\"562\" src=\"https:\/\/www.rettergroup.com\/wp-content\/uploads\/2022\/05\/Poza-principala_-722x562.jpg\" class=\"project__img wp-post-image\" alt=\"\" \/>\t\t\t\t\t<\/a>\r\n\t\t\t\t<\/div>\r\n\t\t\t<\/div>\r\n\t\t\t\t<div class=\"project-1__description-holder\">\r\n\t\t\t<div class=\"project-1__description\">\r\n\t\t\t\t\t\t<h5 class=\"project-1__title\">\r\n\t\t\tSchallabsorbierende Paneele: Kauf, Transport und Installation\t\t<\/h5>\r\n\t\t<p class=\"project-1__text\">Lieferung und Montage von schallabsorbierenden Paneelen Gegenstand dieses Projekts ist die Beschaffung, Transport und Installation von schallabsorbierenden Paneelen im Rahmen des Projekts \"Umsetzung von Aktionspl\u00e4nen&hellip;<\/p>\t\t\t\t\t<a href=\"https:\/\/www.rettergroup.com\/de\/portfolio\/schallabsorbierende-paneele-kauf-transport-und-installation\/\" class=\"read-more\">\r\n\t\t\t\t\t\t<span class=\"read-more__text\">Lesen Sie mehr<\/span>\r\n\t\t\t\t\t\t<i class=\"ui-arrow-right read-more__icon\"><\/i>\r\n\t\t\t\t\t<\/a>\r\n\t\t\t\t\r\n\t\t\t<\/div>\r\n\t\t<\/div> \t\t\t\t\t<\/div>\r\n\t\t\t   <\/div>\t\t\t<nav class=\"pagination elementor-pagination portfolio-pagination mt-48\">\r\n\t\t\t\t\t\t\t<\/nav>\r\n\r\n\t\t\t\t<\/div>\n\t\t\t\t<\/div>\n\t\t\t\t\t\t<\/div>\n\t\t\t<\/div>\n\t\t<\/div>\n\t\t\t\t\t\t<\/div>\n\t\t\t<\/div>\n\t\t<\/section>\n\t\t\t\t<section class=\"elementor-element elementor-element-240dad3 elementor-section-boxed elementor-section-height-default elementor-section-height-default elementor-section elementor-top-section\" data-id=\"240dad3\" data-element_type=\"section\">\n\t\t\t\t\t\t<div class=\"elementor-container elementor-column-gap-default\">\n\t\t\t\t<div class=\"elementor-row\">\n\t\t\t\t<div class=\"elementor-element elementor-element-98a5b6d elementor-column elementor-col-100 elementor-top-column\" data-id=\"98a5b6d\" data-element_type=\"column\">\n\t\t\t<div class=\"elementor-column-wrap  elementor-element-populated\">\n\t\t\t\t\t<div class=\"elementor-widget-wrap\">\n\t\t\t\t<div class=\"elementor-element elementor-element-bc55080 elementor-widget elementor-widget-spacer\" data-id=\"bc55080\" data-element_type=\"widget\" data-widget_type=\"spacer.default\">\n\t\t\t\t<div class=\"elementor-widget-container\">\n\t\t\t\t\t<div class=\"elementor-spacer\">\n\t\t\t<div class=\"elementor-spacer-inner\"><\/div>\n\t\t<\/div>\n\t\t\t\t<\/div>\n\t\t\t\t<\/div>\n\t\t\t\t\t\t<\/div>\n\t\t\t<\/div>\n\t\t<\/div>\n\t\t\t\t\t\t<\/div>\n\t\t\t<\/div>\n\t\t<\/section>\n\t\t\t\t\t\t<\/div>\n\t\t\t<\/div>\n\t\t<\/div>\n\t\t","protected":false},"excerpt":{"rendered":"<p>Laufende Projekte Overpass over the railway, replacement of the &#8222;Bridge of Lies&#8221;, Blaj Design and execution Overpass over the CF&#8230;<\/p>\n","protected":false},"author":7,"featured_media":0,"parent":0,"menu_order":0,"comment_status":"closed","ping_status":"closed","template":"","meta":{"footnotes":""},"class_list":["post-2677","page","type-page","status-publish","hentry"],"yoast_head":"<!-- This site is optimized with the Yoast SEO plugin v26.8 - https:\/\/yoast.com\/product\/yoast-seo-wordpress\/ -->\n<title>Laufende Projekte - Retter<\/title>\n<meta name=\"robots\" content=\"index, follow, max-snippet:-1, max-image-preview:large, max-video-preview:-1\" \/>\n<link rel=\"canonical\" href=\"https:\/\/www.rettergroup.com\/de\/laufende-projekte\/\" \/>\n<meta property=\"og:locale\" content=\"de_DE\" \/>\n<meta property=\"og:type\" content=\"article\" \/>\n<meta property=\"og:title\" content=\"Laufende Projekte - Retter\" \/>\n<meta property=\"og:description\" content=\"Laufende Projekte Overpass over the railway, replacement of the &#8222;Bridge of Lies&#8221;, Blaj Design and execution Overpass over the CF...\" \/>\n<meta property=\"og:url\" content=\"https:\/\/www.rettergroup.com\/de\/laufende-projekte\/\" \/>\n<meta property=\"og:site_name\" content=\"Retter\" \/>\n<meta property=\"article:modified_time\" content=\"2022-05-04T07:22:53+00:00\" \/>\n<meta property=\"og:image\" content=\"https:\/\/www.rettergroup.com\/wp-content\/uploads\/2022\/05\/Poza-reprezentativa-722x562.jpeg\" \/>\n<meta name=\"twitter:card\" content=\"summary_large_image\" \/>\n<meta name=\"twitter:label1\" content=\"Gesch\u00e4tzte Lesezeit\" \/>\n\t<meta name=\"twitter:data1\" content=\"2\u00a0Minuten\" \/>\n<script type=\"application\/ld+json\" class=\"yoast-schema-graph\">{\"@context\":\"https:\/\/schema.org\",\"@graph\":[{\"@type\":\"WebPage\",\"@id\":\"https:\/\/www.rettergroup.com\/de\/laufende-projekte\/\",\"url\":\"https:\/\/www.rettergroup.com\/de\/laufende-projekte\/\",\"name\":\"Laufende Projekte - Retter\",\"isPartOf\":{\"@id\":\"https:\/\/www.rettergroup.com\/de\/#website\"},\"primaryImageOfPage\":{\"@id\":\"https:\/\/www.rettergroup.com\/de\/laufende-projekte\/#primaryimage\"},\"image\":{\"@id\":\"https:\/\/www.rettergroup.com\/de\/laufende-projekte\/#primaryimage\"},\"thumbnailUrl\":\"https:\/\/www.rettergroup.com\/wp-content\/uploads\/2022\/05\/Poza-reprezentativa-722x562.jpeg\",\"datePublished\":\"2019-01-02T05:50:30+00:00\",\"dateModified\":\"2022-05-04T07:22:53+00:00\",\"breadcrumb\":{\"@id\":\"https:\/\/www.rettergroup.com\/de\/laufende-projekte\/#breadcrumb\"},\"inLanguage\":\"de\",\"potentialAction\":[{\"@type\":\"ReadAction\",\"target\":[\"https:\/\/www.rettergroup.com\/de\/laufende-projekte\/\"]}]},{\"@type\":\"ImageObject\",\"inLanguage\":\"de\",\"@id\":\"https:\/\/www.rettergroup.com\/de\/laufende-projekte\/#primaryimage\",\"url\":\"https:\/\/www.rettergroup.com\/wp-content\/uploads\/2022\/05\/Poza-reprezentativa-722x562.jpeg\",\"contentUrl\":\"https:\/\/www.rettergroup.com\/wp-content\/uploads\/2022\/05\/Poza-reprezentativa-722x562.jpeg\"},{\"@type\":\"BreadcrumbList\",\"@id\":\"https:\/\/www.rettergroup.com\/de\/laufende-projekte\/#breadcrumb\",\"itemListElement\":[{\"@type\":\"ListItem\",\"position\":1,\"name\":\"Home\",\"item\":\"https:\/\/www.rettergroup.com\/de\/\"},{\"@type\":\"ListItem\",\"position\":2,\"name\":\"Laufende Projekte\"}]},{\"@type\":\"WebSite\",\"@id\":\"https:\/\/www.rettergroup.com\/de\/#website\",\"url\":\"https:\/\/www.rettergroup.com\/de\/\",\"name\":\"Retter\",\"description\":\"Misiunea noastr\u0103 este calitatea\",\"potentialAction\":[{\"@type\":\"SearchAction\",\"target\":{\"@type\":\"EntryPoint\",\"urlTemplate\":\"https:\/\/www.rettergroup.com\/de\/?s={search_term_string}\"},\"query-input\":{\"@type\":\"PropertyValueSpecification\",\"valueRequired\":true,\"valueName\":\"search_term_string\"}}],\"inLanguage\":\"de\"}]}<\/script>\n<!-- \/ Yoast SEO plugin. -->","yoast_head_json":{"title":"Laufende Projekte - Retter","robots":{"index":"index","follow":"follow","max-snippet":"max-snippet:-1","max-image-preview":"max-image-preview:large","max-video-preview":"max-video-preview:-1"},"canonical":"https:\/\/www.rettergroup.com\/de\/laufende-projekte\/","og_locale":"de_DE","og_type":"article","og_title":"Laufende Projekte - Retter","og_description":"Laufende Projekte Overpass over the railway, replacement of the &#8222;Bridge of Lies&#8221;, Blaj Design and execution Overpass over the CF...","og_url":"https:\/\/www.rettergroup.com\/de\/laufende-projekte\/","og_site_name":"Retter","article_modified_time":"2022-05-04T07:22:53+00:00","og_image":[{"url":"https:\/\/www.rettergroup.com\/wp-content\/uploads\/2022\/05\/Poza-reprezentativa-722x562.jpeg","type":"","width":"","height":""}],"twitter_card":"summary_large_image","twitter_misc":{"Gesch\u00e4tzte Lesezeit":"2\u00a0Minuten"},"schema":{"@context":"https:\/\/schema.org","@graph":[{"@type":"WebPage","@id":"https:\/\/www.rettergroup.com\/de\/laufende-projekte\/","url":"https:\/\/www.rettergroup.com\/de\/laufende-projekte\/","name":"Laufende Projekte - Retter","isPartOf":{"@id":"https:\/\/www.rettergroup.com\/de\/#website"},"primaryImageOfPage":{"@id":"https:\/\/www.rettergroup.com\/de\/laufende-projekte\/#primaryimage"},"image":{"@id":"https:\/\/www.rettergroup.com\/de\/laufende-projekte\/#primaryimage"},"thumbnailUrl":"https:\/\/www.rettergroup.com\/wp-content\/uploads\/2022\/05\/Poza-reprezentativa-722x562.jpeg","datePublished":"2019-01-02T05:50:30+00:00","dateModified":"2022-05-04T07:22:53+00:00","breadcrumb":{"@id":"https:\/\/www.rettergroup.com\/de\/laufende-projekte\/#breadcrumb"},"inLanguage":"de","potentialAction":[{"@type":"ReadAction","target":["https:\/\/www.rettergroup.com\/de\/laufende-projekte\/"]}]},{"@type":"ImageObject","inLanguage":"de","@id":"https:\/\/www.rettergroup.com\/de\/laufende-projekte\/#primaryimage","url":"https:\/\/www.rettergroup.com\/wp-content\/uploads\/2022\/05\/Poza-reprezentativa-722x562.jpeg","contentUrl":"https:\/\/www.rettergroup.com\/wp-content\/uploads\/2022\/05\/Poza-reprezentativa-722x562.jpeg"},{"@type":"BreadcrumbList","@id":"https:\/\/www.rettergroup.com\/de\/laufende-projekte\/#breadcrumb","itemListElement":[{"@type":"ListItem","position":1,"name":"Home","item":"https:\/\/www.rettergroup.com\/de\/"},{"@type":"ListItem","position":2,"name":"Laufende Projekte"}]},{"@type":"WebSite","@id":"https:\/\/www.rettergroup.com\/de\/#website","url":"https:\/\/www.rettergroup.com\/de\/","name":"Retter","description":"Misiunea noastr\u0103 este calitatea","potentialAction":[{"@type":"SearchAction","target":{"@type":"EntryPoint","urlTemplate":"https:\/\/www.rettergroup.com\/de\/?s={search_term_string}"},"query-input":{"@type":"PropertyValueSpecification","valueRequired":true,"valueName":"search_term_string"}}],"inLanguage":"de"}]}},"_links":{"self":[{"href":"https:\/\/www.rettergroup.com\/de\/wp-json\/wp\/v2\/pages\/2677","targetHints":{"allow":["GET"]}}],"collection":[{"href":"https:\/\/www.rettergroup.com\/de\/wp-json\/wp\/v2\/pages"}],"about":[{"href":"https:\/\/www.rettergroup.com\/de\/wp-json\/wp\/v2\/types\/page"}],"author":[{"embeddable":true,"href":"https:\/\/www.rettergroup.com\/de\/wp-json\/wp\/v2\/users\/7"}],"replies":[{"embeddable":true,"href":"https:\/\/www.rettergroup.com\/de\/wp-json\/wp\/v2\/comments?post=2677"}],"version-history":[{"count":5,"href":"https:\/\/www.rettergroup.com\/de\/wp-json\/wp\/v2\/pages\/2677\/revisions"}],"predecessor-version":[{"id":3639,"href":"https:\/\/www.rettergroup.com\/de\/wp-json\/wp\/v2\/pages\/2677\/revisions\/3639"}],"wp:attachment":[{"href":"https:\/\/www.rettergroup.com\/de\/wp-json\/wp\/v2\/media?parent=2677"}],"curies":[{"name":"wp","href":"https:\/\/api.w.org\/{rel}","templated":true}]}}