{"id":3800,"date":"2022-10-20T13:53:31","date_gmt":"2022-10-20T10:53:31","guid":{"rendered":"https:\/\/www.rettergroup.com\/copy-kika-bucharest-pallady-2\/"},"modified":"2022-10-20T15:22:40","modified_gmt":"2022-10-20T12:22:40","slug":"compass","status":"publish","type":"page","link":"https:\/\/www.rettergroup.com\/de\/compass\/","title":{"rendered":"COMPASS \u2013 ROMANIA (BANAT Business Park)"},"content":{"rendered":"\t\t<div data-elementor-type=\"wp-post\" data-elementor-id=\"3800\" class=\"elementor elementor-3800 elementor-3748\" data-elementor-settings=\"[]\">\n\t\t\t<div class=\"elementor-inner\">\n\t\t\t\t<div class=\"elementor-section-wrap\">\n\t\t\t\t\t\t\t<section class=\"elementor-element elementor-element-40f579e2 elementor-section-boxed elementor-section-height-default elementor-section-height-default elementor-section elementor-top-section\" data-id=\"40f579e2\" data-element_type=\"section\" data-settings=\"{&quot;background_background&quot;:&quot;classic&quot;}\">\n\t\t\t\t\t\t\t<div class=\"elementor-background-overlay\"><\/div>\n\t\t\t\t\t\t\t<div class=\"elementor-container elementor-column-gap-no\">\n\t\t\t\t<div class=\"elementor-row\">\n\t\t\t\t<div class=\"elementor-element elementor-element-2526d509 elementor-column elementor-col-100 elementor-top-column\" data-id=\"2526d509\" data-element_type=\"column\">\n\t\t\t<div class=\"elementor-column-wrap  elementor-element-populated\">\n\t\t\t\t\t<div class=\"elementor-widget-wrap\">\n\t\t\t\t<section class=\"elementor-element elementor-element-58e8377b elementor-section-boxed elementor-section-height-default elementor-section-height-default elementor-section elementor-inner-section\" data-id=\"58e8377b\" data-element_type=\"section\">\n\t\t\t\t\t\t<div class=\"elementor-container elementor-column-gap-default\">\n\t\t\t\t<div class=\"elementor-row\">\n\t\t\t\t<div class=\"elementor-element elementor-element-27c74d55 elementor-column elementor-col-33 elementor-inner-column\" data-id=\"27c74d55\" data-element_type=\"column\">\n\t\t\t<div class=\"elementor-column-wrap\">\n\t\t\t\t\t<div class=\"elementor-widget-wrap\">\n\t\t\t\t\t\t<\/div>\n\t\t\t<\/div>\n\t\t<\/div>\n\t\t\t\t<div class=\"elementor-element elementor-element-979ed34 elementor-column elementor-col-33 elementor-inner-column\" data-id=\"979ed34\" data-element_type=\"column\">\n\t\t\t<div class=\"elementor-column-wrap  elementor-element-populated\">\n\t\t\t\t\t<div class=\"elementor-widget-wrap\">\n\t\t\t\t<div class=\"elementor-element elementor-element-4408d752 elementor-widget elementor-widget-spacer\" data-id=\"4408d752\" data-element_type=\"widget\" data-widget_type=\"spacer.default\">\n\t\t\t\t<div class=\"elementor-widget-container\">\n\t\t\t\t\t<div class=\"elementor-spacer\">\n\t\t\t<div class=\"elementor-spacer-inner\"><\/div>\n\t\t<\/div>\n\t\t\t\t<\/div>\n\t\t\t\t<\/div>\n\t\t\t\t<div class=\"elementor-element elementor-element-3720208f elementor-widget elementor-widget-heading\" data-id=\"3720208f\" data-element_type=\"widget\" data-widget_type=\"heading.default\">\n\t\t\t\t<div class=\"elementor-widget-container\">\n\t\t\t<h1 class=\"elementor-heading-title elementor-size-default\">COMPASS \u2013 RUM\u00c4NIEN (BANAT Business Park)<\/h1>\t\t<\/div>\n\t\t\t\t<\/div>\n\t\t\t\t<div class=\"elementor-element elementor-element-1749bf3f elementor-widget elementor-widget-spacer\" data-id=\"1749bf3f\" data-element_type=\"widget\" data-widget_type=\"spacer.default\">\n\t\t\t\t<div class=\"elementor-widget-container\">\n\t\t\t\t\t<div class=\"elementor-spacer\">\n\t\t\t<div class=\"elementor-spacer-inner\"><\/div>\n\t\t<\/div>\n\t\t\t\t<\/div>\n\t\t\t\t<\/div>\n\t\t\t\t\t\t<\/div>\n\t\t\t<\/div>\n\t\t<\/div>\n\t\t\t\t<div class=\"elementor-element elementor-element-41d8ea9e elementor-column elementor-col-33 elementor-inner-column\" data-id=\"41d8ea9e\" data-element_type=\"column\">\n\t\t\t<div class=\"elementor-column-wrap\">\n\t\t\t\t\t<div class=\"elementor-widget-wrap\">\n\t\t\t\t\t\t<\/div>\n\t\t\t<\/div>\n\t\t<\/div>\n\t\t\t\t\t\t<\/div>\n\t\t\t<\/div>\n\t\t<\/section>\n\t\t\t\t\t\t<\/div>\n\t\t\t<\/div>\n\t\t<\/div>\n\t\t\t\t\t\t<\/div>\n\t\t\t<\/div>\n\t\t<\/section>\n\t\t\t\t<section class=\"elementor-element elementor-element-6582c6b7 elementor-section-boxed elementor-section-height-default elementor-section-height-default elementor-section elementor-top-section\" data-id=\"6582c6b7\" data-element_type=\"section\">\n\t\t\t\t\t\t<div class=\"elementor-container elementor-column-gap-default\">\n\t\t\t\t<div class=\"elementor-row\">\n\t\t\t\t<div class=\"elementor-element elementor-element-556bca54 elementor-column elementor-col-50 elementor-top-column\" data-id=\"556bca54\" data-element_type=\"column\">\n\t\t\t<div class=\"elementor-column-wrap  elementor-element-populated\">\n\t\t\t\t\t<div class=\"elementor-widget-wrap\">\n\t\t\t\t<div class=\"elementor-element elementor-element-1579fdb0 elementor-widget elementor-widget-spacer\" data-id=\"1579fdb0\" data-element_type=\"widget\" data-widget_type=\"spacer.default\">\n\t\t\t\t<div class=\"elementor-widget-container\">\n\t\t\t\t\t<div class=\"elementor-spacer\">\n\t\t\t<div class=\"elementor-spacer-inner\"><\/div>\n\t\t<\/div>\n\t\t\t\t<\/div>\n\t\t\t\t<\/div>\n\t\t\t\t<section class=\"elementor-element elementor-element-66168e1e elementor-section-boxed elementor-section-height-default elementor-section-height-default elementor-section elementor-inner-section\" data-id=\"66168e1e\" data-element_type=\"section\">\n\t\t\t\t\t\t<div class=\"elementor-container elementor-column-gap-default\">\n\t\t\t\t<div class=\"elementor-row\">\n\t\t\t\t<div class=\"elementor-element elementor-element-7bb5c5bc elementor-column elementor-col-100 elementor-inner-column\" data-id=\"7bb5c5bc\" data-element_type=\"column\">\n\t\t\t<div class=\"elementor-column-wrap  elementor-element-populated\">\n\t\t\t\t\t<div class=\"elementor-widget-wrap\">\n\t\t\t\t<div class=\"elementor-element elementor-element-8347173 elementor-widget elementor-widget-heading\" data-id=\"8347173\" data-element_type=\"widget\" data-widget_type=\"heading.default\">\n\t\t\t\t<div class=\"elementor-widget-container\">\n\t\t\t<h2 class=\"elementor-heading-title elementor-size-default\">ALLGEMEINER DATENVERTRAG<\/h2>\t\t<\/div>\n\t\t\t\t<\/div>\n\t\t\t\t<div class=\"elementor-element elementor-element-289e3133 elementor-widget elementor-widget-text-editor\" data-id=\"289e3133\" data-element_type=\"widget\" data-widget_type=\"text-editor.default\">\n\t\t\t\t<div class=\"elementor-widget-container\">\n\t\t\t\t\t<div class=\"elementor-text-editor elementor-clearfix\"><b>Beg\u00fcnstigter:<\/b> B Braun Pharmaceuticals<\/div>\n\t\t\t\t<\/div>\n\t\t\t\t<\/div>\n\t\t\t\t\t\t<\/div>\n\t\t\t<\/div>\n\t\t<\/div>\n\t\t\t\t\t\t<\/div>\n\t\t\t<\/div>\n\t\t<\/section>\n\t\t\t\t<div class=\"elementor-element elementor-element-200be67c elementor-widget elementor-widget-spacer\" data-id=\"200be67c\" data-element_type=\"widget\" data-widget_type=\"spacer.default\">\n\t\t\t\t<div class=\"elementor-widget-container\">\n\t\t\t\t\t<div class=\"elementor-spacer\">\n\t\t\t<div class=\"elementor-spacer-inner\"><\/div>\n\t\t<\/div>\n\t\t\t\t<\/div>\n\t\t\t\t<\/div>\n\t\t\t\t\t\t<\/div>\n\t\t\t<\/div>\n\t\t<\/div>\n\t\t\t\t<div class=\"elementor-element elementor-element-caf2317 elementor-column elementor-col-50 elementor-top-column\" data-id=\"caf2317\" data-element_type=\"column\">\n\t\t\t<div class=\"elementor-column-wrap  elementor-element-populated\">\n\t\t\t\t\t<div class=\"elementor-widget-wrap\">\n\t\t\t\t<div class=\"elementor-element elementor-element-2e27d87 elementor-widget elementor-widget-spacer\" data-id=\"2e27d87\" data-element_type=\"widget\" data-widget_type=\"spacer.default\">\n\t\t\t\t<div class=\"elementor-widget-container\">\n\t\t\t\t\t<div class=\"elementor-spacer\">\n\t\t\t<div class=\"elementor-spacer-inner\"><\/div>\n\t\t<\/div>\n\t\t\t\t<\/div>\n\t\t\t\t<\/div>\n\t\t\t\t<section class=\"elementor-element elementor-element-8d2cced elementor-section-boxed elementor-section-height-default elementor-section-height-default elementor-section elementor-inner-section\" data-id=\"8d2cced\" data-element_type=\"section\">\n\t\t\t\t\t\t<div class=\"elementor-container elementor-column-gap-default\">\n\t\t\t\t<div class=\"elementor-row\">\n\t\t\t\t<div class=\"elementor-element elementor-element-5143c0c elementor-column elementor-col-100 elementor-inner-column\" data-id=\"5143c0c\" data-element_type=\"column\">\n\t\t\t<div class=\"elementor-column-wrap  elementor-element-populated\">\n\t\t\t\t\t<div class=\"elementor-widget-wrap\">\n\t\t\t\t<div class=\"elementor-element elementor-element-c1da99c elementor-widget elementor-widget-heading\" data-id=\"c1da99c\" data-element_type=\"widget\" data-widget_type=\"heading.default\">\n\t\t\t\t<div class=\"elementor-widget-container\">\n\t\t\t<h2 class=\"elementor-heading-title elementor-size-default\">PROJEKT\u00dcBERSICHT<\/h2>\t\t<\/div>\n\t\t\t\t<\/div>\n\t\t\t\t<div class=\"elementor-element elementor-element-64283de elementor-widget elementor-widget-text-editor\" data-id=\"64283de\" data-element_type=\"widget\" data-widget_type=\"text-editor.default\">\n\t\t\t\t<div class=\"elementor-widget-container\">\n\t\t\t\t\t<div class=\"elementor-text-editor elementor-clearfix\"><p><strong>Compass Romania<\/strong> ist die gr\u00f6\u00dfte Greenfield-Investition der B.Braun Pharmaceuticals-Gruppe in Rum\u00e4nien, einem der wichtigsten Anbieter von Medizinprodukten weltweit. Das COMPASS-Projekt (Complex for Production, Administration, Shared Services and Regional Supplies) wird ein regionales Vertriebszentrum, ein Zentrum f\u00fcr Forschung und Entwicklung und wissenschaftliche Dienstleistungen, ein Verwaltungszentrum und eine neue Fabrik f\u00fcr Infusionsl\u00f6sungen umfassen, und unsere Verantwortung besteht darin, den Dienstleistungsstandort sicherzustellen Management, Qualit\u00e4ts\u00fcberwachung gem\u00e4\u00df den Anforderungen des Beg\u00fcnstigten und Projektmanagement.<\/p><\/div>\n\t\t\t\t<\/div>\n\t\t\t\t<\/div>\n\t\t\t\t\t\t<\/div>\n\t\t\t<\/div>\n\t\t<\/div>\n\t\t\t\t\t\t<\/div>\n\t\t\t<\/div>\n\t\t<\/section>\n\t\t\t\t<div class=\"elementor-element elementor-element-1b6f8b7 elementor-widget elementor-widget-spacer\" data-id=\"1b6f8b7\" data-element_type=\"widget\" data-widget_type=\"spacer.default\">\n\t\t\t\t<div class=\"elementor-widget-container\">\n\t\t\t\t\t<div class=\"elementor-spacer\">\n\t\t\t<div class=\"elementor-spacer-inner\"><\/div>\n\t\t<\/div>\n\t\t\t\t<\/div>\n\t\t\t\t<\/div>\n\t\t\t\t\t\t<\/div>\n\t\t\t<\/div>\n\t\t<\/div>\n\t\t\t\t\t\t<\/div>\n\t\t\t<\/div>\n\t\t<\/section>\n\t\t\t\t<section class=\"elementor-element elementor-element-7ba4d24 elementor-section-boxed elementor-section-height-default elementor-section-height-default elementor-section elementor-top-section\" data-id=\"7ba4d24\" data-element_type=\"section\">\n\t\t\t\t\t\t<div class=\"elementor-container elementor-column-gap-default\">\n\t\t\t\t<div class=\"elementor-row\">\n\t\t\t\t<div class=\"elementor-element elementor-element-8b9264f elementor-column elementor-col-50 elementor-top-column\" data-id=\"8b9264f\" data-element_type=\"column\">\n\t\t\t<div class=\"elementor-column-wrap  elementor-element-populated\">\n\t\t\t\t\t<div class=\"elementor-widget-wrap\">\n\t\t\t\t<div class=\"elementor-element elementor-element-836e505 elementor-widget elementor-widget-image\" data-id=\"836e505\" data-element_type=\"widget\" data-widget_type=\"image.default\">\n\t\t\t\t<div class=\"elementor-widget-container\">\n\t\t\t\t\t<div class=\"elementor-image\">\n\t\t\t\t\t\t\t\t\t\t<img loading=\"lazy\" decoding=\"async\" width=\"1024\" height=\"768\" src=\"https:\/\/www.rettergroup.com\/wp-content\/uploads\/2019\/01\/Compass_foto-2-1-1024x768.jpg\" class=\"attachment-large size-large\" alt=\"\" srcset=\"https:\/\/www.rettergroup.com\/wp-content\/uploads\/2019\/01\/Compass_foto-2-1-1024x768.jpg 1024w, https:\/\/www.rettergroup.com\/wp-content\/uploads\/2019\/01\/Compass_foto-2-1-300x225.jpg 300w, https:\/\/www.rettergroup.com\/wp-content\/uploads\/2019\/01\/Compass_foto-2-1-768x576.jpg 768w, https:\/\/www.rettergroup.com\/wp-content\/uploads\/2019\/01\/Compass_foto-2-1-759x569.jpg 759w, https:\/\/www.rettergroup.com\/wp-content\/uploads\/2019\/01\/Compass_foto-2-1-350x263.jpg 350w\" sizes=\"auto, (max-width: 1024px) 100vw, 1024px\" \/>\t\t\t\t\t\t\t\t\t\t\t<\/div>\n\t\t\t\t<\/div>\n\t\t\t\t<\/div>\n\t\t\t\t\t\t<\/div>\n\t\t\t<\/div>\n\t\t<\/div>\n\t\t\t\t<div class=\"elementor-element elementor-element-d456385 elementor-column elementor-col-50 elementor-top-column\" data-id=\"d456385\" data-element_type=\"column\">\n\t\t\t<div class=\"elementor-column-wrap  elementor-element-populated\">\n\t\t\t\t\t<div class=\"elementor-widget-wrap\">\n\t\t\t\t<div class=\"elementor-element elementor-element-5b5771e elementor-widget elementor-widget-image\" data-id=\"5b5771e\" data-element_type=\"widget\" data-widget_type=\"image.default\">\n\t\t\t\t<div class=\"elementor-widget-container\">\n\t\t\t\t\t<div class=\"elementor-image\">\n\t\t\t\t\t\t\t\t\t\t<img loading=\"lazy\" decoding=\"async\" width=\"1024\" height=\"768\" src=\"https:\/\/www.rettergroup.com\/wp-content\/uploads\/2019\/01\/Compass_foto-4-1-1024x768.jpg\" class=\"attachment-large size-large\" alt=\"\" srcset=\"https:\/\/www.rettergroup.com\/wp-content\/uploads\/2019\/01\/Compass_foto-4-1-1024x768.jpg 1024w, https:\/\/www.rettergroup.com\/wp-content\/uploads\/2019\/01\/Compass_foto-4-1-300x225.jpg 300w, https:\/\/www.rettergroup.com\/wp-content\/uploads\/2019\/01\/Compass_foto-4-1-768x576.jpg 768w, https:\/\/www.rettergroup.com\/wp-content\/uploads\/2019\/01\/Compass_foto-4-1-759x569.jpg 759w, https:\/\/www.rettergroup.com\/wp-content\/uploads\/2019\/01\/Compass_foto-4-1-350x263.jpg 350w\" sizes=\"auto, (max-width: 1024px) 100vw, 1024px\" \/>\t\t\t\t\t\t\t\t\t\t\t<\/div>\n\t\t\t\t<\/div>\n\t\t\t\t<\/div>\n\t\t\t\t\t\t<\/div>\n\t\t\t<\/div>\n\t\t<\/div>\n\t\t\t\t\t\t<\/div>\n\t\t\t<\/div>\n\t\t<\/section>\n\t\t\t\t\t\t<\/div>\n\t\t\t<\/div>\n\t\t<\/div>\n\t\t","protected":false},"excerpt":{"rendered":"<p>COMPASS \u2013 RUM\u00c4NIEN (BANAT Business Park) ALLGEMEINER DATENVERTRAG Beg\u00fcnstigter: B Braun Pharmaceuticals PROJEKT\u00dcBERSICHT Compass Romania ist die gr\u00f6\u00dfte Greenfield-Investition der&#8230;<\/p>\n","protected":false},"author":5,"featured_media":0,"parent":0,"menu_order":0,"comment_status":"closed","ping_status":"closed","template":"","meta":{"footnotes":""},"class_list":["post-3800","page","type-page","status-publish","hentry"],"yoast_head":"<!-- This site is optimized with the Yoast SEO plugin v26.8 - https:\/\/yoast.com\/product\/yoast-seo-wordpress\/ -->\n<title>COMPASS \u2013 ROMANIA (BANAT Business Park) - Retter<\/title>\n<meta name=\"robots\" content=\"index, follow, max-snippet:-1, max-image-preview:large, max-video-preview:-1\" \/>\n<link rel=\"canonical\" href=\"https:\/\/www.rettergroup.com\/de\/compass\/\" \/>\n<meta property=\"og:locale\" content=\"de_DE\" \/>\n<meta property=\"og:type\" content=\"article\" \/>\n<meta property=\"og:title\" content=\"COMPASS \u2013 ROMANIA (BANAT Business Park) - Retter\" \/>\n<meta property=\"og:description\" content=\"COMPASS \u2013 RUM\u00c4NIEN (BANAT Business Park) ALLGEMEINER DATENVERTRAG Beg\u00fcnstigter: B Braun Pharmaceuticals PROJEKT\u00dcBERSICHT Compass Romania ist die gr\u00f6\u00dfte Greenfield-Investition der...\" \/>\n<meta property=\"og:url\" content=\"https:\/\/www.rettergroup.com\/de\/compass\/\" \/>\n<meta property=\"og:site_name\" content=\"Retter\" \/>\n<meta property=\"article:modified_time\" content=\"2022-10-20T12:22:40+00:00\" \/>\n<meta property=\"og:image\" content=\"https:\/\/www.rettergroup.com\/wp-content\/uploads\/2019\/01\/Compass_foto-2-1-1024x768.jpg\" \/>\n<meta name=\"twitter:card\" content=\"summary_large_image\" \/>\n<meta name=\"twitter:label1\" content=\"Gesch\u00e4tzte Lesezeit\" \/>\n\t<meta name=\"twitter:data1\" content=\"1\u00a0Minute\" \/>\n<script type=\"application\/ld+json\" class=\"yoast-schema-graph\">{\"@context\":\"https:\/\/schema.org\",\"@graph\":[{\"@type\":\"WebPage\",\"@id\":\"https:\/\/www.rettergroup.com\/de\/compass\/\",\"url\":\"https:\/\/www.rettergroup.com\/de\/compass\/\",\"name\":\"COMPASS \u2013 ROMANIA (BANAT Business Park) - Retter\",\"isPartOf\":{\"@id\":\"https:\/\/www.rettergroup.com\/de\/#website\"},\"primaryImageOfPage\":{\"@id\":\"https:\/\/www.rettergroup.com\/de\/compass\/#primaryimage\"},\"image\":{\"@id\":\"https:\/\/www.rettergroup.com\/de\/compass\/#primaryimage\"},\"thumbnailUrl\":\"https:\/\/www.rettergroup.com\/wp-content\/uploads\/2019\/01\/Compass_foto-2-1-1024x768.jpg\",\"datePublished\":\"2022-10-20T10:53:31+00:00\",\"dateModified\":\"2022-10-20T12:22:40+00:00\",\"breadcrumb\":{\"@id\":\"https:\/\/www.rettergroup.com\/de\/compass\/#breadcrumb\"},\"inLanguage\":\"de\",\"potentialAction\":[{\"@type\":\"ReadAction\",\"target\":[\"https:\/\/www.rettergroup.com\/de\/compass\/\"]}]},{\"@type\":\"ImageObject\",\"inLanguage\":\"de\",\"@id\":\"https:\/\/www.rettergroup.com\/de\/compass\/#primaryimage\",\"url\":\"https:\/\/www.rettergroup.com\/wp-content\/uploads\/2019\/01\/Compass_foto-2-1-1024x768.jpg\",\"contentUrl\":\"https:\/\/www.rettergroup.com\/wp-content\/uploads\/2019\/01\/Compass_foto-2-1-1024x768.jpg\"},{\"@type\":\"BreadcrumbList\",\"@id\":\"https:\/\/www.rettergroup.com\/de\/compass\/#breadcrumb\",\"itemListElement\":[{\"@type\":\"ListItem\",\"position\":1,\"name\":\"Home\",\"item\":\"https:\/\/www.rettergroup.com\/de\/\"},{\"@type\":\"ListItem\",\"position\":2,\"name\":\"COMPASS \u2013 ROMANIA (BANAT Business Park)\"}]},{\"@type\":\"WebSite\",\"@id\":\"https:\/\/www.rettergroup.com\/de\/#website\",\"url\":\"https:\/\/www.rettergroup.com\/de\/\",\"name\":\"Retter\",\"description\":\"Misiunea noastr\u0103 este calitatea\",\"potentialAction\":[{\"@type\":\"SearchAction\",\"target\":{\"@type\":\"EntryPoint\",\"urlTemplate\":\"https:\/\/www.rettergroup.com\/de\/?s={search_term_string}\"},\"query-input\":{\"@type\":\"PropertyValueSpecification\",\"valueRequired\":true,\"valueName\":\"search_term_string\"}}],\"inLanguage\":\"de\"}]}<\/script>\n<!-- \/ Yoast SEO plugin. -->","yoast_head_json":{"title":"COMPASS \u2013 ROMANIA (BANAT Business Park) - Retter","robots":{"index":"index","follow":"follow","max-snippet":"max-snippet:-1","max-image-preview":"max-image-preview:large","max-video-preview":"max-video-preview:-1"},"canonical":"https:\/\/www.rettergroup.com\/de\/compass\/","og_locale":"de_DE","og_type":"article","og_title":"COMPASS \u2013 ROMANIA (BANAT Business Park) - Retter","og_description":"COMPASS \u2013 RUM\u00c4NIEN (BANAT Business Park) ALLGEMEINER DATENVERTRAG Beg\u00fcnstigter: B Braun Pharmaceuticals PROJEKT\u00dcBERSICHT Compass Romania ist die gr\u00f6\u00dfte Greenfield-Investition der...","og_url":"https:\/\/www.rettergroup.com\/de\/compass\/","og_site_name":"Retter","article_modified_time":"2022-10-20T12:22:40+00:00","og_image":[{"url":"https:\/\/www.rettergroup.com\/wp-content\/uploads\/2019\/01\/Compass_foto-2-1-1024x768.jpg","type":"","width":"","height":""}],"twitter_card":"summary_large_image","twitter_misc":{"Gesch\u00e4tzte Lesezeit":"1\u00a0Minute"},"schema":{"@context":"https:\/\/schema.org","@graph":[{"@type":"WebPage","@id":"https:\/\/www.rettergroup.com\/de\/compass\/","url":"https:\/\/www.rettergroup.com\/de\/compass\/","name":"COMPASS \u2013 ROMANIA (BANAT Business Park) - Retter","isPartOf":{"@id":"https:\/\/www.rettergroup.com\/de\/#website"},"primaryImageOfPage":{"@id":"https:\/\/www.rettergroup.com\/de\/compass\/#primaryimage"},"image":{"@id":"https:\/\/www.rettergroup.com\/de\/compass\/#primaryimage"},"thumbnailUrl":"https:\/\/www.rettergroup.com\/wp-content\/uploads\/2019\/01\/Compass_foto-2-1-1024x768.jpg","datePublished":"2022-10-20T10:53:31+00:00","dateModified":"2022-10-20T12:22:40+00:00","breadcrumb":{"@id":"https:\/\/www.rettergroup.com\/de\/compass\/#breadcrumb"},"inLanguage":"de","potentialAction":[{"@type":"ReadAction","target":["https:\/\/www.rettergroup.com\/de\/compass\/"]}]},{"@type":"ImageObject","inLanguage":"de","@id":"https:\/\/www.rettergroup.com\/de\/compass\/#primaryimage","url":"https:\/\/www.rettergroup.com\/wp-content\/uploads\/2019\/01\/Compass_foto-2-1-1024x768.jpg","contentUrl":"https:\/\/www.rettergroup.com\/wp-content\/uploads\/2019\/01\/Compass_foto-2-1-1024x768.jpg"},{"@type":"BreadcrumbList","@id":"https:\/\/www.rettergroup.com\/de\/compass\/#breadcrumb","itemListElement":[{"@type":"ListItem","position":1,"name":"Home","item":"https:\/\/www.rettergroup.com\/de\/"},{"@type":"ListItem","position":2,"name":"COMPASS \u2013 ROMANIA (BANAT Business Park)"}]},{"@type":"WebSite","@id":"https:\/\/www.rettergroup.com\/de\/#website","url":"https:\/\/www.rettergroup.com\/de\/","name":"Retter","description":"Misiunea noastr\u0103 este calitatea","potentialAction":[{"@type":"SearchAction","target":{"@type":"EntryPoint","urlTemplate":"https:\/\/www.rettergroup.com\/de\/?s={search_term_string}"},"query-input":{"@type":"PropertyValueSpecification","valueRequired":true,"valueName":"search_term_string"}}],"inLanguage":"de"}]}},"_links":{"self":[{"href":"https:\/\/www.rettergroup.com\/de\/wp-json\/wp\/v2\/pages\/3800","targetHints":{"allow":["GET"]}}],"collection":[{"href":"https:\/\/www.rettergroup.com\/de\/wp-json\/wp\/v2\/pages"}],"about":[{"href":"https:\/\/www.rettergroup.com\/de\/wp-json\/wp\/v2\/types\/page"}],"author":[{"embeddable":true,"href":"https:\/\/www.rettergroup.com\/de\/wp-json\/wp\/v2\/users\/5"}],"replies":[{"embeddable":true,"href":"https:\/\/www.rettergroup.com\/de\/wp-json\/wp\/v2\/comments?post=3800"}],"version-history":[{"count":2,"href":"https:\/\/www.rettergroup.com\/de\/wp-json\/wp\/v2\/pages\/3800\/revisions"}],"predecessor-version":[{"id":3847,"href":"https:\/\/www.rettergroup.com\/de\/wp-json\/wp\/v2\/pages\/3800\/revisions\/3847"}],"wp:attachment":[{"href":"https:\/\/www.rettergroup.com\/de\/wp-json\/wp\/v2\/media?parent=3800"}],"curies":[{"name":"wp","href":"https:\/\/api.w.org\/{rel}","templated":true}]}}