{"id":3808,"date":"2022-10-20T14:27:25","date_gmt":"2022-10-20T11:27:25","guid":{"rendered":"https:\/\/www.rettergroup.com\/copy-compass-romania-banat-business-park-2\/"},"modified":"2022-10-20T15:25:17","modified_gmt":"2022-10-20T12:25:17","slug":"autostrada-sebes-turda","status":"publish","type":"page","link":"https:\/\/www.rettergroup.com\/de\/autostrada-sebes-turda\/","title":{"rendered":"Proiectare \u0219i execu\u021bie Autostrada Sebe\u0219 -Turda, LOT 2"},"content":{"rendered":"\t\t<div data-elementor-type=\"wp-post\" data-elementor-id=\"3808\" class=\"elementor elementor-3808 elementor-3761\" data-elementor-settings=\"[]\">\n\t\t\t<div class=\"elementor-inner\">\n\t\t\t\t<div class=\"elementor-section-wrap\">\n\t\t\t\t\t\t\t<section class=\"elementor-element elementor-element-40f579e2 elementor-section-boxed elementor-section-height-default elementor-section-height-default elementor-section elementor-top-section\" data-id=\"40f579e2\" data-element_type=\"section\" data-settings=\"{&quot;background_background&quot;:&quot;classic&quot;}\">\n\t\t\t\t\t\t\t<div class=\"elementor-background-overlay\"><\/div>\n\t\t\t\t\t\t\t<div class=\"elementor-container elementor-column-gap-no\">\n\t\t\t\t<div class=\"elementor-row\">\n\t\t\t\t<div class=\"elementor-element elementor-element-2526d509 elementor-column elementor-col-100 elementor-top-column\" data-id=\"2526d509\" data-element_type=\"column\">\n\t\t\t<div class=\"elementor-column-wrap  elementor-element-populated\">\n\t\t\t\t\t<div class=\"elementor-widget-wrap\">\n\t\t\t\t<section class=\"elementor-element elementor-element-58e8377b elementor-section-boxed elementor-section-height-default elementor-section-height-default elementor-section elementor-inner-section\" data-id=\"58e8377b\" data-element_type=\"section\">\n\t\t\t\t\t\t<div class=\"elementor-container elementor-column-gap-default\">\n\t\t\t\t<div class=\"elementor-row\">\n\t\t\t\t<div class=\"elementor-element elementor-element-27c74d55 elementor-column elementor-col-33 elementor-inner-column\" data-id=\"27c74d55\" data-element_type=\"column\">\n\t\t\t<div class=\"elementor-column-wrap\">\n\t\t\t\t\t<div class=\"elementor-widget-wrap\">\n\t\t\t\t\t\t<\/div>\n\t\t\t<\/div>\n\t\t<\/div>\n\t\t\t\t<div class=\"elementor-element elementor-element-979ed34 elementor-column elementor-col-33 elementor-inner-column\" data-id=\"979ed34\" data-element_type=\"column\">\n\t\t\t<div class=\"elementor-column-wrap  elementor-element-populated\">\n\t\t\t\t\t<div class=\"elementor-widget-wrap\">\n\t\t\t\t<div class=\"elementor-element elementor-element-4408d752 elementor-widget elementor-widget-spacer\" data-id=\"4408d752\" data-element_type=\"widget\" data-widget_type=\"spacer.default\">\n\t\t\t\t<div class=\"elementor-widget-container\">\n\t\t\t\t\t<div class=\"elementor-spacer\">\n\t\t\t<div class=\"elementor-spacer-inner\"><\/div>\n\t\t<\/div>\n\t\t\t\t<\/div>\n\t\t\t\t<\/div>\n\t\t\t\t<div class=\"elementor-element elementor-element-3720208f elementor-widget elementor-widget-heading\" data-id=\"3720208f\" data-element_type=\"widget\" data-widget_type=\"heading.default\">\n\t\t\t\t<div class=\"elementor-widget-container\">\n\t\t\t<h1 class=\"elementor-heading-title elementor-size-default\">Planung und Ausf\u00fchrung der Autobahn Sebe\u0219-Turda, LOS 2: km 17+000 \u2013 km 41+250<\/h1>\t\t<\/div>\n\t\t\t\t<\/div>\n\t\t\t\t<div class=\"elementor-element elementor-element-1749bf3f elementor-widget elementor-widget-spacer\" data-id=\"1749bf3f\" data-element_type=\"widget\" data-widget_type=\"spacer.default\">\n\t\t\t\t<div class=\"elementor-widget-container\">\n\t\t\t\t\t<div class=\"elementor-spacer\">\n\t\t\t<div class=\"elementor-spacer-inner\"><\/div>\n\t\t<\/div>\n\t\t\t\t<\/div>\n\t\t\t\t<\/div>\n\t\t\t\t\t\t<\/div>\n\t\t\t<\/div>\n\t\t<\/div>\n\t\t\t\t<div class=\"elementor-element elementor-element-41d8ea9e elementor-column elementor-col-33 elementor-inner-column\" data-id=\"41d8ea9e\" data-element_type=\"column\">\n\t\t\t<div class=\"elementor-column-wrap\">\n\t\t\t\t\t<div class=\"elementor-widget-wrap\">\n\t\t\t\t\t\t<\/div>\n\t\t\t<\/div>\n\t\t<\/div>\n\t\t\t\t\t\t<\/div>\n\t\t\t<\/div>\n\t\t<\/section>\n\t\t\t\t\t\t<\/div>\n\t\t\t<\/div>\n\t\t<\/div>\n\t\t\t\t\t\t<\/div>\n\t\t\t<\/div>\n\t\t<\/section>\n\t\t\t\t<section class=\"elementor-element elementor-element-6582c6b7 elementor-section-boxed elementor-section-height-default elementor-section-height-default elementor-section elementor-top-section\" data-id=\"6582c6b7\" data-element_type=\"section\">\n\t\t\t\t\t\t<div class=\"elementor-container elementor-column-gap-default\">\n\t\t\t\t<div class=\"elementor-row\">\n\t\t\t\t<div class=\"elementor-element elementor-element-556bca54 elementor-column elementor-col-100 elementor-top-column\" data-id=\"556bca54\" data-element_type=\"column\">\n\t\t\t<div class=\"elementor-column-wrap  elementor-element-populated\">\n\t\t\t\t\t<div class=\"elementor-widget-wrap\">\n\t\t\t\t<div class=\"elementor-element elementor-element-1579fdb0 elementor-widget elementor-widget-spacer\" data-id=\"1579fdb0\" data-element_type=\"widget\" data-widget_type=\"spacer.default\">\n\t\t\t\t<div class=\"elementor-widget-container\">\n\t\t\t\t\t<div class=\"elementor-spacer\">\n\t\t\t<div class=\"elementor-spacer-inner\"><\/div>\n\t\t<\/div>\n\t\t\t\t<\/div>\n\t\t\t\t<\/div>\n\t\t\t\t<section class=\"elementor-element elementor-element-66168e1e elementor-section-boxed elementor-section-height-default elementor-section-height-default elementor-section elementor-inner-section\" data-id=\"66168e1e\" data-element_type=\"section\">\n\t\t\t\t\t\t<div class=\"elementor-container elementor-column-gap-default\">\n\t\t\t\t<div class=\"elementor-row\">\n\t\t\t\t<div class=\"elementor-element elementor-element-7bb5c5bc elementor-column elementor-col-100 elementor-inner-column\" data-id=\"7bb5c5bc\" data-element_type=\"column\">\n\t\t\t<div class=\"elementor-column-wrap  elementor-element-populated\">\n\t\t\t\t\t<div class=\"elementor-widget-wrap\">\n\t\t\t\t<div class=\"elementor-element elementor-element-8347173 elementor-widget elementor-widget-heading\" data-id=\"8347173\" data-element_type=\"widget\" data-widget_type=\"heading.default\">\n\t\t\t\t<div class=\"elementor-widget-container\">\n\t\t\t<h2 class=\"elementor-heading-title elementor-size-default\">PROJEKT\u00dcBERSICHT<\/h2>\t\t<\/div>\n\t\t\t\t<\/div>\n\t\t\t\t<div class=\"elementor-element elementor-element-289e3133 elementor-widget elementor-widget-text-editor\" data-id=\"289e3133\" data-element_type=\"widget\" data-widget_type=\"text-editor.default\">\n\t\t\t\t<div class=\"elementor-widget-container\">\n\t\t\t\t\t<div class=\"elementor-text-editor elementor-clearfix\"><p>Dieses Projekt ist eines der Referenzprojekte f\u00fcr unser Unternehmen, wodurch RETTER Projektmanagement zu den Top-Unternehmen im Bereich Br\u00fcckenbau in Rum\u00e4nien geh\u00f6rt. In enger Zusammenarbeit mit der Unternehmensgruppe SSF-RO aus Timi\u0219oara und SSF M\u00fcnchen setzen wir erstmals eine hochmoderne Technologie im Bereich der Stra\u00dfeninfrastruktur ein, die von unserem Unternehmen speziell f\u00fcr Rum\u00e4nien entwickelt wurde.<\/p><p>Gemeinsam mit SSF-RO und SSF Ingenieure AG M\u00fcnchen wurde der Konzept- und Konstruktionsteil dieses neuen Tr\u00e4gertyps entwickelt. Die Metalldecke wird von PAB Romania geliefert und zusammen mit den Firmen Lupp und Bauelemente wurden die Schalung und die eigentliche Produktion der Tr\u00e4ger entwickelt. F\u00fcr den Montageteil der Balken haben wir mit Deme Macarale zusammengearbeitet.<\/p><p>Praktisch wurden die klassischen L\u00f6sungen durch vorgefertigte Tr\u00e4ger mit starrer Au\u00dfenbewehrung VFT-WIB ersetzt, L\u00f6sungen, die sich unter dem Gesichtspunkt der Modularit\u00e4tsvorteile mit einer einfachen, einfachen und schnellen Ausf\u00fchrung als effektiv erwiesen haben.<\/p><p>Die Entwicklung des Autobahnsystems, aber auch anderer Stra\u00dfen in Rum\u00e4nien, gab uns die M\u00f6glichkeit, diesen Sektor durch die innovative Technologie der ersten vorgefertigten Tr\u00e4ger in einer Verbundl\u00f6sung &#8211; in Beton eingebettete Metalltr\u00e4ger unter Verwendung der VFT &#8211; WIB-L\u00f6sung in Rum\u00e4nien, fortgesetzt durch die Reihe von vorgefertigten Betontr\u00e4gern vom Typ BFT und Metalltr\u00e4gern vom Typ VTR\u00ae (deutsch: VerbundTr\u00e4gerRost \u2013 Tr\u00e4gernetz), die einen hohen Qualit\u00e4tsstandard und eine hohe Widerstandsf\u00e4higkeit der Br\u00fccken auf der Autobahn Sebe\u0219-Turda LOT 2 gew\u00e4hrleisten.<\/p><\/div>\n\t\t\t\t<\/div>\n\t\t\t\t<\/div>\n\t\t\t\t\t\t<\/div>\n\t\t\t<\/div>\n\t\t<\/div>\n\t\t\t\t\t\t<\/div>\n\t\t\t<\/div>\n\t\t<\/section>\n\t\t\t\t<div class=\"elementor-element elementor-element-200be67c elementor-widget elementor-widget-spacer\" data-id=\"200be67c\" data-element_type=\"widget\" data-widget_type=\"spacer.default\">\n\t\t\t\t<div class=\"elementor-widget-container\">\n\t\t\t\t\t<div class=\"elementor-spacer\">\n\t\t\t<div class=\"elementor-spacer-inner\"><\/div>\n\t\t<\/div>\n\t\t\t\t<\/div>\n\t\t\t\t<\/div>\n\t\t\t\t\t\t<\/div>\n\t\t\t<\/div>\n\t\t<\/div>\n\t\t\t\t\t\t<\/div>\n\t\t\t<\/div>\n\t\t<\/section>\n\t\t\t\t<section class=\"elementor-element elementor-element-7ba4d24 elementor-section-boxed elementor-section-height-default elementor-section-height-default elementor-section elementor-top-section\" data-id=\"7ba4d24\" data-element_type=\"section\">\n\t\t\t\t\t\t<div class=\"elementor-container elementor-column-gap-default\">\n\t\t\t\t<div class=\"elementor-row\">\n\t\t\t\t<div class=\"elementor-element elementor-element-8b9264f elementor-column elementor-col-50 elementor-top-column\" data-id=\"8b9264f\" data-element_type=\"column\">\n\t\t\t<div class=\"elementor-column-wrap  elementor-element-populated\">\n\t\t\t\t\t<div class=\"elementor-widget-wrap\">\n\t\t\t\t<div class=\"elementor-element elementor-element-836e505 elementor-widget elementor-widget-image\" data-id=\"836e505\" data-element_type=\"widget\" data-widget_type=\"image.default\">\n\t\t\t\t<div class=\"elementor-widget-container\">\n\t\t\t\t\t<div class=\"elementor-image\">\n\t\t\t\t\t\t\t\t\t\t<img loading=\"lazy\" decoding=\"async\" width=\"1024\" height=\"682\" src=\"https:\/\/www.rettergroup.com\/wp-content\/uploads\/2019\/01\/Proiecte-in-derulare-Autostrada-Sebes-Turda-6-1024x682.jpeg\" class=\"attachment-large size-large\" alt=\"\" srcset=\"https:\/\/www.rettergroup.com\/wp-content\/uploads\/2019\/01\/Proiecte-in-derulare-Autostrada-Sebes-Turda-6-1024x682.jpeg 1024w, https:\/\/www.rettergroup.com\/wp-content\/uploads\/2019\/01\/Proiecte-in-derulare-Autostrada-Sebes-Turda-6-300x200.jpeg 300w, https:\/\/www.rettergroup.com\/wp-content\/uploads\/2019\/01\/Proiecte-in-derulare-Autostrada-Sebes-Turda-6-768x512.jpeg 768w, https:\/\/www.rettergroup.com\/wp-content\/uploads\/2019\/01\/Proiecte-in-derulare-Autostrada-Sebes-Turda-6-854x569.jpeg 854w, https:\/\/www.rettergroup.com\/wp-content\/uploads\/2019\/01\/Proiecte-in-derulare-Autostrada-Sebes-Turda-6-350x233.jpeg 350w, https:\/\/www.rettergroup.com\/wp-content\/uploads\/2019\/01\/Proiecte-in-derulare-Autostrada-Sebes-Turda-6.jpeg 1600w\" sizes=\"auto, (max-width: 1024px) 100vw, 1024px\" \/>\t\t\t\t\t\t\t\t\t\t\t<\/div>\n\t\t\t\t<\/div>\n\t\t\t\t<\/div>\n\t\t\t\t\t\t<\/div>\n\t\t\t<\/div>\n\t\t<\/div>\n\t\t\t\t<div class=\"elementor-element elementor-element-d456385 elementor-column elementor-col-50 elementor-top-column\" data-id=\"d456385\" data-element_type=\"column\">\n\t\t\t<div class=\"elementor-column-wrap  elementor-element-populated\">\n\t\t\t\t\t<div class=\"elementor-widget-wrap\">\n\t\t\t\t<div class=\"elementor-element elementor-element-5b5771e elementor-widget elementor-widget-image\" data-id=\"5b5771e\" data-element_type=\"widget\" data-widget_type=\"image.default\">\n\t\t\t\t<div class=\"elementor-widget-container\">\n\t\t\t\t\t<div class=\"elementor-image\">\n\t\t\t\t\t\t\t\t\t\t<img loading=\"lazy\" decoding=\"async\" width=\"1024\" height=\"682\" src=\"https:\/\/www.rettergroup.com\/wp-content\/uploads\/2019\/01\/Proiecte-in-derulare-Autostrada-Sebes-Turda-8-1024x682.jpeg\" class=\"attachment-large size-large\" alt=\"\" srcset=\"https:\/\/www.rettergroup.com\/wp-content\/uploads\/2019\/01\/Proiecte-in-derulare-Autostrada-Sebes-Turda-8-1024x682.jpeg 1024w, https:\/\/www.rettergroup.com\/wp-content\/uploads\/2019\/01\/Proiecte-in-derulare-Autostrada-Sebes-Turda-8-300x200.jpeg 300w, https:\/\/www.rettergroup.com\/wp-content\/uploads\/2019\/01\/Proiecte-in-derulare-Autostrada-Sebes-Turda-8-768x512.jpeg 768w, https:\/\/www.rettergroup.com\/wp-content\/uploads\/2019\/01\/Proiecte-in-derulare-Autostrada-Sebes-Turda-8-854x569.jpeg 854w, https:\/\/www.rettergroup.com\/wp-content\/uploads\/2019\/01\/Proiecte-in-derulare-Autostrada-Sebes-Turda-8-350x233.jpeg 350w, https:\/\/www.rettergroup.com\/wp-content\/uploads\/2019\/01\/Proiecte-in-derulare-Autostrada-Sebes-Turda-8.jpeg 1600w\" sizes=\"auto, (max-width: 1024px) 100vw, 1024px\" \/>\t\t\t\t\t\t\t\t\t\t\t<\/div>\n\t\t\t\t<\/div>\n\t\t\t\t<\/div>\n\t\t\t\t\t\t<\/div>\n\t\t\t<\/div>\n\t\t<\/div>\n\t\t\t\t\t\t<\/div>\n\t\t\t<\/div>\n\t\t<\/section>\n\t\t\t\t\t\t<\/div>\n\t\t\t<\/div>\n\t\t<\/div>\n\t\t","protected":false},"excerpt":{"rendered":"<p>Planung und Ausf\u00fchrung der Autobahn Sebe\u0219-Turda, LOS 2: km 17+000 \u2013 km 41+250 PROJEKT\u00dcBERSICHT Dieses Projekt ist eines der Referenzprojekte&#8230;<\/p>\n","protected":false},"author":5,"featured_media":0,"parent":0,"menu_order":0,"comment_status":"closed","ping_status":"closed","template":"","meta":{"footnotes":""},"class_list":["post-3808","page","type-page","status-publish","hentry"],"yoast_head":"<!-- This site is optimized with the Yoast SEO plugin v26.8 - https:\/\/yoast.com\/product\/yoast-seo-wordpress\/ -->\n<title>Proiectare \u0219i execu\u021bie Autostrada Sebe\u0219 -Turda, LOT 2 - Retter<\/title>\n<meta name=\"robots\" content=\"index, follow, max-snippet:-1, max-image-preview:large, max-video-preview:-1\" \/>\n<link rel=\"canonical\" href=\"https:\/\/www.rettergroup.com\/de\/autostrada-sebes-turda\/\" \/>\n<meta property=\"og:locale\" content=\"de_DE\" \/>\n<meta property=\"og:type\" content=\"article\" \/>\n<meta property=\"og:title\" content=\"Proiectare \u0219i execu\u021bie Autostrada Sebe\u0219 -Turda, LOT 2 - Retter\" \/>\n<meta property=\"og:description\" content=\"Planung und Ausf\u00fchrung der Autobahn Sebe\u0219-Turda, LOS 2: km 17+000 \u2013 km 41+250 PROJEKT\u00dcBERSICHT Dieses Projekt ist eines der Referenzprojekte...\" \/>\n<meta property=\"og:url\" content=\"https:\/\/www.rettergroup.com\/de\/autostrada-sebes-turda\/\" \/>\n<meta property=\"og:site_name\" content=\"Retter\" \/>\n<meta property=\"article:modified_time\" content=\"2022-10-20T12:25:17+00:00\" \/>\n<meta property=\"og:image\" content=\"https:\/\/www.rettergroup.com\/wp-content\/uploads\/2019\/01\/Proiecte-in-derulare-Autostrada-Sebes-Turda-6-1024x682.jpeg\" \/>\n<meta name=\"twitter:card\" content=\"summary_large_image\" \/>\n<meta name=\"twitter:label1\" content=\"Gesch\u00e4tzte Lesezeit\" \/>\n\t<meta name=\"twitter:data1\" content=\"2\u00a0Minuten\" \/>\n<script type=\"application\/ld+json\" class=\"yoast-schema-graph\">{\"@context\":\"https:\/\/schema.org\",\"@graph\":[{\"@type\":\"WebPage\",\"@id\":\"https:\/\/www.rettergroup.com\/de\/autostrada-sebes-turda\/\",\"url\":\"https:\/\/www.rettergroup.com\/de\/autostrada-sebes-turda\/\",\"name\":\"Proiectare \u0219i execu\u021bie Autostrada Sebe\u0219 -Turda, LOT 2 - Retter\",\"isPartOf\":{\"@id\":\"https:\/\/www.rettergroup.com\/de\/#website\"},\"primaryImageOfPage\":{\"@id\":\"https:\/\/www.rettergroup.com\/de\/autostrada-sebes-turda\/#primaryimage\"},\"image\":{\"@id\":\"https:\/\/www.rettergroup.com\/de\/autostrada-sebes-turda\/#primaryimage\"},\"thumbnailUrl\":\"https:\/\/www.rettergroup.com\/wp-content\/uploads\/2019\/01\/Proiecte-in-derulare-Autostrada-Sebes-Turda-6-1024x682.jpeg\",\"datePublished\":\"2022-10-20T11:27:25+00:00\",\"dateModified\":\"2022-10-20T12:25:17+00:00\",\"breadcrumb\":{\"@id\":\"https:\/\/www.rettergroup.com\/de\/autostrada-sebes-turda\/#breadcrumb\"},\"inLanguage\":\"de\",\"potentialAction\":[{\"@type\":\"ReadAction\",\"target\":[\"https:\/\/www.rettergroup.com\/de\/autostrada-sebes-turda\/\"]}]},{\"@type\":\"ImageObject\",\"inLanguage\":\"de\",\"@id\":\"https:\/\/www.rettergroup.com\/de\/autostrada-sebes-turda\/#primaryimage\",\"url\":\"https:\/\/www.rettergroup.com\/wp-content\/uploads\/2019\/01\/Proiecte-in-derulare-Autostrada-Sebes-Turda-6-1024x682.jpeg\",\"contentUrl\":\"https:\/\/www.rettergroup.com\/wp-content\/uploads\/2019\/01\/Proiecte-in-derulare-Autostrada-Sebes-Turda-6-1024x682.jpeg\"},{\"@type\":\"BreadcrumbList\",\"@id\":\"https:\/\/www.rettergroup.com\/de\/autostrada-sebes-turda\/#breadcrumb\",\"itemListElement\":[{\"@type\":\"ListItem\",\"position\":1,\"name\":\"Home\",\"item\":\"https:\/\/www.rettergroup.com\/de\/\"},{\"@type\":\"ListItem\",\"position\":2,\"name\":\"Proiectare \u0219i execu\u021bie Autostrada Sebe\u0219 -Turda, LOT 2\"}]},{\"@type\":\"WebSite\",\"@id\":\"https:\/\/www.rettergroup.com\/de\/#website\",\"url\":\"https:\/\/www.rettergroup.com\/de\/\",\"name\":\"Retter\",\"description\":\"Misiunea noastr\u0103 este calitatea\",\"potentialAction\":[{\"@type\":\"SearchAction\",\"target\":{\"@type\":\"EntryPoint\",\"urlTemplate\":\"https:\/\/www.rettergroup.com\/de\/?s={search_term_string}\"},\"query-input\":{\"@type\":\"PropertyValueSpecification\",\"valueRequired\":true,\"valueName\":\"search_term_string\"}}],\"inLanguage\":\"de\"}]}<\/script>\n<!-- \/ Yoast SEO plugin. -->","yoast_head_json":{"title":"Proiectare \u0219i execu\u021bie Autostrada Sebe\u0219 -Turda, LOT 2 - Retter","robots":{"index":"index","follow":"follow","max-snippet":"max-snippet:-1","max-image-preview":"max-image-preview:large","max-video-preview":"max-video-preview:-1"},"canonical":"https:\/\/www.rettergroup.com\/de\/autostrada-sebes-turda\/","og_locale":"de_DE","og_type":"article","og_title":"Proiectare \u0219i execu\u021bie Autostrada Sebe\u0219 -Turda, LOT 2 - Retter","og_description":"Planung und Ausf\u00fchrung der Autobahn Sebe\u0219-Turda, LOS 2: km 17+000 \u2013 km 41+250 PROJEKT\u00dcBERSICHT Dieses Projekt ist eines der Referenzprojekte...","og_url":"https:\/\/www.rettergroup.com\/de\/autostrada-sebes-turda\/","og_site_name":"Retter","article_modified_time":"2022-10-20T12:25:17+00:00","og_image":[{"url":"https:\/\/www.rettergroup.com\/wp-content\/uploads\/2019\/01\/Proiecte-in-derulare-Autostrada-Sebes-Turda-6-1024x682.jpeg","type":"","width":"","height":""}],"twitter_card":"summary_large_image","twitter_misc":{"Gesch\u00e4tzte Lesezeit":"2\u00a0Minuten"},"schema":{"@context":"https:\/\/schema.org","@graph":[{"@type":"WebPage","@id":"https:\/\/www.rettergroup.com\/de\/autostrada-sebes-turda\/","url":"https:\/\/www.rettergroup.com\/de\/autostrada-sebes-turda\/","name":"Proiectare \u0219i execu\u021bie Autostrada Sebe\u0219 -Turda, LOT 2 - Retter","isPartOf":{"@id":"https:\/\/www.rettergroup.com\/de\/#website"},"primaryImageOfPage":{"@id":"https:\/\/www.rettergroup.com\/de\/autostrada-sebes-turda\/#primaryimage"},"image":{"@id":"https:\/\/www.rettergroup.com\/de\/autostrada-sebes-turda\/#primaryimage"},"thumbnailUrl":"https:\/\/www.rettergroup.com\/wp-content\/uploads\/2019\/01\/Proiecte-in-derulare-Autostrada-Sebes-Turda-6-1024x682.jpeg","datePublished":"2022-10-20T11:27:25+00:00","dateModified":"2022-10-20T12:25:17+00:00","breadcrumb":{"@id":"https:\/\/www.rettergroup.com\/de\/autostrada-sebes-turda\/#breadcrumb"},"inLanguage":"de","potentialAction":[{"@type":"ReadAction","target":["https:\/\/www.rettergroup.com\/de\/autostrada-sebes-turda\/"]}]},{"@type":"ImageObject","inLanguage":"de","@id":"https:\/\/www.rettergroup.com\/de\/autostrada-sebes-turda\/#primaryimage","url":"https:\/\/www.rettergroup.com\/wp-content\/uploads\/2019\/01\/Proiecte-in-derulare-Autostrada-Sebes-Turda-6-1024x682.jpeg","contentUrl":"https:\/\/www.rettergroup.com\/wp-content\/uploads\/2019\/01\/Proiecte-in-derulare-Autostrada-Sebes-Turda-6-1024x682.jpeg"},{"@type":"BreadcrumbList","@id":"https:\/\/www.rettergroup.com\/de\/autostrada-sebes-turda\/#breadcrumb","itemListElement":[{"@type":"ListItem","position":1,"name":"Home","item":"https:\/\/www.rettergroup.com\/de\/"},{"@type":"ListItem","position":2,"name":"Proiectare \u0219i execu\u021bie Autostrada Sebe\u0219 -Turda, LOT 2"}]},{"@type":"WebSite","@id":"https:\/\/www.rettergroup.com\/de\/#website","url":"https:\/\/www.rettergroup.com\/de\/","name":"Retter","description":"Misiunea noastr\u0103 este calitatea","potentialAction":[{"@type":"SearchAction","target":{"@type":"EntryPoint","urlTemplate":"https:\/\/www.rettergroup.com\/de\/?s={search_term_string}"},"query-input":{"@type":"PropertyValueSpecification","valueRequired":true,"valueName":"search_term_string"}}],"inLanguage":"de"}]}},"_links":{"self":[{"href":"https:\/\/www.rettergroup.com\/de\/wp-json\/wp\/v2\/pages\/3808","targetHints":{"allow":["GET"]}}],"collection":[{"href":"https:\/\/www.rettergroup.com\/de\/wp-json\/wp\/v2\/pages"}],"about":[{"href":"https:\/\/www.rettergroup.com\/de\/wp-json\/wp\/v2\/types\/page"}],"author":[{"embeddable":true,"href":"https:\/\/www.rettergroup.com\/de\/wp-json\/wp\/v2\/users\/5"}],"replies":[{"embeddable":true,"href":"https:\/\/www.rettergroup.com\/de\/wp-json\/wp\/v2\/comments?post=3808"}],"version-history":[{"count":2,"href":"https:\/\/www.rettergroup.com\/de\/wp-json\/wp\/v2\/pages\/3808\/revisions"}],"predecessor-version":[{"id":3852,"href":"https:\/\/www.rettergroup.com\/de\/wp-json\/wp\/v2\/pages\/3808\/revisions\/3852"}],"wp:attachment":[{"href":"https:\/\/www.rettergroup.com\/de\/wp-json\/wp\/v2\/media?parent=3808"}],"curies":[{"name":"wp","href":"https:\/\/api.w.org\/{rel}","templated":true}]}}