{"id":3876,"date":"2023-03-09T15:42:23","date_gmt":"2023-03-09T12:42:23","guid":{"rendered":"https:\/\/www.rettergroup.com\/?page_id=3876"},"modified":"2023-03-09T15:50:11","modified_gmt":"2023-03-09T12:50:11","slug":"ueberfuehrung-ueber-die-eisenbahn-ersatz-luegenbruecke-blaj","status":"publish","type":"page","link":"https:\/\/www.rettergroup.com\/de\/ueberfuehrung-ueber-die-eisenbahn-ersatz-luegenbruecke-blaj\/","title":{"rendered":"\u00dcberf\u00fchrung \u00fcber die Eisenbahn, Ersatz \u201eL\u00fcgenbr\u00fccke\u201c, Blaj"},"content":{"rendered":"\t\t<div data-elementor-type=\"wp-post\" data-elementor-id=\"3876\" class=\"elementor elementor-3876 elementor-3875\" data-elementor-settings=\"[]\">\n\t\t\t<div class=\"elementor-inner\">\n\t\t\t\t<div class=\"elementor-section-wrap\">\n\t\t\t\t\t\t\t<section class=\"elementor-element elementor-element-40f579e2 elementor-section-boxed elementor-section-height-default elementor-section-height-default elementor-section elementor-top-section\" data-id=\"40f579e2\" data-element_type=\"section\" data-settings=\"{&quot;background_background&quot;:&quot;classic&quot;}\">\n\t\t\t\t\t\t\t<div class=\"elementor-background-overlay\"><\/div>\n\t\t\t\t\t\t\t<div class=\"elementor-container elementor-column-gap-no\">\n\t\t\t\t<div class=\"elementor-row\">\n\t\t\t\t<div class=\"elementor-element elementor-element-2526d509 elementor-column elementor-col-100 elementor-top-column\" data-id=\"2526d509\" data-element_type=\"column\">\n\t\t\t<div class=\"elementor-column-wrap  elementor-element-populated\">\n\t\t\t\t\t<div class=\"elementor-widget-wrap\">\n\t\t\t\t<section class=\"elementor-element elementor-element-58e8377b elementor-section-boxed elementor-section-height-default elementor-section-height-default elementor-section elementor-inner-section\" data-id=\"58e8377b\" data-element_type=\"section\">\n\t\t\t\t\t\t<div class=\"elementor-container elementor-column-gap-default\">\n\t\t\t\t<div class=\"elementor-row\">\n\t\t\t\t<div class=\"elementor-element elementor-element-27c74d55 elementor-column elementor-col-33 elementor-inner-column\" data-id=\"27c74d55\" data-element_type=\"column\">\n\t\t\t<div class=\"elementor-column-wrap\">\n\t\t\t\t\t<div class=\"elementor-widget-wrap\">\n\t\t\t\t\t\t<\/div>\n\t\t\t<\/div>\n\t\t<\/div>\n\t\t\t\t<div class=\"elementor-element elementor-element-979ed34 elementor-column elementor-col-33 elementor-inner-column\" data-id=\"979ed34\" data-element_type=\"column\">\n\t\t\t<div class=\"elementor-column-wrap  elementor-element-populated\">\n\t\t\t\t\t<div class=\"elementor-widget-wrap\">\n\t\t\t\t<div class=\"elementor-element elementor-element-4408d752 elementor-widget elementor-widget-spacer\" data-id=\"4408d752\" data-element_type=\"widget\" data-widget_type=\"spacer.default\">\n\t\t\t\t<div class=\"elementor-widget-container\">\n\t\t\t\t\t<div class=\"elementor-spacer\">\n\t\t\t<div class=\"elementor-spacer-inner\"><\/div>\n\t\t<\/div>\n\t\t\t\t<\/div>\n\t\t\t\t<\/div>\n\t\t\t\t<div class=\"elementor-element elementor-element-3720208f elementor-widget elementor-widget-heading\" data-id=\"3720208f\" data-element_type=\"widget\" data-widget_type=\"heading.default\">\n\t\t\t\t<div class=\"elementor-widget-container\">\n\t\t\t<h1 class=\"elementor-heading-title elementor-size-default\">\u00dcberf\u00fchrung \u00fcber die Eisenbahn, Ersatz \u201eL\u00fcgenbr\u00fccke\u201c, Blaj<\/h1>\t\t<\/div>\n\t\t\t\t<\/div>\n\t\t\t\t<div class=\"elementor-element elementor-element-1749bf3f elementor-widget elementor-widget-spacer\" data-id=\"1749bf3f\" data-element_type=\"widget\" data-widget_type=\"spacer.default\">\n\t\t\t\t<div class=\"elementor-widget-container\">\n\t\t\t\t\t<div class=\"elementor-spacer\">\n\t\t\t<div class=\"elementor-spacer-inner\"><\/div>\n\t\t<\/div>\n\t\t\t\t<\/div>\n\t\t\t\t<\/div>\n\t\t\t\t\t\t<\/div>\n\t\t\t<\/div>\n\t\t<\/div>\n\t\t\t\t<div class=\"elementor-element elementor-element-41d8ea9e elementor-column elementor-col-33 elementor-inner-column\" data-id=\"41d8ea9e\" data-element_type=\"column\">\n\t\t\t<div class=\"elementor-column-wrap\">\n\t\t\t\t\t<div class=\"elementor-widget-wrap\">\n\t\t\t\t\t\t<\/div>\n\t\t\t<\/div>\n\t\t<\/div>\n\t\t\t\t\t\t<\/div>\n\t\t\t<\/div>\n\t\t<\/section>\n\t\t\t\t\t\t<\/div>\n\t\t\t<\/div>\n\t\t<\/div>\n\t\t\t\t\t\t<\/div>\n\t\t\t<\/div>\n\t\t<\/section>\n\t\t\t\t<section class=\"elementor-element elementor-element-6582c6b7 elementor-section-boxed elementor-section-height-default elementor-section-height-default elementor-section elementor-top-section\" data-id=\"6582c6b7\" data-element_type=\"section\">\n\t\t\t\t\t\t<div class=\"elementor-container elementor-column-gap-default\">\n\t\t\t\t<div class=\"elementor-row\">\n\t\t\t\t<div class=\"elementor-element elementor-element-556bca54 elementor-column elementor-col-100 elementor-top-column\" data-id=\"556bca54\" data-element_type=\"column\">\n\t\t\t<div class=\"elementor-column-wrap  elementor-element-populated\">\n\t\t\t\t\t<div class=\"elementor-widget-wrap\">\n\t\t\t\t<div class=\"elementor-element elementor-element-1579fdb0 elementor-widget elementor-widget-spacer\" data-id=\"1579fdb0\" data-element_type=\"widget\" data-widget_type=\"spacer.default\">\n\t\t\t\t<div class=\"elementor-widget-container\">\n\t\t\t\t\t<div class=\"elementor-spacer\">\n\t\t\t<div class=\"elementor-spacer-inner\"><\/div>\n\t\t<\/div>\n\t\t\t\t<\/div>\n\t\t\t\t<\/div>\n\t\t\t\t<section class=\"elementor-element elementor-element-66168e1e elementor-section-boxed elementor-section-height-default elementor-section-height-default elementor-section elementor-inner-section\" data-id=\"66168e1e\" data-element_type=\"section\">\n\t\t\t\t\t\t<div class=\"elementor-container elementor-column-gap-default\">\n\t\t\t\t<div class=\"elementor-row\">\n\t\t\t\t<div class=\"elementor-element elementor-element-7bb5c5bc elementor-column elementor-col-100 elementor-inner-column\" data-id=\"7bb5c5bc\" data-element_type=\"column\">\n\t\t\t<div class=\"elementor-column-wrap  elementor-element-populated\">\n\t\t\t\t\t<div class=\"elementor-widget-wrap\">\n\t\t\t\t<div class=\"elementor-element elementor-element-8347173 elementor-widget elementor-widget-heading\" data-id=\"8347173\" data-element_type=\"widget\" data-widget_type=\"heading.default\">\n\t\t\t\t<div class=\"elementor-widget-container\">\n\t\t\t<h2 class=\"elementor-heading-title elementor-size-default\">PROJEKT\u00dcBERSICHT<\/h2>\t\t<\/div>\n\t\t\t\t<\/div>\n\t\t\t\t<div class=\"elementor-element elementor-element-289e3133 elementor-widget elementor-widget-text-editor\" data-id=\"289e3133\" data-element_type=\"widget\" data-widget_type=\"text-editor.default\">\n\t\t\t\t<div class=\"elementor-widget-container\">\n\t\t\t\t\t<div class=\"elementor-text-editor elementor-clearfix\"><p>Gegenstand dieses Projekts ist die Planung und Ausf\u00fchrung des Investitionsziels Eisenbahn\u00fcberf\u00fchrung, Ersatz der \u201eL\u00fcgenbr\u00fccke\u201c, Gemeinde Blaj.<\/p><p>Es geht um den Abriss einer alten Br\u00fccke im Zentrum der Gemeinde Blaj und den Bau einer neuen mit 5 Fahrspuren und 2 Fahrspuren f\u00fcr den Fu\u00dfg\u00e4ngerverkehr (\u00fcberdachte und beheizte Gehwege). Die neue Br\u00fccke wird eine der spektakul\u00e4rsten Konstruktionen in Rum\u00e4nien sein, mit zeitgem\u00e4\u00dfen architektonischen L\u00f6sungen, aber unter Ber\u00fccksichtigung des bestehenden Erbes in der Region.<\/p><p>Der Wert der Investition, des technischen Projekts und der Ausf\u00fchrung der Arbeiten betr\u00e4gt 11.749.709,85 Lei (ohne MwSt.).<\/p><\/div>\n\t\t\t\t<\/div>\n\t\t\t\t<\/div>\n\t\t\t\t\t\t<\/div>\n\t\t\t<\/div>\n\t\t<\/div>\n\t\t\t\t\t\t<\/div>\n\t\t\t<\/div>\n\t\t<\/section>\n\t\t\t\t<div class=\"elementor-element elementor-element-200be67c elementor-widget elementor-widget-spacer\" data-id=\"200be67c\" data-element_type=\"widget\" data-widget_type=\"spacer.default\">\n\t\t\t\t<div class=\"elementor-widget-container\">\n\t\t\t\t\t<div class=\"elementor-spacer\">\n\t\t\t<div class=\"elementor-spacer-inner\"><\/div>\n\t\t<\/div>\n\t\t\t\t<\/div>\n\t\t\t\t<\/div>\n\t\t\t\t\t\t<\/div>\n\t\t\t<\/div>\n\t\t<\/div>\n\t\t\t\t\t\t<\/div>\n\t\t\t<\/div>\n\t\t<\/section>\n\t\t\t\t<section class=\"elementor-element elementor-element-7ba4d24 elementor-section-boxed elementor-section-height-default elementor-section-height-default elementor-section elementor-top-section\" data-id=\"7ba4d24\" data-element_type=\"section\">\n\t\t\t\t\t\t<div class=\"elementor-container elementor-column-gap-default\">\n\t\t\t\t<div class=\"elementor-row\">\n\t\t\t\t<div class=\"elementor-element elementor-element-8b9264f elementor-column elementor-col-50 elementor-top-column\" data-id=\"8b9264f\" data-element_type=\"column\">\n\t\t\t<div class=\"elementor-column-wrap  elementor-element-populated\">\n\t\t\t\t\t<div class=\"elementor-widget-wrap\">\n\t\t\t\t<div class=\"elementor-element elementor-element-836e505 elementor-widget elementor-widget-image\" data-id=\"836e505\" data-element_type=\"widget\" data-widget_type=\"image.default\">\n\t\t\t\t<div class=\"elementor-widget-container\">\n\t\t\t\t\t<div class=\"elementor-image\">\n\t\t\t\t\t\t\t\t\t\t<img loading=\"lazy\" decoding=\"async\" width=\"1024\" height=\"682\" src=\"https:\/\/www.rettergroup.com\/wp-content\/uploads\/2019\/01\/Proiecte-in-derulare-Autostrada-Sebes-Turda-6-1024x682.jpeg\" class=\"attachment-large size-large\" alt=\"\" srcset=\"https:\/\/www.rettergroup.com\/wp-content\/uploads\/2019\/01\/Proiecte-in-derulare-Autostrada-Sebes-Turda-6-1024x682.jpeg 1024w, https:\/\/www.rettergroup.com\/wp-content\/uploads\/2019\/01\/Proiecte-in-derulare-Autostrada-Sebes-Turda-6-300x200.jpeg 300w, https:\/\/www.rettergroup.com\/wp-content\/uploads\/2019\/01\/Proiecte-in-derulare-Autostrada-Sebes-Turda-6-768x512.jpeg 768w, https:\/\/www.rettergroup.com\/wp-content\/uploads\/2019\/01\/Proiecte-in-derulare-Autostrada-Sebes-Turda-6-854x569.jpeg 854w, https:\/\/www.rettergroup.com\/wp-content\/uploads\/2019\/01\/Proiecte-in-derulare-Autostrada-Sebes-Turda-6-350x233.jpeg 350w, https:\/\/www.rettergroup.com\/wp-content\/uploads\/2019\/01\/Proiecte-in-derulare-Autostrada-Sebes-Turda-6.jpeg 1600w\" sizes=\"auto, (max-width: 1024px) 100vw, 1024px\" \/>\t\t\t\t\t\t\t\t\t\t\t<\/div>\n\t\t\t\t<\/div>\n\t\t\t\t<\/div>\n\t\t\t\t\t\t<\/div>\n\t\t\t<\/div>\n\t\t<\/div>\n\t\t\t\t<div class=\"elementor-element elementor-element-d456385 elementor-column elementor-col-50 elementor-top-column\" data-id=\"d456385\" data-element_type=\"column\">\n\t\t\t<div class=\"elementor-column-wrap  elementor-element-populated\">\n\t\t\t\t\t<div class=\"elementor-widget-wrap\">\n\t\t\t\t<div class=\"elementor-element elementor-element-5b5771e elementor-widget elementor-widget-image\" data-id=\"5b5771e\" data-element_type=\"widget\" data-widget_type=\"image.default\">\n\t\t\t\t<div class=\"elementor-widget-container\">\n\t\t\t\t\t<div class=\"elementor-image\">\n\t\t\t\t\t\t\t\t\t\t<img loading=\"lazy\" decoding=\"async\" width=\"1024\" height=\"682\" src=\"https:\/\/www.rettergroup.com\/wp-content\/uploads\/2019\/01\/Proiecte-in-derulare-Autostrada-Sebes-Turda-8-1024x682.jpeg\" class=\"attachment-large size-large\" alt=\"\" srcset=\"https:\/\/www.rettergroup.com\/wp-content\/uploads\/2019\/01\/Proiecte-in-derulare-Autostrada-Sebes-Turda-8-1024x682.jpeg 1024w, https:\/\/www.rettergroup.com\/wp-content\/uploads\/2019\/01\/Proiecte-in-derulare-Autostrada-Sebes-Turda-8-300x200.jpeg 300w, https:\/\/www.rettergroup.com\/wp-content\/uploads\/2019\/01\/Proiecte-in-derulare-Autostrada-Sebes-Turda-8-768x512.jpeg 768w, https:\/\/www.rettergroup.com\/wp-content\/uploads\/2019\/01\/Proiecte-in-derulare-Autostrada-Sebes-Turda-8-854x569.jpeg 854w, https:\/\/www.rettergroup.com\/wp-content\/uploads\/2019\/01\/Proiecte-in-derulare-Autostrada-Sebes-Turda-8-350x233.jpeg 350w, https:\/\/www.rettergroup.com\/wp-content\/uploads\/2019\/01\/Proiecte-in-derulare-Autostrada-Sebes-Turda-8.jpeg 1600w\" sizes=\"auto, (max-width: 1024px) 100vw, 1024px\" \/>\t\t\t\t\t\t\t\t\t\t\t<\/div>\n\t\t\t\t<\/div>\n\t\t\t\t<\/div>\n\t\t\t\t\t\t<\/div>\n\t\t\t<\/div>\n\t\t<\/div>\n\t\t\t\t\t\t<\/div>\n\t\t\t<\/div>\n\t\t<\/section>\n\t\t\t\t\t\t<\/div>\n\t\t\t<\/div>\n\t\t<\/div>\n\t\t","protected":false},"excerpt":{"rendered":"<p>\u00dcberf\u00fchrung \u00fcber die Eisenbahn, Ersatz \u201eL\u00fcgenbr\u00fccke\u201c, Blaj PROJEKT\u00dcBERSICHT Gegenstand dieses Projekts ist die Planung und Ausf\u00fchrung des Investitionsziels Eisenbahn\u00fcberf\u00fchrung, Ersatz&#8230;<\/p>\n","protected":false},"author":5,"featured_media":0,"parent":0,"menu_order":0,"comment_status":"closed","ping_status":"closed","template":"","meta":{"footnotes":""},"class_list":["post-3876","page","type-page","status-publish","hentry"],"yoast_head":"<!-- This site is optimized with the Yoast SEO plugin v26.8 - https:\/\/yoast.com\/product\/yoast-seo-wordpress\/ -->\n<title>\u00dcberf\u00fchrung \u00fcber die Eisenbahn, Ersatz \u201eL\u00fcgenbr\u00fccke\u201c, Blaj - Retter<\/title>\n<meta name=\"robots\" content=\"index, follow, max-snippet:-1, max-image-preview:large, max-video-preview:-1\" \/>\n<link rel=\"canonical\" href=\"https:\/\/www.rettergroup.com\/de\/ueberfuehrung-ueber-die-eisenbahn-ersatz-luegenbruecke-blaj\/\" \/>\n<meta property=\"og:locale\" content=\"de_DE\" \/>\n<meta property=\"og:type\" content=\"article\" \/>\n<meta property=\"og:title\" content=\"\u00dcberf\u00fchrung \u00fcber die Eisenbahn, Ersatz \u201eL\u00fcgenbr\u00fccke\u201c, Blaj - Retter\" \/>\n<meta property=\"og:description\" content=\"\u00dcberf\u00fchrung \u00fcber die Eisenbahn, Ersatz \u201eL\u00fcgenbr\u00fccke\u201c, Blaj PROJEKT\u00dcBERSICHT Gegenstand dieses Projekts ist die Planung und Ausf\u00fchrung des Investitionsziels Eisenbahn\u00fcberf\u00fchrung, Ersatz...\" \/>\n<meta property=\"og:url\" content=\"https:\/\/www.rettergroup.com\/de\/ueberfuehrung-ueber-die-eisenbahn-ersatz-luegenbruecke-blaj\/\" \/>\n<meta property=\"og:site_name\" content=\"Retter\" \/>\n<meta property=\"article:modified_time\" content=\"2023-03-09T12:50:11+00:00\" \/>\n<meta property=\"og:image\" content=\"https:\/\/www.rettergroup.com\/wp-content\/uploads\/2019\/01\/Proiecte-in-derulare-Autostrada-Sebes-Turda-6-1024x682.jpeg\" \/>\n<meta name=\"twitter:card\" content=\"summary_large_image\" \/>\n<meta name=\"twitter:label1\" content=\"Gesch\u00e4tzte Lesezeit\" \/>\n\t<meta name=\"twitter:data1\" content=\"1\u00a0Minute\" \/>\n<script type=\"application\/ld+json\" class=\"yoast-schema-graph\">{\"@context\":\"https:\/\/schema.org\",\"@graph\":[{\"@type\":\"WebPage\",\"@id\":\"https:\/\/www.rettergroup.com\/de\/ueberfuehrung-ueber-die-eisenbahn-ersatz-luegenbruecke-blaj\/\",\"url\":\"https:\/\/www.rettergroup.com\/de\/ueberfuehrung-ueber-die-eisenbahn-ersatz-luegenbruecke-blaj\/\",\"name\":\"\u00dcberf\u00fchrung \u00fcber die Eisenbahn, Ersatz \u201eL\u00fcgenbr\u00fccke\u201c, Blaj - Retter\",\"isPartOf\":{\"@id\":\"https:\/\/www.rettergroup.com\/de\/#website\"},\"primaryImageOfPage\":{\"@id\":\"https:\/\/www.rettergroup.com\/de\/ueberfuehrung-ueber-die-eisenbahn-ersatz-luegenbruecke-blaj\/#primaryimage\"},\"image\":{\"@id\":\"https:\/\/www.rettergroup.com\/de\/ueberfuehrung-ueber-die-eisenbahn-ersatz-luegenbruecke-blaj\/#primaryimage\"},\"thumbnailUrl\":\"https:\/\/www.rettergroup.com\/wp-content\/uploads\/2019\/01\/Proiecte-in-derulare-Autostrada-Sebes-Turda-6-1024x682.jpeg\",\"datePublished\":\"2023-03-09T12:42:23+00:00\",\"dateModified\":\"2023-03-09T12:50:11+00:00\",\"breadcrumb\":{\"@id\":\"https:\/\/www.rettergroup.com\/de\/ueberfuehrung-ueber-die-eisenbahn-ersatz-luegenbruecke-blaj\/#breadcrumb\"},\"inLanguage\":\"de\",\"potentialAction\":[{\"@type\":\"ReadAction\",\"target\":[\"https:\/\/www.rettergroup.com\/de\/ueberfuehrung-ueber-die-eisenbahn-ersatz-luegenbruecke-blaj\/\"]}]},{\"@type\":\"ImageObject\",\"inLanguage\":\"de\",\"@id\":\"https:\/\/www.rettergroup.com\/de\/ueberfuehrung-ueber-die-eisenbahn-ersatz-luegenbruecke-blaj\/#primaryimage\",\"url\":\"https:\/\/www.rettergroup.com\/wp-content\/uploads\/2019\/01\/Proiecte-in-derulare-Autostrada-Sebes-Turda-6-1024x682.jpeg\",\"contentUrl\":\"https:\/\/www.rettergroup.com\/wp-content\/uploads\/2019\/01\/Proiecte-in-derulare-Autostrada-Sebes-Turda-6-1024x682.jpeg\"},{\"@type\":\"BreadcrumbList\",\"@id\":\"https:\/\/www.rettergroup.com\/de\/ueberfuehrung-ueber-die-eisenbahn-ersatz-luegenbruecke-blaj\/#breadcrumb\",\"itemListElement\":[{\"@type\":\"ListItem\",\"position\":1,\"name\":\"Home\",\"item\":\"https:\/\/www.rettergroup.com\/de\/\"},{\"@type\":\"ListItem\",\"position\":2,\"name\":\"\u00dcberf\u00fchrung \u00fcber die Eisenbahn, Ersatz \u201eL\u00fcgenbr\u00fccke\u201c, Blaj\"}]},{\"@type\":\"WebSite\",\"@id\":\"https:\/\/www.rettergroup.com\/de\/#website\",\"url\":\"https:\/\/www.rettergroup.com\/de\/\",\"name\":\"Retter\",\"description\":\"Misiunea noastr\u0103 este calitatea\",\"potentialAction\":[{\"@type\":\"SearchAction\",\"target\":{\"@type\":\"EntryPoint\",\"urlTemplate\":\"https:\/\/www.rettergroup.com\/de\/?s={search_term_string}\"},\"query-input\":{\"@type\":\"PropertyValueSpecification\",\"valueRequired\":true,\"valueName\":\"search_term_string\"}}],\"inLanguage\":\"de\"}]}<\/script>\n<!-- \/ Yoast SEO plugin. -->","yoast_head_json":{"title":"\u00dcberf\u00fchrung \u00fcber die Eisenbahn, Ersatz \u201eL\u00fcgenbr\u00fccke\u201c, Blaj - Retter","robots":{"index":"index","follow":"follow","max-snippet":"max-snippet:-1","max-image-preview":"max-image-preview:large","max-video-preview":"max-video-preview:-1"},"canonical":"https:\/\/www.rettergroup.com\/de\/ueberfuehrung-ueber-die-eisenbahn-ersatz-luegenbruecke-blaj\/","og_locale":"de_DE","og_type":"article","og_title":"\u00dcberf\u00fchrung \u00fcber die Eisenbahn, Ersatz \u201eL\u00fcgenbr\u00fccke\u201c, Blaj - Retter","og_description":"\u00dcberf\u00fchrung \u00fcber die Eisenbahn, Ersatz \u201eL\u00fcgenbr\u00fccke\u201c, Blaj PROJEKT\u00dcBERSICHT Gegenstand dieses Projekts ist die Planung und Ausf\u00fchrung des Investitionsziels Eisenbahn\u00fcberf\u00fchrung, Ersatz...","og_url":"https:\/\/www.rettergroup.com\/de\/ueberfuehrung-ueber-die-eisenbahn-ersatz-luegenbruecke-blaj\/","og_site_name":"Retter","article_modified_time":"2023-03-09T12:50:11+00:00","og_image":[{"url":"https:\/\/www.rettergroup.com\/wp-content\/uploads\/2019\/01\/Proiecte-in-derulare-Autostrada-Sebes-Turda-6-1024x682.jpeg","type":"","width":"","height":""}],"twitter_card":"summary_large_image","twitter_misc":{"Gesch\u00e4tzte Lesezeit":"1\u00a0Minute"},"schema":{"@context":"https:\/\/schema.org","@graph":[{"@type":"WebPage","@id":"https:\/\/www.rettergroup.com\/de\/ueberfuehrung-ueber-die-eisenbahn-ersatz-luegenbruecke-blaj\/","url":"https:\/\/www.rettergroup.com\/de\/ueberfuehrung-ueber-die-eisenbahn-ersatz-luegenbruecke-blaj\/","name":"\u00dcberf\u00fchrung \u00fcber die Eisenbahn, Ersatz \u201eL\u00fcgenbr\u00fccke\u201c, Blaj - Retter","isPartOf":{"@id":"https:\/\/www.rettergroup.com\/de\/#website"},"primaryImageOfPage":{"@id":"https:\/\/www.rettergroup.com\/de\/ueberfuehrung-ueber-die-eisenbahn-ersatz-luegenbruecke-blaj\/#primaryimage"},"image":{"@id":"https:\/\/www.rettergroup.com\/de\/ueberfuehrung-ueber-die-eisenbahn-ersatz-luegenbruecke-blaj\/#primaryimage"},"thumbnailUrl":"https:\/\/www.rettergroup.com\/wp-content\/uploads\/2019\/01\/Proiecte-in-derulare-Autostrada-Sebes-Turda-6-1024x682.jpeg","datePublished":"2023-03-09T12:42:23+00:00","dateModified":"2023-03-09T12:50:11+00:00","breadcrumb":{"@id":"https:\/\/www.rettergroup.com\/de\/ueberfuehrung-ueber-die-eisenbahn-ersatz-luegenbruecke-blaj\/#breadcrumb"},"inLanguage":"de","potentialAction":[{"@type":"ReadAction","target":["https:\/\/www.rettergroup.com\/de\/ueberfuehrung-ueber-die-eisenbahn-ersatz-luegenbruecke-blaj\/"]}]},{"@type":"ImageObject","inLanguage":"de","@id":"https:\/\/www.rettergroup.com\/de\/ueberfuehrung-ueber-die-eisenbahn-ersatz-luegenbruecke-blaj\/#primaryimage","url":"https:\/\/www.rettergroup.com\/wp-content\/uploads\/2019\/01\/Proiecte-in-derulare-Autostrada-Sebes-Turda-6-1024x682.jpeg","contentUrl":"https:\/\/www.rettergroup.com\/wp-content\/uploads\/2019\/01\/Proiecte-in-derulare-Autostrada-Sebes-Turda-6-1024x682.jpeg"},{"@type":"BreadcrumbList","@id":"https:\/\/www.rettergroup.com\/de\/ueberfuehrung-ueber-die-eisenbahn-ersatz-luegenbruecke-blaj\/#breadcrumb","itemListElement":[{"@type":"ListItem","position":1,"name":"Home","item":"https:\/\/www.rettergroup.com\/de\/"},{"@type":"ListItem","position":2,"name":"\u00dcberf\u00fchrung \u00fcber die Eisenbahn, Ersatz \u201eL\u00fcgenbr\u00fccke\u201c, Blaj"}]},{"@type":"WebSite","@id":"https:\/\/www.rettergroup.com\/de\/#website","url":"https:\/\/www.rettergroup.com\/de\/","name":"Retter","description":"Misiunea noastr\u0103 este calitatea","potentialAction":[{"@type":"SearchAction","target":{"@type":"EntryPoint","urlTemplate":"https:\/\/www.rettergroup.com\/de\/?s={search_term_string}"},"query-input":{"@type":"PropertyValueSpecification","valueRequired":true,"valueName":"search_term_string"}}],"inLanguage":"de"}]}},"_links":{"self":[{"href":"https:\/\/www.rettergroup.com\/de\/wp-json\/wp\/v2\/pages\/3876","targetHints":{"allow":["GET"]}}],"collection":[{"href":"https:\/\/www.rettergroup.com\/de\/wp-json\/wp\/v2\/pages"}],"about":[{"href":"https:\/\/www.rettergroup.com\/de\/wp-json\/wp\/v2\/types\/page"}],"author":[{"embeddable":true,"href":"https:\/\/www.rettergroup.com\/de\/wp-json\/wp\/v2\/users\/5"}],"replies":[{"embeddable":true,"href":"https:\/\/www.rettergroup.com\/de\/wp-json\/wp\/v2\/comments?post=3876"}],"version-history":[{"count":5,"href":"https:\/\/www.rettergroup.com\/de\/wp-json\/wp\/v2\/pages\/3876\/revisions"}],"predecessor-version":[{"id":3895,"href":"https:\/\/www.rettergroup.com\/de\/wp-json\/wp\/v2\/pages\/3876\/revisions\/3895"}],"wp:attachment":[{"href":"https:\/\/www.rettergroup.com\/de\/wp-json\/wp\/v2\/media?parent=3876"}],"curies":[{"name":"wp","href":"https:\/\/api.w.org\/{rel}","templated":true}]}}